{"id":1572,"date":"2025-05-22T11:54:47","date_gmt":"2025-05-22T09:54:47","guid":{"rendered":"https:\/\/www.holidaysforu.es\/gaeste\/"},"modified":"2025-08-26T14:17:22","modified_gmt":"2025-08-26T12:17:22","slug":"gaeste","status":"publish","type":"page","link":"https:\/\/www.holidaysforu.es\/de\/gaeste\/","title":{"rendered":"G\u00e4ste"},"content":{"rendered":"<section class=\"l-section wpb_row us_custom_6acaec66 has_text_color height_medium\"><div class=\"l-section-overlay\" style=\"background:rgba(34,34,34,0.60)\"><\/div><div class=\"l-section-h i-cf\"><div class=\"g-cols vc_row via_flex valign_top type_default stacking_default\"><div class=\"vc_col-sm-12 wpb_column vc_column_container\"><div class=\"vc_column-inner\"><div class=\"wpb_wrapper\">[vc_custom_heading text=&#8220;G\u00e4stebetreuung in M\u00e1laga&#8220; font_container=&#8220;tag:h1|text_align:center&#8220; use_theme_fonts=&#8220;yes&#8220;]<div class=\"w-text us_custom_211707e8\"><span class=\"w-text-h\"><span class=\"w-text-value\">Informationen f\u00fcr G\u00e4ste<\/span><\/span><\/div><\/div><\/div><\/div><\/div><\/div><\/section><section class=\"l-section wpb_row height_medium width_custom\" style=\"--site-content-width:1200px;\"><div class=\"l-section-h i-cf\"><div class=\"g-cols vc_row via_flex valign_middle type_default stacking_default\"><div class=\"vc_col-sm-6 wpb_column vc_column_container\"><div class=\"vc_column-inner\"><div class=\"wpb_wrapper\"><div class=\"w-image align_none\"><div class=\"w-image-h\"><img decoding=\"async\" width=\"683\" height=\"1024\" src=\"https:\/\/www.holidaysforu.es\/wp-content\/uploads\/2025\/05\/2148515895-683x1024.jpg\" class=\"attachment-large size-large\" alt=\"gesti\u00f3n hu\u00e9spedes m\u00e1laga\" loading=\"lazy\" srcset=\"https:\/\/www.holidaysforu.es\/wp-content\/uploads\/2025\/05\/2148515895-683x1024.jpg 683w, https:\/\/www.holidaysforu.es\/wp-content\/uploads\/2025\/05\/2148515895-200x300.jpg 200w, https:\/\/www.holidaysforu.es\/wp-content\/uploads\/2025\/05\/2148515895.jpg 1000w\" sizes=\"auto, (max-width: 683px) 100vw, 683px\" \/><\/div><\/div><\/div><\/div><\/div><div class=\"vc_col-sm-6 wpb_column vc_column_container\"><div class=\"vc_column-inner\"><div class=\"wpb_wrapper\">[vc_custom_heading text=&#8220;Was bieten wir unseren G\u00e4sten?&#8220; use_theme_fonts=&#8220;yes&#8220;]<div class=\"wpb_text_column\"><div class=\"wpb_wrapper\"><p><strong>Mehr als ein Aufenthalt, ein unvergessliches Erlebnis<\/strong><\/p>\n<p>Bei <a href=\"https:\/\/www.holidaysforu.es\/de\/\" target=\"_blank\" rel=\"noopener\">HolidaysForU<\/a> haben wir uns zum Ziel gesetzt, Ihnen viel mehr als nur eine Unterkunft zu bieten; wir bieten Ihnen unvergessliche Erlebnisse an der Costa del Sol. Unsere <a href=\"https:\/\/www.holidaysforu.es\/de\/eigentuemer\/\" target=\"_blank\" rel=\"noopener\">Wohnungen<\/a> wurden sorgf\u00e4ltig nach ihrer privilegierten Lage, ihrem einladenden Design und ihrer kompletten Ausstattung ausgew\u00e4hlt und garantieren Ihnen Komfort und Stil in jedem Detail. <\/p>\n<p><strong>24\/7 pers\u00f6nliche Betreuung<\/strong><\/p>\n<p>Unser Team steht Ihnen 24 Stunden am Tag, 7 Tage die Woche zur Verf\u00fcgung, um sich um Ihre Bed\u00fcrfnisse oder Fragen zu k\u00fcmmern. Von Restaurantempfehlungen \u00fcber Aktivit\u00e4ten vor Ort bis hin zu sofortiger Hilfe bei unvorhergesehenen Ereignissen &#8211; wir sind f\u00fcr Sie da, damit Ihr Aufenthalt perfekt wird &#8211;<a href=\"https:\/\/www.holidaysforu.es\/de\/kontakt\/\" target=\"_blank\" rel=\"noopener\">kontaktieren Sie uns<\/a> jetzt!<\/p>\n<\/div><\/div><div class=\"w-btn-wrapper align_none\"><a class=\"w-btn us-btn-style_1 us_custom_173c0608\" href=\"https:\/\/www.holidaysforu.es\/de\/kontakt\/\"><span class=\"w-btn-label\">Versuchen Sie es jetzt!<\/span><\/a><\/div><\/div><\/div><\/div><\/div><\/div><\/section><section class=\"l-section wpb_row us_custom_ff5a1bc3 has_text_color height_medium width_custom\" style=\"--site-content-width:850px;\"><div class=\"l-section-h i-cf\"><div class=\"g-cols vc_row via_flex valign_top type_default stacking_default\"><div class=\"vc_col-sm-12 wpb_column vc_column_container\"><div class=\"vc_column-inner\"><div class=\"wpb_wrapper\">[vc_custom_heading text=&#8220;Dienstleistungen, die einen Unterschied machen&#8220; use_theme_fonts=&#8220;yes&#8220;]<div class=\"wpb_text_column\"><div class=\"wpb_wrapper\"><ul>\n<li style=\"text-align: left;\"><strong>Flexibler und individueller Check-in<\/strong>: Wir passen uns Ihrem Zeitplan und Ihren Vorlieben an, um Ihre Ankunft bequem und problemlos zu gestalten.<\/li>\n<li style=\"text-align: left;\"><strong>Professionelle Reinigung und st\u00e4ndige Wartung<\/strong>: Wir garantieren Ihnen tadellose und funktionelle R\u00e4ume w\u00e4hrend Ihres gesamten Aufenthalts.<\/li>\n<li style=\"text-align: left;\"><strong>Hilfe bei Buchungen und Aktivit\u00e4ten<\/strong>: Wir helfen Ihnen bei der Planung und Buchung lokaler Erlebnisse, von kulturellen Besuchen bis hin zu Outdoor-Aktivit\u00e4ten.<\/li>\n<li style=\"text-align: left;\"><strong>Voll ausgestattet<\/strong>: Unsere Wohnungen verf\u00fcgen \u00fcber alle notwendigen Annehmlichkeiten, darunter voll ausgestattete K\u00fcchen, High-Speed-Wi-Fi und R\u00e4ume, die zum Ausruhen und Entspannen einladen.<\/li>\n<\/ul>\n<\/div><\/div><\/div><\/div><\/div><\/div><\/div><\/section><section class=\"l-section wpb_row height_medium width_custom\" style=\"--site-content-width:1200px;\"><div class=\"l-section-h i-cf\"><div class=\"g-cols vc_row via_flex valign_middle type_default stacking_default\"><div class=\"vc_col-sm-6 wpb_column vc_column_container\"><div class=\"vc_column-inner\"><div class=\"wpb_wrapper\">[vc_custom_heading text=&#8220;Der Exzellenz verpflichtet&#8220; use_theme_fonts=&#8220;yes&#8220;]<div class=\"wpb_text_column\"><div class=\"wpb_wrapper\"><p>Wir bei HolidaysForU sind stolz darauf, einen Service zu bieten, der Professionalit\u00e4t, Herzlichkeit und Liebe zum Detail vereint. Unser Ziel ist es, dass sich jeder Gast wie zu Hause f\u00fchlt und eine einzigartige und pers\u00f6nliche <a href=\"https:\/\/www.holidaysforu.es\/de\/mieten\/\" target=\"_blank\" rel=\"noopener\">Unterkunft<\/a> genie\u00dft.<\/p>\n<\/div><\/div><\/div><\/div><\/div><div class=\"vc_col-sm-6 wpb_column vc_column_container\"><div class=\"vc_column-inner\"><div class=\"wpb_wrapper\"><div class=\"w-image align_none\"><div class=\"w-image-h\"><img decoding=\"async\" width=\"1000\" height=\"1000\" src=\"https:\/\/www.holidaysforu.es\/wp-content\/uploads\/2025\/05\/2149240915.jpg\" class=\"attachment-large size-large\" alt=\"gesti\u00f3n hu\u00e9spedes m\u00e1laga\" loading=\"lazy\" srcset=\"https:\/\/www.holidaysforu.es\/wp-content\/uploads\/2025\/05\/2149240915.jpg 1000w, https:\/\/www.holidaysforu.es\/wp-content\/uploads\/2025\/05\/2149240915-300x300.jpg 300w, https:\/\/www.holidaysforu.es\/wp-content\/uploads\/2025\/05\/2149240915-150x150.jpg 150w\" sizes=\"auto, (max-width: 1000px) 100vw, 1000px\" \/><\/div><\/div><\/div><\/div><\/div><\/div><\/div><\/section><section class=\"l-section wpb_row height_huge\"><div class=\"l-section-h i-cf\"><div class=\"g-cols vc_row via_flex valign_middle type_default stacking_default\"><div class=\"vc_col-sm-6 wpb_column vc_column_container\"><div class=\"vc_column-inner\"><div class=\"wpb_wrapper\"><div class=\"w-html us_custom_6ab53e82\"><iframe src=\"https:\/\/www.google.com\/maps\/embed?pb=!1m18!1m12!1m3!1d3198.577630335853!2d-4.477891923598432!3d36.7086862728519!2m3!1f0!2f0!3f0!3m2!1i1024!2i768!4f13.1!3m3!1m2!1s0x2aecf6c9b8e0e9a3:0x148570325bf13634!2sHolidaysForU - Gesti\u00f3n De Viviendas Tur\u00edsticas!5e0!3m2!1ses!2ses!4v1738242905590!5m2!1ses!2ses\" style=\"width: 100%; height: 750px; border: 0;border-radius:18px\" allowfullscreen=\"\" loading=\"lazy\" referrerpolicy=\"no-referrer-when-downgrade\"><\/iframe><\/div><\/div><\/div><\/div><div class=\"vc_col-sm-6 wpb_column vc_column_container has_bg_color\"><div class=\"vc_column-inner us_custom_3db6c53a\"><div class=\"wpb_wrapper\">[vc_custom_heading text=&#8220;Kontakt mit uns&#8220; font_container=&#8220;tag:h2|text_align:center&#8220; use_theme_fonts=&#8220;yes&#8220; css=&#8220;%7B%22default%22%3A%7B%22margin-bottom%22%3A%222rem%22%7D%7D&#8220;]\n<div class=\"wpcf7 no-js\" id=\"wpcf7-f1726-o1\" lang=\"de-DE\" dir=\"ltr\" data-wpcf7-id=\"1726\">\n<div class=\"screen-reader-response\"><p role=\"status\" aria-live=\"polite\" aria-atomic=\"true\"><\/p> <ul><\/ul><\/div>\n<form action=\"\/de\/wp-json\/wp\/v2\/pages\/1572#wpcf7-f1726-o1\" method=\"post\" class=\"wpcf7-form init wpcf7-acceptance-as-validation\" aria-label=\"Kontaktformular\" novalidate=\"novalidate\" data-status=\"init\">\n<fieldset class=\"hidden-fields-container\"><input type=\"hidden\" name=\"_wpcf7\" value=\"1726\" \/><input type=\"hidden\" name=\"_wpcf7_version\" value=\"6.1.5\" \/><input type=\"hidden\" name=\"_wpcf7_locale\" value=\"de_DE\" \/><input type=\"hidden\" name=\"_wpcf7_unit_tag\" value=\"wpcf7-f1726-o1\" \/><input type=\"hidden\" name=\"_wpcf7_container_post\" value=\"0\" \/><input type=\"hidden\" name=\"_wpcf7_posted_data_hash\" value=\"\" \/><input type=\"hidden\" name=\"_wpcf7_recaptcha_response\" value=\"\" \/>\n<\/fieldset>\n<div class=\"row\">\n\t<div class=\"col-xs-12\">\n\t\t<div class=\"form-group\">\n\t\t\t<p><label for=\"nombre\"> Name <span class=\"red\">*<\/span><\/label><br \/>\n<span class=\"wpcf7-form-control-wrap\" data-name=\"nombre\"><input size=\"40\" maxlength=\"400\" class=\"wpcf7-form-control wpcf7-text wpcf7-validates-as-required\" id=\"name\" autocomplete=\"name\" aria-required=\"true\" aria-invalid=\"false\" value=\"\" type=\"text\" name=\"nombre\" \/><\/span>\n\t\t\t<\/p>\n\t\t<\/div>\n\t<\/div>\n<\/div>\n<div class=\"row\">\n\t<div class=\"col-xs-12\">\n\t\t<div class=\"form-group\">\n\t\t\t<p><label for=\"last-name\"> Nachname <span class=\"red\">*<\/span><\/label><br \/>\n<span class=\"wpcf7-form-control-wrap\" data-name=\"lastname\"><input size=\"40\" maxlength=\"400\" class=\"wpcf7-form-control wpcf7-text wpcf7-validates-as-required\" id=\"lastname\" autocomplete=\"lastname\" aria-required=\"true\" aria-invalid=\"false\" value=\"\" type=\"text\" name=\"lastname\" \/><\/span>\n\t\t\t<\/p>\n\t\t<\/div>\n\t<\/div>\n<\/div>\n<div class=\"row\">\n\t<div class=\"col-xs-12\">\n\t\t<div class=\"form-group\">\n\t\t\t<p><label for=\"email\"> E-Mail <span class=\"red\">*<\/span><\/label><br \/>\n<span class=\"wpcf7-form-control-wrap\" data-name=\"email\"><input size=\"40\" maxlength=\"400\" class=\"wpcf7-form-control wpcf7-email wpcf7-validates-as-required wpcf7-text wpcf7-validates-as-email\" id=\"email\" autocomplete=\"email\" aria-required=\"true\" aria-invalid=\"false\" value=\"\" type=\"email\" name=\"email\" \/><\/span>\n\t\t\t<\/p>\n\t\t<\/div>\n\t<\/div>\n<\/div>\n<div class=\"row\">\n\t<div class=\"col-xs-12\">\n\t\t<div class=\"form-group\">\n\t\t\t<p><label for=\"phone\"> Nachricht <span class=\"red\">*<\/span><\/label><br \/>\n<span class=\"wpcf7-form-control-wrap\" data-name=\"message\"><textarea cols=\"40\" rows=\"1\" maxlength=\"2000\" class=\"wpcf7-form-control wpcf7-textarea wpcf7-validates-as-required\" id=\"message\" autocomplete=\"message\" aria-required=\"true\" aria-invalid=\"false\" name=\"message\"><\/textarea><\/span>\n\t\t\t<\/p>\n\t\t<\/div>\n\t<\/div>\n<\/div>\n<div class=\"row\">\n\t<div class=\"col-xs-12\">\n\t\t<div class=\"form-legal\">\n\t\t\t<p><span class=\"wpcf7-form-control-wrap\" data-name=\"aceptacion\"><span class=\"wpcf7-form-control wpcf7-acceptance\"><span class=\"wpcf7-list-item\"><label><input type=\"checkbox\" name=\"aceptacion\" value=\"1\" id=\"aceptacion\" aria-invalid=\"false\" \/><span class=\"wpcf7-list-item-label\">Ich habe die <a rel=\"nofollow\" target=\"_blank\" href=\"\/politica-de-privacidad\/\">Datenschutzbestimmungen<\/a> von\ngelesen und akzeptiere sie.<\/span><\/label><\/span><\/span><\/span>\n\t\t\t<\/p>\n\t\t<\/div>\n\t<\/div>\n<\/div>\n<div class=\"block-submit\">\n\t<p><input class=\"wpcf7-form-control wpcf7-submit has-spinner\" id=\"form-contact\" type=\"submit\" value=\"Senden Sie\" \/>\n\t<\/p>\n<\/div><div class=\"wpcf7-response-output\" aria-hidden=\"true\"><\/div>\n<\/form>\n<\/div>\n<\/div><\/div><\/div><\/div><\/div><\/section>\n","protected":false},"excerpt":{"rendered":"[vc_custom_heading text=\"G\u00e4stebetreuung in M\u00e1laga\" font_container=\"tag:h1|text_align:center\" use_theme_fonts=\"yes\"]Informationen f\u00fcr G\u00e4ste[vc_custom_heading text=\"Was bieten wir unseren G\u00e4sten?\" use_theme_fonts=\"yes\"]Mehr als ein Aufenthalt, ein unvergessliches Erlebnis Bei HolidaysForU haben wir uns zum Ziel gesetzt, Ihnen viel mehr als nur eine Unterkunft zu bieten; wir bieten Ihnen unvergessliche Erlebnisse an der Costa del Sol. Unsere Wohnungen wurden sorgf\u00e4ltig nach ihrer privilegierten Lage,...","protected":false},"author":1,"featured_media":0,"parent":0,"menu_order":0,"comment_status":"closed","ping_status":"closed","template":"","meta":{"_acf_changed":false,"_joinchat":[],"footnotes":""},"class_list":["post-1572","page","type-page","status-publish","hentry"],"acf":[],"yoast_head":"<!-- This site is optimized with the Yoast SEO plugin v27.4 - https:\/\/yoast.com\/product\/yoast-seo-wordpress\/ -->\n<title>G\u00e4stemanagement in Malaga | Holidays for u<\/title>\n<meta name=\"description\" content=\"Bei Holidays for u haben wir uns auf die Betreuung von G\u00e4sten in M\u00e1laga spezialisiert. Genie\u00dfen Sie einen einzigartigen und ganz pers\u00f6nlichen Aufenthalt.\" \/>\n<meta name=\"robots\" content=\"index, follow, max-snippet:-1, max-image-preview:large, max-video-preview:-1\" \/>\n<link rel=\"canonical\" href=\"https:\/\/www.holidaysforu.es\/de\/gaeste\/\" \/>\n<meta property=\"og:locale\" content=\"de_DE\" \/>\n<meta property=\"og:type\" content=\"article\" \/>\n<meta property=\"og:title\" content=\"G\u00e4stemanagement in Malaga | Holidays for u\" \/>\n<meta property=\"og:description\" content=\"Bei Holidays for u haben wir uns auf die Betreuung von G\u00e4sten in M\u00e1laga spezialisiert. Genie\u00dfen Sie einen einzigartigen und ganz pers\u00f6nlichen Aufenthalt.\" \/>\n<meta property=\"og:url\" content=\"https:\/\/www.holidaysforu.es\/de\/gaeste\/\" \/>\n<meta property=\"og:site_name\" content=\"Holidays for U\" \/>\n<meta property=\"article:modified_time\" content=\"2025-08-26T12:17:22+00:00\" \/>\n<meta name=\"twitter:card\" content=\"summary_large_image\" \/>\n<meta name=\"twitter:label1\" content=\"Gesch\u00e4tzte Lesezeit\" \/>\n\t<meta name=\"twitter:data1\" content=\"3\u00a0Minuten\" \/>\n<!-- \/ Yoast SEO plugin. -->","yoast_head_json":{"title":"G\u00e4stemanagement in Malaga | Holidays for u","description":"Bei Holidays for u haben wir uns auf die Betreuung von G\u00e4sten in M\u00e1laga spezialisiert. Genie\u00dfen Sie einen einzigartigen und ganz pers\u00f6nlichen Aufenthalt.","robots":{"index":"index","follow":"follow","max-snippet":"max-snippet:-1","max-image-preview":"max-image-preview:large","max-video-preview":"max-video-preview:-1"},"canonical":"https:\/\/www.holidaysforu.es\/de\/gaeste\/","og_locale":"de_DE","og_type":"article","og_title":"G\u00e4stemanagement in Malaga | Holidays for u","og_description":"Bei Holidays for u haben wir uns auf die Betreuung von G\u00e4sten in M\u00e1laga spezialisiert. Genie\u00dfen Sie einen einzigartigen und ganz pers\u00f6nlichen Aufenthalt.","og_url":"https:\/\/www.holidaysforu.es\/de\/gaeste\/","og_site_name":"Holidays for U","article_modified_time":"2025-08-26T12:17:22+00:00","twitter_card":"summary_large_image","twitter_misc":{"Gesch\u00e4tzte Lesezeit":"3\u00a0Minuten"},"schema":{"@context":"https:\/\/schema.org","@graph":[{"@type":"WebPage","@id":"https:\/\/www.holidaysforu.es\/de\/gaeste\/","url":"https:\/\/www.holidaysforu.es\/de\/gaeste\/","name":"G\u00e4stemanagement in Malaga | Holidays for u","isPartOf":{"@id":"https:\/\/www.holidaysforu.es\/de\/#website"},"datePublished":"2025-05-22T09:54:47+00:00","dateModified":"2025-08-26T12:17:22+00:00","description":"Bei Holidays for u haben wir uns auf die Betreuung von G\u00e4sten in M\u00e1laga spezialisiert. Genie\u00dfen Sie einen einzigartigen und ganz pers\u00f6nlichen Aufenthalt.","breadcrumb":{"@id":"https:\/\/www.holidaysforu.es\/de\/gaeste\/#breadcrumb"},"inLanguage":"de","potentialAction":[{"@type":"ReadAction","target":["https:\/\/www.holidaysforu.es\/de\/gaeste\/"]}]},{"@type":"BreadcrumbList","@id":"https:\/\/www.holidaysforu.es\/de\/gaeste\/#breadcrumb","itemListElement":[{"@type":"ListItem","position":1,"name":"Portada","item":"https:\/\/www.holidaysforu.es\/de\/startseite\/"},{"@type":"ListItem","position":2,"name":"G\u00e4ste"}]},{"@type":"WebSite","@id":"https:\/\/www.holidaysforu.es\/de\/#website","url":"https:\/\/www.holidaysforu.es\/de\/","name":"Holidays for U","description":"","potentialAction":[{"@type":"SearchAction","target":{"@type":"EntryPoint","urlTemplate":"https:\/\/www.holidaysforu.es\/de\/?s={search_term_string}"},"query-input":{"@type":"PropertyValueSpecification","valueRequired":true,"valueName":"search_term_string"}}],"inLanguage":"de"}]}},"_links":{"self":[{"href":"https:\/\/www.holidaysforu.es\/de\/wp-json\/wp\/v2\/pages\/1572","targetHints":{"allow":["GET"]}}],"collection":[{"href":"https:\/\/www.holidaysforu.es\/de\/wp-json\/wp\/v2\/pages"}],"about":[{"href":"https:\/\/www.holidaysforu.es\/de\/wp-json\/wp\/v2\/types\/page"}],"author":[{"embeddable":true,"href":"https:\/\/www.holidaysforu.es\/de\/wp-json\/wp\/v2\/users\/1"}],"replies":[{"embeddable":true,"href":"https:\/\/www.holidaysforu.es\/de\/wp-json\/wp\/v2\/comments?post=1572"}],"version-history":[{"count":3,"href":"https:\/\/www.holidaysforu.es\/de\/wp-json\/wp\/v2\/pages\/1572\/revisions"}],"predecessor-version":[{"id":2197,"href":"https:\/\/www.holidaysforu.es\/de\/wp-json\/wp\/v2\/pages\/1572\/revisions\/2197"}],"wp:attachment":[{"href":"https:\/\/www.holidaysforu.es\/de\/wp-json\/wp\/v2\/media?parent=1572"}],"curies":[{"name":"wp","href":"https:\/\/api.w.org\/{rel}","templated":true}]}}