{"id":1592,"date":"2025-01-30T16:08:31","date_gmt":"2025-01-30T14:08:31","guid":{"rendered":"https:\/\/www.holidaysforu.es\/eigentuemer\/"},"modified":"2025-08-27T21:57:04","modified_gmt":"2025-08-27T19:57:04","slug":"eigentuemer","status":"publish","type":"page","link":"https:\/\/www.holidaysforu.es\/de\/eigentuemer\/","title":{"rendered":"Eigent\u00fcmer"},"content":{"rendered":"<section class=\"l-section wpb_row us_custom_6acaec66 has_text_color height_medium\"><div class=\"l-section-overlay\" style=\"background:rgba(34,34,34,0.60)\"><\/div><div class=\"l-section-h i-cf\"><div class=\"g-cols vc_row via_flex valign_top type_default stacking_default\"><div class=\"vc_col-sm-12 wpb_column vc_column_container\"><div class=\"vc_column-inner\"><div class=\"wpb_wrapper\">[vc_custom_heading text=&#8220;Verwaltung von Touristenwohnungen in M\u00e1laga&#8220; font_container=&#8220;tag:h1|text_align:center&#8220; use_theme_fonts=&#8220;yes&#8220;]<div class=\"w-text us_custom_211707e8\"><span class=\"w-text-h\"><span class=\"w-text-value\">Informationen f\u00fcr Eigent\u00fcmer<\/span><\/span><\/div><\/div><\/div><\/div><\/div><\/div><\/section><section class=\"l-section wpb_row height_medium width_custom\" style=\"--site-content-width:1200px;\"><div class=\"l-section-h i-cf\"><div class=\"g-cols vc_row via_flex valign_middle type_default stacking_default\"><div class=\"vc_col-sm-6 wpb_column vc_column_container\"><div class=\"vc_column-inner\"><div class=\"wpb_wrapper\"><div class=\"w-image align_none\"><div class=\"w-image-h\"><img decoding=\"async\" width=\"745\" height=\"1024\" src=\"https:\/\/www.holidaysforu.es\/wp-content\/uploads\/2025\/01\/28-745x1024.png\" class=\"attachment-large size-large\" alt=\"\" loading=\"lazy\" srcset=\"https:\/\/www.holidaysforu.es\/wp-content\/uploads\/2025\/01\/28-745x1024.png 745w, https:\/\/www.holidaysforu.es\/wp-content\/uploads\/2025\/01\/28-218x300.png 218w\" sizes=\"auto, (max-width: 745px) 100vw, 745px\" \/><\/div><\/div><\/div><\/div><\/div><div class=\"vc_col-sm-6 wpb_column vc_column_container\"><div class=\"vc_column-inner\"><div class=\"wpb_wrapper\">[vc_custom_heading text=&#8220;Erzielen Sie maximale Leistung&#8220; use_theme_fonts=&#8220;yes&#8220;]<div class=\"wpb_text_column\"><div class=\"wpb_wrapper\"><p><span>Dank der freundlichen und professionellen Behandlung durch unser Team, der Optimierung der Preise mit Hilfe einer hochentwickelten Software, die es uns erm\u00f6glicht, uns an die tats\u00e4chliche Nachfrage anzupassen, und der besten Positionierung in den Buchungsportalen werden Sie den gr\u00f6\u00dftm\u00f6glichen Nutzen daraus ziehen.<\/span><\/p>\n<ul>\n<li>Stellen Sie Hausregeln auf, denen die G\u00e4ste zustimmen m\u00fcssen, bevor sie bleiben.<\/li>\n<\/ul>\n<\/div><\/div><div class=\"w-btn-wrapper align_none\"><a class=\"w-btn us-btn-style_1 us_custom_173c0608\" href=\"https:\/\/www.holidaysforu.es\/de\/kontakt\/\"><span class=\"w-btn-label\">Versuchen Sie es jetzt!<\/span><\/a><\/div><\/div><\/div><\/div><\/div><\/div><\/section><section class=\"l-section wpb_row us_custom_ff5a1bc3 has_text_color height_medium width_custom\" style=\"--site-content-width:850px;\"><div class=\"l-section-h i-cf\"><div class=\"g-cols vc_row via_flex valign_top type_default stacking_default\"><div class=\"vc_col-sm-12 wpb_column vc_column_container\"><div class=\"vc_column-inner\"><div class=\"wpb_wrapper\">[vc_custom_heading text=&#8220;Was bieten wir an?&#8220; font_container=&#8220;tag:h2|text_align:center&#8220; use_theme_fonts=&#8220;yes&#8220;]<div class=\"wpb_text_column\"><div class=\"wpb_wrapper\"><p style=\"text-align: center;\"><strong>Maximale Vorteile<\/strong><\/p>\n<p style=\"text-align: center;\"><span>  Wir erhalten ihn dank des herzlichen und professionellen Umgangs mit unseren G\u00e4sten, der Optimierung der Preise mit Hilfe einer hochentwickelten Software, die es uns erm\u00f6glicht, uns an die tats\u00e4chliche Nachfrage anzupassen, und der besten Positionierung in Buchungsportalen.<\/span><\/p>\n<p style=\"text-align: center;\"><strong>Keine Sorgen, steigern Sie Ihr Vergn\u00fcgen<\/strong><\/p>\n<p style=\"text-align: center;\"><span>  Mit dem umfassenden Service von <strong><a href=\"https:\/\/www.holidaysforu.es\/de\/eigentuemer\/\" target=\"_blank\" rel=\"noopener\">Holidays for u<\/a><\/strong>wird Ihre <strong>Wohnung<\/strong> zu einer Verbindlichkeit, mit der Sie Ihr Einkommen Monat f\u00fcr Monat steigern k\u00f6nnen. Wenn Sie bestimmte Tage in Ihrer Unterkunft genie\u00dfen m\u00f6chten, m\u00fcssen Sie dies nur beantragen. <\/span><\/p>\n<p style=\"text-align: center;\"><strong>H\u00e4usliche Pflege insgesamt<\/strong><\/p>\n<p style=\"text-align: center;\"><span>  Reinigung und Wartung werden kontinuierlich und routinem\u00e4\u00dfig durchgef\u00fchrt, so dass die verwalteten Wohnungen jederzeit in einem idealen Zustand sind.<\/span><\/p>\n<p style=\"text-align: center;\"><strong>Pers\u00f6nliche Beziehungen zu den Eigent\u00fcmern<\/strong><\/p>\n<p style=\"text-align: center;\"><span>  Transparenz ist die grundlegende Basis unseres Managements. Die Eigent\u00fcmer sind zu jeder Zeit \u00fcber die Aktivit\u00e4ten informiert. Dar\u00fcber hinaus halten wir h\u00e4ufig gemeinsame Sitzungen ab.    <\/span><\/p>\n<\/div><\/div><\/div><\/div><\/div><\/div><\/div><\/section><section class=\"l-section wpb_row height_huge\"><div class=\"l-section-h i-cf\"><div class=\"g-cols vc_row via_flex valign_middle type_default stacking_default\"><div class=\"vc_col-sm-6 wpb_column vc_column_container\"><div class=\"vc_column-inner\"><div class=\"wpb_wrapper\"><div class=\"w-html us_custom_6ab53e82\"><iframe src=\"https:\/\/www.google.com\/maps\/embed?pb=!1m18!1m12!1m3!1d3198.577630335853!2d-4.477891923598432!3d36.7086862728519!2m3!1f0!2f0!3f0!3m2!1i1024!2i768!4f13.1!3m3!1m2!1s0x2aecf6c9b8e0e9a3:0x148570325bf13634!2sHolidaysForU - Gesti\u00f3n De Viviendas Tur\u00edsticas!5e0!3m2!1ses!2ses!4v1738242905590!5m2!1ses!2ses\" style=\"width: 100%; height: 750px; border: 0;border-radius:18px\" allowfullscreen=\"\" loading=\"lazy\" referrerpolicy=\"no-referrer-when-downgrade\"><\/iframe><\/div><\/div><\/div><\/div><div class=\"vc_col-sm-6 wpb_column vc_column_container has_bg_color\"><div class=\"vc_column-inner us_custom_3db6c53a\"><div class=\"wpb_wrapper\">[vc_custom_heading text=&#8220;Kontakt mit uns&#8220; font_container=&#8220;tag:h2|text_align:center&#8220; use_theme_fonts=&#8220;yes&#8220; css=&#8220;%7B%22default%22%3A%7B%22margin-bottom%22%3A%222rem%22%7D%7D&#8220;]\n<div class=\"wpcf7 no-js\" id=\"wpcf7-f1726-o1\" lang=\"de-DE\" dir=\"ltr\" data-wpcf7-id=\"1726\">\n<div class=\"screen-reader-response\"><p role=\"status\" aria-live=\"polite\" aria-atomic=\"true\"><\/p> <ul><\/ul><\/div>\n<form action=\"\/de\/wp-json\/wp\/v2\/pages\/1592#wpcf7-f1726-o1\" method=\"post\" class=\"wpcf7-form init wpcf7-acceptance-as-validation\" aria-label=\"Kontaktformular\" novalidate=\"novalidate\" data-status=\"init\">\n<fieldset class=\"hidden-fields-container\"><input type=\"hidden\" name=\"_wpcf7\" value=\"1726\" \/><input type=\"hidden\" name=\"_wpcf7_version\" value=\"6.1.5\" \/><input type=\"hidden\" name=\"_wpcf7_locale\" value=\"de_DE\" \/><input type=\"hidden\" name=\"_wpcf7_unit_tag\" value=\"wpcf7-f1726-o1\" \/><input type=\"hidden\" name=\"_wpcf7_container_post\" value=\"0\" \/><input type=\"hidden\" name=\"_wpcf7_posted_data_hash\" value=\"\" \/><input type=\"hidden\" name=\"_wpcf7_recaptcha_response\" value=\"\" \/>\n<\/fieldset>\n<div class=\"row\">\n\t<div class=\"col-xs-12\">\n\t\t<div class=\"form-group\">\n\t\t\t<p><label for=\"nombre\"> Name <span class=\"red\">*<\/span><\/label><br \/>\n<span class=\"wpcf7-form-control-wrap\" data-name=\"nombre\"><input size=\"40\" maxlength=\"400\" class=\"wpcf7-form-control wpcf7-text wpcf7-validates-as-required\" id=\"name\" autocomplete=\"name\" aria-required=\"true\" aria-invalid=\"false\" value=\"\" type=\"text\" name=\"nombre\" \/><\/span>\n\t\t\t<\/p>\n\t\t<\/div>\n\t<\/div>\n<\/div>\n<div class=\"row\">\n\t<div class=\"col-xs-12\">\n\t\t<div class=\"form-group\">\n\t\t\t<p><label for=\"last-name\"> Nachname <span class=\"red\">*<\/span><\/label><br \/>\n<span class=\"wpcf7-form-control-wrap\" data-name=\"lastname\"><input size=\"40\" maxlength=\"400\" class=\"wpcf7-form-control wpcf7-text wpcf7-validates-as-required\" id=\"lastname\" autocomplete=\"lastname\" aria-required=\"true\" aria-invalid=\"false\" value=\"\" type=\"text\" name=\"lastname\" \/><\/span>\n\t\t\t<\/p>\n\t\t<\/div>\n\t<\/div>\n<\/div>\n<div class=\"row\">\n\t<div class=\"col-xs-12\">\n\t\t<div class=\"form-group\">\n\t\t\t<p><label for=\"email\"> E-Mail <span class=\"red\">*<\/span><\/label><br \/>\n<span class=\"wpcf7-form-control-wrap\" data-name=\"email\"><input size=\"40\" maxlength=\"400\" class=\"wpcf7-form-control wpcf7-email wpcf7-validates-as-required wpcf7-text wpcf7-validates-as-email\" id=\"email\" autocomplete=\"email\" aria-required=\"true\" aria-invalid=\"false\" value=\"\" type=\"email\" name=\"email\" \/><\/span>\n\t\t\t<\/p>\n\t\t<\/div>\n\t<\/div>\n<\/div>\n<div class=\"row\">\n\t<div class=\"col-xs-12\">\n\t\t<div class=\"form-group\">\n\t\t\t<p><label for=\"phone\"> Nachricht <span class=\"red\">*<\/span><\/label><br \/>\n<span class=\"wpcf7-form-control-wrap\" data-name=\"message\"><textarea cols=\"40\" rows=\"1\" maxlength=\"2000\" class=\"wpcf7-form-control wpcf7-textarea wpcf7-validates-as-required\" id=\"message\" autocomplete=\"message\" aria-required=\"true\" aria-invalid=\"false\" name=\"message\"><\/textarea><\/span>\n\t\t\t<\/p>\n\t\t<\/div>\n\t<\/div>\n<\/div>\n<div class=\"row\">\n\t<div class=\"col-xs-12\">\n\t\t<div class=\"form-legal\">\n\t\t\t<p><span class=\"wpcf7-form-control-wrap\" data-name=\"aceptacion\"><span class=\"wpcf7-form-control wpcf7-acceptance\"><span class=\"wpcf7-list-item\"><label><input type=\"checkbox\" name=\"aceptacion\" value=\"1\" id=\"aceptacion\" aria-invalid=\"false\" \/><span class=\"wpcf7-list-item-label\">Ich habe die <a rel=\"nofollow\" target=\"_blank\" href=\"\/politica-de-privacidad\/\">Datenschutzbestimmungen<\/a> von\ngelesen und akzeptiere sie.<\/span><\/label><\/span><\/span><\/span>\n\t\t\t<\/p>\n\t\t<\/div>\n\t<\/div>\n<\/div>\n<div class=\"block-submit\">\n\t<p><input class=\"wpcf7-form-control wpcf7-submit has-spinner\" id=\"form-contact\" type=\"submit\" value=\"Senden Sie\" \/>\n\t<\/p>\n<\/div><div class=\"wpcf7-response-output\" aria-hidden=\"true\"><\/div>\n<\/form>\n<\/div>\n<\/div><\/div><\/div><\/div><\/div><\/section>\n","protected":false},"excerpt":{"rendered":"[vc_custom_heading text=\"Verwaltung von Touristenwohnungen in M\u00e1laga\" font_container=\"tag:h1|text_align:center\" use_theme_fonts=\"yes\"]Informationen f\u00fcr Eigent\u00fcmer[vc_custom_heading text=\"Erzielen Sie maximale Leistung\" use_theme_fonts=\"yes\"]Dank der freundlichen und professionellen Behandlung durch unser Team, der Optimierung der Preise mit Hilfe einer hochentwickelten Software, die es uns erm\u00f6glicht, uns an die tats\u00e4chliche Nachfrage anzupassen, und der besten Positionierung in den Buchungsportalen werden Sie den gr\u00f6\u00dftm\u00f6glichen Nutzen daraus...","protected":false},"author":1,"featured_media":0,"parent":0,"menu_order":0,"comment_status":"closed","ping_status":"closed","template":"","meta":{"_acf_changed":false,"_joinchat":[],"footnotes":""},"class_list":["post-1592","page","type-page","status-publish","hentry"],"acf":[],"yoast_head":"<!-- This site is optimized with the Yoast SEO plugin v27.4 - https:\/\/yoast.com\/product\/yoast-seo-wordpress\/ -->\n<title>Verwaltung von Ferienwohnungen Malaga | Ferienwohnungen<\/title>\n<meta name=\"description\" content=\"Maximieren Sie das Einkommen Ihrer Immobilie mit unserer Verwaltung von Ferienwohnungen in M\u00e1laga. Umfassender und sorgloser Service, erfahren Sie jetzt mehr!\" \/>\n<meta name=\"robots\" content=\"index, follow, max-snippet:-1, max-image-preview:large, max-video-preview:-1\" \/>\n<link rel=\"canonical\" href=\"https:\/\/www.holidaysforu.es\/de\/eigentuemer\/\" \/>\n<meta property=\"og:locale\" content=\"de_DE\" \/>\n<meta property=\"og:type\" content=\"article\" \/>\n<meta property=\"og:title\" content=\"Verwaltung von Ferienwohnungen Malaga | Ferienwohnungen\" \/>\n<meta property=\"og:description\" content=\"Maximieren Sie das Einkommen Ihrer Immobilie mit unserer Verwaltung von Ferienwohnungen in M\u00e1laga. Umfassender und sorgloser Service, erfahren Sie jetzt mehr!\" \/>\n<meta property=\"og:url\" content=\"https:\/\/www.holidaysforu.es\/de\/eigentuemer\/\" \/>\n<meta property=\"og:site_name\" content=\"Holidays for U\" \/>\n<meta property=\"article:modified_time\" content=\"2025-08-27T19:57:04+00:00\" \/>\n<meta name=\"twitter:card\" content=\"summary_large_image\" \/>\n<meta name=\"twitter:label1\" content=\"Gesch\u00e4tzte Lesezeit\" \/>\n\t<meta name=\"twitter:data1\" content=\"3\u00a0Minuten\" \/>\n<!-- \/ Yoast SEO plugin. -->","yoast_head_json":{"title":"Verwaltung von Ferienwohnungen Malaga | Ferienwohnungen","description":"Maximieren Sie das Einkommen Ihrer Immobilie mit unserer Verwaltung von Ferienwohnungen in M\u00e1laga. Umfassender und sorgloser Service, erfahren Sie jetzt mehr!","robots":{"index":"index","follow":"follow","max-snippet":"max-snippet:-1","max-image-preview":"max-image-preview:large","max-video-preview":"max-video-preview:-1"},"canonical":"https:\/\/www.holidaysforu.es\/de\/eigentuemer\/","og_locale":"de_DE","og_type":"article","og_title":"Verwaltung von Ferienwohnungen Malaga | Ferienwohnungen","og_description":"Maximieren Sie das Einkommen Ihrer Immobilie mit unserer Verwaltung von Ferienwohnungen in M\u00e1laga. Umfassender und sorgloser Service, erfahren Sie jetzt mehr!","og_url":"https:\/\/www.holidaysforu.es\/de\/eigentuemer\/","og_site_name":"Holidays for U","article_modified_time":"2025-08-27T19:57:04+00:00","twitter_card":"summary_large_image","twitter_misc":{"Gesch\u00e4tzte Lesezeit":"3\u00a0Minuten"},"schema":{"@context":"https:\/\/schema.org","@graph":[{"@type":"WebPage","@id":"https:\/\/www.holidaysforu.es\/de\/eigentuemer\/","url":"https:\/\/www.holidaysforu.es\/de\/eigentuemer\/","name":"Verwaltung von Ferienwohnungen Malaga | Ferienwohnungen","isPartOf":{"@id":"https:\/\/www.holidaysforu.es\/de\/#website"},"datePublished":"2025-01-30T14:08:31+00:00","dateModified":"2025-08-27T19:57:04+00:00","description":"Maximieren Sie das Einkommen Ihrer Immobilie mit unserer Verwaltung von Ferienwohnungen in M\u00e1laga. Umfassender und sorgloser Service, erfahren Sie jetzt mehr!","breadcrumb":{"@id":"https:\/\/www.holidaysforu.es\/de\/eigentuemer\/#breadcrumb"},"inLanguage":"de","potentialAction":[{"@type":"ReadAction","target":["https:\/\/www.holidaysforu.es\/de\/eigentuemer\/"]}]},{"@type":"BreadcrumbList","@id":"https:\/\/www.holidaysforu.es\/de\/eigentuemer\/#breadcrumb","itemListElement":[{"@type":"ListItem","position":1,"name":"Portada","item":"https:\/\/www.holidaysforu.es\/de\/startseite\/"},{"@type":"ListItem","position":2,"name":"Eigent\u00fcmer"}]},{"@type":"WebSite","@id":"https:\/\/www.holidaysforu.es\/de\/#website","url":"https:\/\/www.holidaysforu.es\/de\/","name":"Holidays for U","description":"","potentialAction":[{"@type":"SearchAction","target":{"@type":"EntryPoint","urlTemplate":"https:\/\/www.holidaysforu.es\/de\/?s={search_term_string}"},"query-input":{"@type":"PropertyValueSpecification","valueRequired":true,"valueName":"search_term_string"}}],"inLanguage":"de"}]}},"_links":{"self":[{"href":"https:\/\/www.holidaysforu.es\/de\/wp-json\/wp\/v2\/pages\/1592","targetHints":{"allow":["GET"]}}],"collection":[{"href":"https:\/\/www.holidaysforu.es\/de\/wp-json\/wp\/v2\/pages"}],"about":[{"href":"https:\/\/www.holidaysforu.es\/de\/wp-json\/wp\/v2\/types\/page"}],"author":[{"embeddable":true,"href":"https:\/\/www.holidaysforu.es\/de\/wp-json\/wp\/v2\/users\/1"}],"replies":[{"embeddable":true,"href":"https:\/\/www.holidaysforu.es\/de\/wp-json\/wp\/v2\/comments?post=1592"}],"version-history":[{"count":10,"href":"https:\/\/www.holidaysforu.es\/de\/wp-json\/wp\/v2\/pages\/1592\/revisions"}],"predecessor-version":[{"id":2235,"href":"https:\/\/www.holidaysforu.es\/de\/wp-json\/wp\/v2\/pages\/1592\/revisions\/2235"}],"wp:attachment":[{"href":"https:\/\/www.holidaysforu.es\/de\/wp-json\/wp\/v2\/media?parent=1592"}],"curies":[{"name":"wp","href":"https:\/\/api.w.org\/{rel}","templated":true}]}}