{"id":1656,"date":"2022-09-30T10:24:42","date_gmt":"2022-09-30T08:24:42","guid":{"rendered":"https:\/\/www.holidaysforu.es\/datenschutzbestimmungen\/"},"modified":"2025-05-27T07:21:35","modified_gmt":"2025-05-27T05:21:35","slug":"datenschutzbestimmungen","status":"publish","type":"page","link":"https:\/\/www.holidaysforu.es\/de\/datenschutzbestimmungen\/","title":{"rendered":"Datenschutzbestimmungen"},"content":{"rendered":"<section class=\"l-section wpb_row height_medium\"><div class=\"l-section-h i-cf\"><div class=\"g-cols vc_row via_flex valign_top type_default stacking_default\"><div class=\"vc_col-sm-12 wpb_column vc_column_container\"><div class=\"vc_column-inner\"><div class=\"wpb_wrapper\">[vc_custom_heading text=&#8220;Datenschutzbestimmungen&#8220; font_container=&#8220;tag:h1|text_align:left&#8220; use_theme_fonts=&#8220;yes&#8220;]<div class=\"wpb_text_column\"><div class=\"wpb_wrapper\"><p><strong>Informationen \u00fcber unsere Datenschutzrichtlinien und Datenschutzbestimmungen:<\/strong><\/p>\n<p>HOLIDAYSFORUMALAGA SL erf\u00fcllt die Verpflichtungen, die sich aus der Verordnung (EU) 2016\/679 des Europ\u00e4ischen Parlaments und des Rates vom 27. April 2016 zum Schutz nat\u00fcrlicher Personen und dem Organgesetz 3\/2018 vom 5. Dezember \u00fcber den Schutz personenbezogener Daten und die Gew\u00e4hrleistung digitaler Rechte ergeben, in Bezug auf die Verarbeitung personenbezogener Daten und andere anwendbare Rechtsvorschriften sowie die jederzeit geltenden Regelungen, die die Einhaltung aller Pflichten und Rechte der Betroffenen in Bezug auf die Verarbeitung personenbezogener Daten garantieren. Ebenso wird HOLIDAYSFORUMALAGA SL in \u00dcbereinstimmung mit den Bestimmungen des Gesetzes 34\/2002 vom 11. Juli \u00fcber die Dienste der Informationsgesellschaft und den elektronischen Handel die vorherige Zustimmung des Benutzers f\u00fcr die Zusendung kommerzieller Mitteilungen einholen, falls diese erfolgen sollte, wobei ebenfalls alle Pflichten und Rechte der Benutzer beachtet werden. <\/p>\n<p>Aufgrund der obigen Ausf\u00fchrungen werden die Nutzer, die die verschiedenen von HOLIDAYSFORUMALAGA SL angebotenen Dienstleistungen in Anspruch nehmen m\u00f6chten, \u00fcber die Informationen zur Identifizierung des Verantwortlichen f\u00fcr die Datei, die Zwecke der Verarbeitung ihrer Daten sowie \u00fcber die M\u00f6glichkeit der Aus\u00fcbung ihrer Rechte auf Zugang, Berichtigung, L\u00f6schung und Widerspruch gegen\u00fcber dem Verantwortlichen f\u00fcr die Datei informiert, indem sie die Datenschutzbestimmungen des Unternehmens lesen und zuvor akzeptieren, wobei sie ordnungsgem\u00e4\u00df informiert werden.<\/p>\n<h2>1. der f\u00fcr die Datenverarbeitung Verantwortliche<\/h2>\n<p><strong>HOLIDAYSFORUMALAGA SL<\/strong><br \/>\nCIF: B56325202<br \/>\nTlf: 624 568 775<br \/>\nCALLE COPERNICO, 59 29190 M\u00e1laga<br \/>\nEmail: jesus@holidaysforu.es<\/p>\n<h2>2. der Zweck der Datenverarbeitung<\/h2>\n<p>Der Hauptzweck der Verarbeitung Ihrer pers\u00f6nlichen Daten entspricht der M\u00f6glichkeit, mit Ihnen in Kontakt zu treten, um Ihre Kontaktanfrage \u00fcber das daf\u00fcr vorgesehene Formular zu beantworten oder die von Ihnen gew\u00fcnschte Gesch\u00e4ftsbeziehung zu erf\u00fcllen. Ihre pers\u00f6nlichen Daten werden zur Verarbeitung in unseren Systemen aufbewahrt, solange die Beziehung zu unserem Unternehmen besteht.<\/p>\n<p>Dar\u00fcber hinaus werden Ihre Daten, sofern Sie dies ausdr\u00fccklich genehmigt haben, verarbeitet, um Ihnen auf beliebigem Wege, auch auf elektronischem Wege, kommerzielle Mitteilungen \u00fcber die verschiedenen von HOLIDAYSFORUMALAGA SL angebotenen Produkte und\/oder Dienstleistungen zukommen zu lassen.<\/p>\n<p>Sie k\u00f6nnen die erteilte Zustimmung auf einfache Anfrage widerrufen, indem Sie sich an HOLIDAYSFORUMALAGA SL unter einer der in Punkt 1 dieser Klausel genannten Adressen wenden, in denen die Kontaktdaten der Einrichtung angegeben sind.<\/p>\n<h2>3. Legitimation f\u00fcr die Verarbeitung Ihrer Daten<\/h2>\n<p>Die Verarbeitung Ihrer Daten f\u00fcr den Hauptzweck ist auf der Grundlage des zwischen den Parteien bestehenden Vertragsverh\u00e4ltnisses legitimiert, und f\u00fcr den zus\u00e4tzlichen Zweck in der von Ihnen erteilten Zustimmung unter Verwendung der von HOLIDAYSFORUMALAGA SL daf\u00fcr vorgesehenen Kontaktformulare, f\u00fcr die Sie uns die in den Pflichtfeldern geforderten Daten, d.h. Ihre Identifikations- und Kontaktdaten, zur Verf\u00fcgung gestellt haben m\u00fcssen, ohne die wir Ihre Anfrage nicht bearbeiten k\u00f6nnen.<\/p>\n<p>Indem Sie uns Ihre Daten zur Verf\u00fcgung stellen, erkl\u00e4ren Sie, dass Sie der Eigent\u00fcmer dieser Daten sind, dass sie der Wahrheit entsprechen und vollst\u00e4ndig aktualisiert sind. Die auf dem Formular erfassten Daten sind angemessen, relevant und nicht \u00fcbertrieben in Bezug auf die Zwecke, f\u00fcr die sie verarbeitet werden, wie in Punkt 2 dieser Klausel angegeben. Ebenso wird HOLIDAYSFORUMALAGA SL die Daten l\u00f6schen oder berichtigen, wenn sie ungenau, unvollst\u00e4ndig oder f\u00fcr ihren Zweck nicht mehr erforderlich oder relevant sind.  <\/p>\n<p>Aufgrund des Vorgenannten werden die Daten so lange zur Verarbeitung in unseren Systemen aufbewahrt, wie diese Beziehung f\u00fcr den angegebenen Zweck oder aus zwingenden legitimen Gr\u00fcnden oder zur Aus\u00fcbung oder Verteidigung m\u00f6glicher Anspr\u00fcche aufrechterhalten wird. Nach Beendigung der Aufbewahrungspflicht k\u00f6nnen Ihre Daten aus unserer Datenbank gel\u00f6scht oder gegebenenfalls anonymisiert werden. <\/p>\n<p>Die Verarbeitung der Daten zum Zweck des Versands von elektronischen Newslettern \u00fcber Dienstleistungen, Veranstaltungen und Neuigkeiten im Zusammenhang mit unserer beruflichen T\u00e4tigkeit beruht auf dem berechtigten Interesse von HOLIDAYSFORUMALAGA SL, diese Verarbeitung in \u00dcbereinstimmung mit der geltenden Gesetzgebung vorzunehmen. Ihre Daten werden so lange aufbewahrt, wie die Gesch\u00e4ftsbeziehung besteht, Ihr Interesse besteht und es keinen Widerruf Ihrerseits gibt. <\/p>\n<h2>4. Empf\u00e4nger Ihrer Daten<\/h2>\n<p>Es kann zu \u00dcbermittlungen zwischen den Unternehmen von HOLIDAYSFORUMALAGA SL im legitimen Unternehmensinteresse kommen, um die angeforderten Dienstleistungen zu erbringen. Es werden keine Daten an andere Dritte weitergegeben, es sei denn, Sie sind gesetzlich dazu verpflichtet. Es findet kein internationaler Datentransfer statt, mit der Ausnahme, dass HOLIDAYSFORUMALAGA SL die Dienste von Anbietern in Drittl\u00e4ndern in Anspruch nehmen kann, sofern alle Anforderungen der Datenschutzbestimmungen eingehalten werden und die notwendigen Garantien und Schutzma\u00dfnahmen zur Wahrung der Privatsph\u00e4re der Daten angewendet werden. F\u00fcr weitere Informationen zu den Datenschutzgarantien k\u00f6nnen Sie unser Unternehmen unter den in Punkt 1 angegebenen Adressen kontaktieren.   <\/p>\n<h2>5. Rechte der Betroffenen<\/h2>\n<p>Nachdem Sie uns Ihre pers\u00f6nlichen Daten zur Verf\u00fcgung gestellt haben, informieren wir Sie \u00fcber die Rechte, die Sie gegen\u00fcber HOLIDAYSFORUMALAGA SL unter den Ihnen in Punkt 1 dieser Klausel zur Verf\u00fcgung gestellten Adressen aus\u00fcben k\u00f6nnen:<\/p>\n<p>Sie haben das Recht, auf alle pers\u00f6nlichen Daten, die sich im Besitz von HOLIDAYSFORUMALAGA SL befinden, zuzugreifen und deren \u00c4nderung oder L\u00f6schung zu verlangen.<\/p>\n<p>Sie k\u00f6nnen uns auffordern, die Verarbeitung Ihrer Daten einzuschr\u00e4nken. In diesem Fall werden wir sie nur zum Zwecke der Geltendmachung oder Abwehr von Anspr\u00fcchen aufbewahren.<\/p>\n<p>Sie k\u00f6nnen der Verarbeitung Ihrer personenbezogenen Daten widersprechen, woraufhin HOLIDAYSFORUMALAGA SL die Verarbeitung Ihrer Daten einstellen wird, es sei denn, es liegen zwingende legitime Gr\u00fcnde vor oder es geht um die Geltendmachung oder Verteidigung etwaiger Anspr\u00fcche.<\/p>\n<p>Sie k\u00f6nnen die \u00dcbertragbarkeit Ihrer personenbezogenen Daten beantragen. In diesem Fall senden wir Ihnen entweder die in unseren Datenbanken gespeicherten personenbezogenen Daten per E-Mail an die von Ihnen in Ihrem Antrag angegebene Adresse in einem Textformat, das lesbar ist und an die Bed\u00fcrfnisse eines anderen Datenverantwortlichen angepasst werden kann, oder wir \u00fcbermitteln sie in demselben Format an den neuen Datenverantwortlichen an die von Ihnen in Ihrem Antrag angegebene E-Mail Adresse.<\/p>\n<p>Sie haben das Recht, keiner Entscheidung unterworfen zu werden, die ausschlie\u00dflich auf einer automatisierten Datenverarbeitung, einschlie\u00dflich Profiling, beruht.<\/p>\n<p>Sie k\u00f6nnen auch eine von Ihnen ausdr\u00fccklich erteilte Zustimmung zur\u00fcckziehen oder widerrufen, indem Sie dies in Ihrer Anfrage angeben.<\/p>\n<p>Die Rechte der Betroffenen k\u00f6nnen entweder direkt vom Betroffenen ausge\u00fcbt werden, indem er eine Fotokopie seines Personalausweises oder eines gleichwertigen Dokuments vorlegt, um seine Identit\u00e4t nachzuweisen, oder durch eine gesetzliche oder freiwillige Vertretung, wobei in diesem Fall zus\u00e4tzlich zu einer Fotokopie des Personalausweises oder eines gleichwertigen Dokuments des Betroffenen die authentische Urkunde zum Nachweis der Vertretung des Dritten zusammen mit einer Fotokopie seines Personalausweises oder eines gleichwertigen Dokuments vorgelegt werden muss.<\/p>\n<h2>6. Reklamationen<\/h2>\n<p>Wenn Sie der Meinung sind, dass die Verarbeitung Ihrer pers\u00f6nlichen Daten gegen die Vorschriften oder die Bestimmungen dieser Klausel verst\u00f6\u00dft, k\u00f6nnen Sie eine Beschwerde bei der spanischen Datenschutzbeh\u00f6rde einreichen, die die zust\u00e4ndige Aufsichtsbeh\u00f6rde f\u00fcr den Schutz Ihrer pers\u00f6nlichen Daten ist, und zwar \u00fcber ihren elektronischen Sitz oder ihre Postanschrift, die auf der Website www.agpd.es eingesehen werden kann.<\/p>\n<p>*** Wenn Sie mit den in dieser Datenschutzrichtlinie dargelegten Erw\u00e4gungen nicht einverstanden sind, nutzen Sie das Portal bitte nicht, da jede Nutzung des Portals oder der darin enthaltenen Dienste und Inhalte Ihr Einverst\u00e4ndnis mit den in diesem Text dargelegten rechtlichen Bedingungen voraussetzt.<\/p>\n<p>Die in dieser Datenschutzrichtlinie enthaltenen Bedingungen k\u00f6nnen variieren. Wir laden Sie daher ein, diese Bedingungen bei Ihrem n\u00e4chsten Besuch des Portals zu \u00fcberpr\u00fcfen. Diese Datenschutzrichtlinie gilt auch unbeschadet anderer Allgemeiner Bedingungen und spezifischer Bedingungen, die den Zugang zu bestimmten Inhalten und Diensten innerhalb des Portals regeln. <\/p>\n<p>Der Nutzer erkennt die Nutzungsbedingungen des Portals an und verpflichtet sich, es in \u00dcbereinstimmung mit diesen zu nutzen. Ebenso verpflichtet er sich, die Dienste und Inhalte des Portals angemessen zu nutzen und sie nicht f\u00fcr kriminelle oder unerlaubte Aktivit\u00e4ten zu verwenden. <\/p>\n<p>HOLIDAYSFORUMALAGA SL kann Cookies verwenden, wenn ein Benutzer auf seinen Websites und Webseiten surft. Sie k\u00f6nnen unsere <a href=\"https:\/\/www.holidaysforu.es\/de\/cookies-politik\/\">Cookie-Richtlinie<\/a> einsehen. <\/p>\n<\/div><\/div><\/div><\/div><\/div><\/div><\/div><\/section>\n","protected":false},"excerpt":{"rendered":"[vc_custom_heading text=\"Datenschutzbestimmungen\" font_container=\"tag:h1|text_align:left\" use_theme_fonts=\"yes\"]Informationen \u00fcber unsere Datenschutzrichtlinien und Datenschutzbestimmungen: HOLIDAYSFORUMALAGA SL erf\u00fcllt die Verpflichtungen, die sich aus der Verordnung (EU) 2016\/679 des Europ\u00e4ischen Parlaments und des Rates vom 27. April 2016 zum Schutz nat\u00fcrlicher Personen und dem Organgesetz 3\/2018 vom 5. Dezember \u00fcber den Schutz personenbezogener Daten und die Gew\u00e4hrleistung digitaler Rechte ergeben, in Bezug...","protected":false},"author":1,"featured_media":0,"parent":0,"menu_order":0,"comment_status":"closed","ping_status":"open","template":"","meta":{"_acf_changed":false,"_joinchat":[],"footnotes":""},"class_list":["post-1656","page","type-page","status-publish","hentry"],"acf":[],"yoast_head":"<!-- This site is optimized with the Yoast SEO plugin v27.5 - https:\/\/yoast.com\/product\/yoast-seo-wordpress\/ -->\n<title>Datenschutzbestimmungen - Holidays for U<\/title>\n<meta name=\"robots\" content=\"noindex, follow\" \/>\n<meta property=\"og:locale\" content=\"de_DE\" \/>\n<meta property=\"og:type\" content=\"article\" \/>\n<meta property=\"og:title\" content=\"Datenschutzbestimmungen - Holidays for U\" \/>\n<meta property=\"og:url\" content=\"https:\/\/www.holidaysforu.es\/de\/datenschutzbestimmungen\/\" \/>\n<meta property=\"og:site_name\" content=\"Holidays for U\" \/>\n<meta property=\"article:modified_time\" content=\"2025-05-27T05:21:35+00:00\" \/>\n<meta name=\"twitter:card\" content=\"summary_large_image\" \/>\n<meta name=\"twitter:label1\" content=\"Gesch\u00e4tzte Lesezeit\" \/>\n\t<meta name=\"twitter:data1\" content=\"7\u00a0Minuten\" \/>\n<!-- \/ Yoast SEO plugin. -->","yoast_head_json":{"title":"Datenschutzbestimmungen - Holidays for U","robots":{"index":"noindex","follow":"follow"},"og_locale":"de_DE","og_type":"article","og_title":"Datenschutzbestimmungen - Holidays for U","og_url":"https:\/\/www.holidaysforu.es\/de\/datenschutzbestimmungen\/","og_site_name":"Holidays for U","article_modified_time":"2025-05-27T05:21:35+00:00","twitter_card":"summary_large_image","twitter_misc":{"Gesch\u00e4tzte Lesezeit":"7\u00a0Minuten"},"schema":{"@context":"https:\/\/schema.org","@graph":[{"@type":"WebPage","@id":"https:\/\/www.holidaysforu.es\/de\/datenschutzbestimmungen\/","url":"https:\/\/www.holidaysforu.es\/de\/datenschutzbestimmungen\/","name":"Datenschutzbestimmungen - Holidays for U","isPartOf":{"@id":"https:\/\/www.holidaysforu.es\/de\/#website"},"datePublished":"2022-09-30T08:24:42+00:00","dateModified":"2025-05-27T05:21:35+00:00","breadcrumb":{"@id":"https:\/\/www.holidaysforu.es\/de\/datenschutzbestimmungen\/#breadcrumb"},"inLanguage":"de","potentialAction":[{"@type":"ReadAction","target":["https:\/\/www.holidaysforu.es\/de\/datenschutzbestimmungen\/"]}]},{"@type":"BreadcrumbList","@id":"https:\/\/www.holidaysforu.es\/de\/datenschutzbestimmungen\/#breadcrumb","itemListElement":[{"@type":"ListItem","position":1,"name":"Portada","item":"https:\/\/www.holidaysforu.es\/de\/startseite\/"},{"@type":"ListItem","position":2,"name":"Datenschutzbestimmungen"}]},{"@type":"WebSite","@id":"https:\/\/www.holidaysforu.es\/de\/#website","url":"https:\/\/www.holidaysforu.es\/de\/","name":"Holidays for U","description":"","potentialAction":[{"@type":"SearchAction","target":{"@type":"EntryPoint","urlTemplate":"https:\/\/www.holidaysforu.es\/de\/?s={search_term_string}"},"query-input":{"@type":"PropertyValueSpecification","valueRequired":true,"valueName":"search_term_string"}}],"inLanguage":"de"}]}},"_links":{"self":[{"href":"https:\/\/www.holidaysforu.es\/de\/wp-json\/wp\/v2\/pages\/1656","targetHints":{"allow":["GET"]}}],"collection":[{"href":"https:\/\/www.holidaysforu.es\/de\/wp-json\/wp\/v2\/pages"}],"about":[{"href":"https:\/\/www.holidaysforu.es\/de\/wp-json\/wp\/v2\/types\/page"}],"author":[{"embeddable":true,"href":"https:\/\/www.holidaysforu.es\/de\/wp-json\/wp\/v2\/users\/1"}],"replies":[{"embeddable":true,"href":"https:\/\/www.holidaysforu.es\/de\/wp-json\/wp\/v2\/comments?post=1656"}],"version-history":[{"count":2,"href":"https:\/\/www.holidaysforu.es\/de\/wp-json\/wp\/v2\/pages\/1656\/revisions"}],"predecessor-version":[{"id":1659,"href":"https:\/\/www.holidaysforu.es\/de\/wp-json\/wp\/v2\/pages\/1656\/revisions\/1659"}],"wp:attachment":[{"href":"https:\/\/www.holidaysforu.es\/de\/wp-json\/wp\/v2\/media?parent=1656"}],"curies":[{"name":"wp","href":"https:\/\/api.w.org\/{rel}","templated":true}]}}