{"id":1565,"date":"2025-05-22T11:54:47","date_gmt":"2025-05-22T09:54:47","guid":{"rendered":"https:\/\/www.holidaysforu.es\/guests\/"},"modified":"2025-08-26T14:15:08","modified_gmt":"2025-08-26T12:15:08","slug":"guests","status":"publish","type":"page","link":"https:\/\/www.holidaysforu.es\/en\/guests\/","title":{"rendered":"Guests"},"content":{"rendered":"<section class=\"l-section wpb_row us_custom_6acaec66 has_text_color height_medium\"><div class=\"l-section-overlay\" style=\"background:rgba(34,34,34,0.60)\"><\/div><div class=\"l-section-h i-cf\"><div class=\"g-cols vc_row via_flex valign_top type_default stacking_default\"><div class=\"vc_col-sm-12 wpb_column vc_column_container\"><div class=\"vc_column-inner\"><div class=\"wpb_wrapper\">[vc_custom_heading text=&#8221;Guest management in Malaga&#8221; font_container=&#8221;tag:h1|text_align:center&#8221; use_theme_fonts=&#8221;yes&#8221;]<div class=\"w-text us_custom_211707e8\"><span class=\"w-text-h\"><span class=\"w-text-value\">Guest information<\/span><\/span><\/div><\/div><\/div><\/div><\/div><\/div><\/section><section class=\"l-section wpb_row height_medium width_custom\" style=\"--site-content-width:1200px;\"><div class=\"l-section-h i-cf\"><div class=\"g-cols vc_row via_flex valign_middle type_default stacking_default\"><div class=\"vc_col-sm-6 wpb_column vc_column_container\"><div class=\"vc_column-inner\"><div class=\"wpb_wrapper\"><div class=\"w-image align_none\"><div class=\"w-image-h\"><img decoding=\"async\" width=\"683\" height=\"1024\" src=\"https:\/\/www.holidaysforu.es\/wp-content\/uploads\/2025\/05\/2148515895-683x1024.jpg\" class=\"attachment-large size-large\" alt=\"gesti\u00f3n hu\u00e9spedes m\u00e1laga\" loading=\"lazy\" srcset=\"https:\/\/www.holidaysforu.es\/wp-content\/uploads\/2025\/05\/2148515895-683x1024.jpg 683w, https:\/\/www.holidaysforu.es\/wp-content\/uploads\/2025\/05\/2148515895-200x300.jpg 200w, https:\/\/www.holidaysforu.es\/wp-content\/uploads\/2025\/05\/2148515895.jpg 1000w\" sizes=\"auto, (max-width: 683px) 100vw, 683px\" \/><\/div><\/div><\/div><\/div><\/div><div class=\"vc_col-sm-6 wpb_column vc_column_container\"><div class=\"vc_column-inner\"><div class=\"wpb_wrapper\">[vc_custom_heading text=&#8221;What do we offer our guests?&#8221; use_theme_fonts=&#8221;yes&#8221;]<div class=\"wpb_text_column\"><div class=\"wpb_wrapper\"><p><strong>More than a stay, an unforgettable experience<\/strong><\/p>\n<p>At <a href=\"https:\/\/www.holidaysforu.es\/en\/\" target=\"_blank\" rel=\"noopener\">HolidaysForU<\/a> we are dedicated to offer much more than just accommodation; we provide memorable experiences on the Costa del Sol. Our <a href=\"https:\/\/www.holidaysforu.es\/en\/owners\/\" target=\"_blank\" rel=\"noopener\">apartments<\/a> are carefully selected for their privileged location, cozy design and complete equipment, guaranteeing comfort and style in every detail. <\/p>\n<p><strong>24\/7 personalized attention<\/strong><\/p>\n<p>Our team is available 24 hours a day, 7 days a week, to address any needs or inquiries. From restaurant recommendations and local activities to immediate assistance with any unforeseen event, we are here to make sure your stay is perfect &#8211;<a href=\"https:\/\/www.holidaysforu.es\/en\/contact\/\" target=\"_blank\" rel=\"noopener\">contact us<\/a> now!<\/p>\n<\/div><\/div><div class=\"w-btn-wrapper align_none\"><a class=\"w-btn us-btn-style_1 us_custom_173c0608\" href=\"https:\/\/www.holidaysforu.es\/en\/contact\/\"><span class=\"w-btn-label\">Try it now!<\/span><\/a><\/div><\/div><\/div><\/div><\/div><\/div><\/section><section class=\"l-section wpb_row us_custom_ff5a1bc3 has_text_color height_medium width_custom\" style=\"--site-content-width:850px;\"><div class=\"l-section-h i-cf\"><div class=\"g-cols vc_row via_flex valign_top type_default stacking_default\"><div class=\"vc_col-sm-12 wpb_column vc_column_container\"><div class=\"vc_column-inner\"><div class=\"wpb_wrapper\">[vc_custom_heading text=&#8221;Services that make a difference&#8221; use_theme_fonts=&#8221;yes&#8221;]<div class=\"wpb_text_column\"><div class=\"wpb_wrapper\"><ul>\n<li style=\"text-align: left;\"><strong>Flexible and personalized check-in<\/strong>: We adapt to your schedule and preferences to make your arrival comfortable and hassle-free.<\/li>\n<li style=\"text-align: left;\"><strong>Professional cleaning and constant maintenance<\/strong>: We guarantee impeccable and functional spaces throughout your stay.<\/li>\n<li style=\"text-align: left;\"><strong>Booking and activity assistance<\/strong>: We help you plan and book local experiences, from cultural visits to outdoor activities.<\/li>\n<li style=\"text-align: left;\"><strong>Full equipment<\/strong>: Our apartments have all the necessary amenities, including fully equipped kitchens, high-speed Wi-Fi and spaces designed for rest and relaxation.<\/li>\n<\/ul>\n<\/div><\/div><\/div><\/div><\/div><\/div><\/div><\/section><section class=\"l-section wpb_row height_medium width_custom\" style=\"--site-content-width:1200px;\"><div class=\"l-section-h i-cf\"><div class=\"g-cols vc_row via_flex valign_middle type_default stacking_default\"><div class=\"vc_col-sm-6 wpb_column vc_column_container\"><div class=\"vc_column-inner\"><div class=\"wpb_wrapper\">[vc_custom_heading text=&#8221;Committed to excellence&#8221; use_theme_fonts=&#8221;yes&#8221;]<div class=\"wpb_text_column\"><div class=\"wpb_wrapper\"><p>At HolidaysForU, we are proud to offer a service that combines professionalism, warmth and attention to detail. Our goal is to make each guest feel at home, enjoying unique and personalized <a href=\"https:\/\/www.holidaysforu.es\/en\/rent\/\" target=\"_blank\" rel=\"noopener\">accommodations<\/a>.<\/p>\n<\/div><\/div><\/div><\/div><\/div><div class=\"vc_col-sm-6 wpb_column vc_column_container\"><div class=\"vc_column-inner\"><div class=\"wpb_wrapper\"><div class=\"w-image align_none\"><div class=\"w-image-h\"><img decoding=\"async\" width=\"1000\" height=\"1000\" src=\"https:\/\/www.holidaysforu.es\/wp-content\/uploads\/2025\/05\/2149240915.jpg\" class=\"attachment-large size-large\" alt=\"gesti\u00f3n hu\u00e9spedes m\u00e1laga\" loading=\"lazy\" srcset=\"https:\/\/www.holidaysforu.es\/wp-content\/uploads\/2025\/05\/2149240915.jpg 1000w, https:\/\/www.holidaysforu.es\/wp-content\/uploads\/2025\/05\/2149240915-300x300.jpg 300w, https:\/\/www.holidaysforu.es\/wp-content\/uploads\/2025\/05\/2149240915-150x150.jpg 150w\" sizes=\"auto, (max-width: 1000px) 100vw, 1000px\" \/><\/div><\/div><\/div><\/div><\/div><\/div><\/div><\/section><section class=\"l-section wpb_row height_huge\"><div class=\"l-section-h i-cf\"><div class=\"g-cols vc_row via_flex valign_middle type_default stacking_default\"><div class=\"vc_col-sm-6 wpb_column vc_column_container\"><div class=\"vc_column-inner\"><div class=\"wpb_wrapper\"><div class=\"w-html us_custom_6ab53e82\"><iframe src=\"https:\/\/www.google.com\/maps\/embed?pb=!1m18!1m12!1m3!1d3198.577630335853!2d-4.477891923598432!3d36.7086862728519!2m3!1f0!2f0!3f0!3m2!1i1024!2i768!4f13.1!3m3!1m2!1s0x2aecf6c9b8e0e9a3:0x148570325bf13634!2sHolidaysForU - Gesti\u00f3n De Viviendas Tur\u00edsticas!5e0!3m2!1ses!2ses!4v1738242905590!5m2!1ses!2ses\" style=\"width: 100%; height: 750px; border: 0;border-radius:18px\" allowfullscreen=\"\" loading=\"lazy\" referrerpolicy=\"no-referrer-when-downgrade\"><\/iframe><\/div><\/div><\/div><\/div><div class=\"vc_col-sm-6 wpb_column vc_column_container has_bg_color\"><div class=\"vc_column-inner us_custom_3db6c53a\"><div class=\"wpb_wrapper\">[vc_custom_heading text=&#8221;Contact with us&#8221; font_container=&#8221;tag:h2|text_align:center&#8221; use_theme_fonts=&#8221;yes&#8221; css=&#8221;%7B%22default%22%3A%7B%22margin-bottom%22%3A%222rem%22%7D%7D&#8221;]\n<div class=\"wpcf7 no-js\" id=\"wpcf7-f1730-o1\" lang=\"en-US\" dir=\"ltr\" data-wpcf7-id=\"1730\">\n<div class=\"screen-reader-response\"><p role=\"status\" aria-live=\"polite\" aria-atomic=\"true\"><\/p> <ul><\/ul><\/div>\n<form action=\"\/en\/wp-json\/wp\/v2\/pages\/1565#wpcf7-f1730-o1\" method=\"post\" class=\"wpcf7-form init wpcf7-acceptance-as-validation\" aria-label=\"Contact form\" novalidate=\"novalidate\" data-status=\"init\">\n<fieldset class=\"hidden-fields-container\"><input type=\"hidden\" name=\"_wpcf7\" value=\"1730\" \/><input type=\"hidden\" name=\"_wpcf7_version\" value=\"6.1.5\" \/><input type=\"hidden\" name=\"_wpcf7_locale\" value=\"en_US\" \/><input type=\"hidden\" name=\"_wpcf7_unit_tag\" value=\"wpcf7-f1730-o1\" \/><input type=\"hidden\" name=\"_wpcf7_container_post\" value=\"0\" \/><input type=\"hidden\" name=\"_wpcf7_posted_data_hash\" value=\"\" \/><input type=\"hidden\" name=\"_wpcf7_recaptcha_response\" value=\"\" \/>\n<\/fieldset>\n<div class=\"row\">\n\t<div class=\"col-xs-12\">\n\t\t<div class=\"form-group\">\n\t\t\t<p><label for=\"nombre\"> Name <span class=\"red\">*<\/span><\/label><br \/>\n<span class=\"wpcf7-form-control-wrap\" data-name=\"nombre\"><input size=\"40\" maxlength=\"400\" class=\"wpcf7-form-control wpcf7-text wpcf7-validates-as-required\" id=\"name\" autocomplete=\"name\" aria-required=\"true\" aria-invalid=\"false\" value=\"\" type=\"text\" name=\"nombre\" \/><\/span>\n\t\t\t<\/p>\n\t\t<\/div>\n\t<\/div>\n<\/div>\n<div class=\"row\">\n\t<div class=\"col-xs-12\">\n\t\t<div class=\"form-group\">\n\t\t\t<p><label for=\"last-name\"> Last name <span class=\"red\">*<\/span><\/label><br \/>\n<span class=\"wpcf7-form-control-wrap\" data-name=\"lastname\"><input size=\"40\" maxlength=\"400\" class=\"wpcf7-form-control wpcf7-text wpcf7-validates-as-required\" id=\"lastname\" autocomplete=\"lastname\" aria-required=\"true\" aria-invalid=\"false\" value=\"\" type=\"text\" name=\"lastname\" \/><\/span>\n\t\t\t<\/p>\n\t\t<\/div>\n\t<\/div>\n<\/div>\n<div class=\"row\">\n\t<div class=\"col-xs-12\">\n\t\t<div class=\"form-group\">\n\t\t\t<p><label for=\"email\"> Email <span class=\"red\">*<\/span><\/label><br \/>\n<span class=\"wpcf7-form-control-wrap\" data-name=\"email\"><input size=\"40\" maxlength=\"400\" class=\"wpcf7-form-control wpcf7-email wpcf7-validates-as-required wpcf7-text wpcf7-validates-as-email\" id=\"email\" autocomplete=\"email\" aria-required=\"true\" aria-invalid=\"false\" value=\"\" type=\"email\" name=\"email\" \/><\/span>\n\t\t\t<\/p>\n\t\t<\/div>\n\t<\/div>\n<\/div>\n<div class=\"row\">\n\t<div class=\"col-xs-12\">\n\t\t<div class=\"form-group\">\n\t\t\t<p><label for=\"phone\"> Message<\/label><br \/>\n<span class=\"wpcf7-form-control-wrap\" data-name=\"message\"><textarea cols=\"40\" rows=\"1\" maxlength=\"2000\" class=\"wpcf7-form-control wpcf7-textarea wpcf7-validates-as-required\" id=\"message\" autocomplete=\"message\" aria-required=\"true\" aria-invalid=\"false\" name=\"message\"><\/textarea><\/span>\n\t\t\t<\/p>\n\t\t<\/div>\n\t<\/div>\n<\/div>\n<div class=\"row\">\n\t<div class=\"col-xs-12\">\n\t\t<div class=\"form-legal\">\n\t\t\t<p><span class=\"wpcf7-form-control-wrap\" data-name=\"aceptacion\"><span class=\"wpcf7-form-control wpcf7-acceptance\"><span class=\"wpcf7-list-item\"><label><input type=\"checkbox\" name=\"aceptacion\" value=\"1\" id=\"aceptacion\" aria-invalid=\"false\" \/><span class=\"wpcf7-list-item-label\">I have read and accept the <a rel=\"nofollow\" target=\"_blank\" href=\"\/politica-de-privacidad\/\">privacy policy<\/a>.<\/span><\/label><\/span><\/span><\/span>\n\t\t\t<\/p>\n\t\t<\/div>\n\t<\/div>\n<\/div>\n<div class=\"block-submit\">\n\t<p><input class=\"wpcf7-form-control wpcf7-submit has-spinner\" id=\"form-contact\" type=\"submit\" value=\"Send to\" \/>\n\t<\/p>\n<\/div><div class=\"wpcf7-response-output\" aria-hidden=\"true\"><\/div>\n<\/form>\n<\/div>\n<\/div><\/div><\/div><\/div><\/div><\/section>\n","protected":false},"excerpt":{"rendered":"[vc_custom_heading text=\"Guest management in Malaga\" font_container=\"tag:h1|text_align:center\" use_theme_fonts=\"yes\"]Guest information[vc_custom_heading text=\"What do we offer our guests?\" use_theme_fonts=\"yes\"]More than a stay, an unforgettable experience At HolidaysForU we are dedicated to offer much more than just accommodation; we provide memorable experiences on the Costa del Sol. Our apartments are carefully selected for their privileged location, cozy design and complete...","protected":false},"author":1,"featured_media":0,"parent":0,"menu_order":0,"comment_status":"closed","ping_status":"closed","template":"","meta":{"_acf_changed":false,"_joinchat":[],"footnotes":""},"class_list":["post-1565","page","type-page","status-publish","hentry"],"acf":[],"yoast_head":"<!-- This site is optimized with the Yoast SEO plugin v27.4 - https:\/\/yoast.com\/product\/yoast-seo-wordpress\/ -->\n<title>Guest management in Malaga | Holidays for u<\/title>\n<meta name=\"description\" content=\"In Holidays for u we specialize in the management of guests in Malaga. Enjoy a unique and totally personalized stay.\" \/>\n<meta name=\"robots\" content=\"index, follow, max-snippet:-1, max-image-preview:large, max-video-preview:-1\" \/>\n<link rel=\"canonical\" href=\"https:\/\/www.holidaysforu.es\/en\/guests\/\" \/>\n<meta property=\"og:locale\" content=\"en_US\" \/>\n<meta property=\"og:type\" content=\"article\" \/>\n<meta property=\"og:title\" content=\"Guest management in Malaga | Holidays for u\" \/>\n<meta property=\"og:description\" content=\"In Holidays for u we specialize in the management of guests in Malaga. Enjoy a unique and totally personalized stay.\" \/>\n<meta property=\"og:url\" content=\"https:\/\/www.holidaysforu.es\/en\/guests\/\" \/>\n<meta property=\"og:site_name\" content=\"Holidays for U\" \/>\n<meta property=\"article:modified_time\" content=\"2025-08-26T12:15:08+00:00\" \/>\n<meta name=\"twitter:card\" content=\"summary_large_image\" \/>\n<meta name=\"twitter:label1\" content=\"Est. reading time\" \/>\n\t<meta name=\"twitter:data1\" content=\"3 minutes\" \/>\n<!-- \/ Yoast SEO plugin. -->","yoast_head_json":{"title":"Guest management in Malaga | Holidays for u","description":"In Holidays for u we specialize in the management of guests in Malaga. Enjoy a unique and totally personalized stay.","robots":{"index":"index","follow":"follow","max-snippet":"max-snippet:-1","max-image-preview":"max-image-preview:large","max-video-preview":"max-video-preview:-1"},"canonical":"https:\/\/www.holidaysforu.es\/en\/guests\/","og_locale":"en_US","og_type":"article","og_title":"Guest management in Malaga | Holidays for u","og_description":"In Holidays for u we specialize in the management of guests in Malaga. Enjoy a unique and totally personalized stay.","og_url":"https:\/\/www.holidaysforu.es\/en\/guests\/","og_site_name":"Holidays for U","article_modified_time":"2025-08-26T12:15:08+00:00","twitter_card":"summary_large_image","twitter_misc":{"Est. reading time":"3 minutes"},"schema":{"@context":"https:\/\/schema.org","@graph":[{"@type":"WebPage","@id":"https:\/\/www.holidaysforu.es\/en\/guests\/","url":"https:\/\/www.holidaysforu.es\/en\/guests\/","name":"Guest management in Malaga | Holidays for u","isPartOf":{"@id":"https:\/\/www.holidaysforu.es\/en\/#website"},"datePublished":"2025-05-22T09:54:47+00:00","dateModified":"2025-08-26T12:15:08+00:00","description":"In Holidays for u we specialize in the management of guests in Malaga. Enjoy a unique and totally personalized stay.","breadcrumb":{"@id":"https:\/\/www.holidaysforu.es\/en\/guests\/#breadcrumb"},"inLanguage":"en-US","potentialAction":[{"@type":"ReadAction","target":["https:\/\/www.holidaysforu.es\/en\/guests\/"]}]},{"@type":"BreadcrumbList","@id":"https:\/\/www.holidaysforu.es\/en\/guests\/#breadcrumb","itemListElement":[{"@type":"ListItem","position":1,"name":"Portada","item":"https:\/\/www.holidaysforu.es\/en\/home\/"},{"@type":"ListItem","position":2,"name":"Guests"}]},{"@type":"WebSite","@id":"https:\/\/www.holidaysforu.es\/en\/#website","url":"https:\/\/www.holidaysforu.es\/en\/","name":"Holidays for U","description":"","potentialAction":[{"@type":"SearchAction","target":{"@type":"EntryPoint","urlTemplate":"https:\/\/www.holidaysforu.es\/en\/?s={search_term_string}"},"query-input":{"@type":"PropertyValueSpecification","valueRequired":true,"valueName":"search_term_string"}}],"inLanguage":"en-US"}]}},"_links":{"self":[{"href":"https:\/\/www.holidaysforu.es\/en\/wp-json\/wp\/v2\/pages\/1565","targetHints":{"allow":["GET"]}}],"collection":[{"href":"https:\/\/www.holidaysforu.es\/en\/wp-json\/wp\/v2\/pages"}],"about":[{"href":"https:\/\/www.holidaysforu.es\/en\/wp-json\/wp\/v2\/types\/page"}],"author":[{"embeddable":true,"href":"https:\/\/www.holidaysforu.es\/en\/wp-json\/wp\/v2\/users\/1"}],"replies":[{"embeddable":true,"href":"https:\/\/www.holidaysforu.es\/en\/wp-json\/wp\/v2\/comments?post=1565"}],"version-history":[{"count":5,"href":"https:\/\/www.holidaysforu.es\/en\/wp-json\/wp\/v2\/pages\/1565\/revisions"}],"predecessor-version":[{"id":2189,"href":"https:\/\/www.holidaysforu.es\/en\/wp-json\/wp\/v2\/pages\/1565\/revisions\/2189"}],"wp:attachment":[{"href":"https:\/\/www.holidaysforu.es\/en\/wp-json\/wp\/v2\/media?parent=1565"}],"curies":[{"name":"wp","href":"https:\/\/api.w.org\/{rel}","templated":true}]}}