{"id":1540,"date":"2025-01-31T15:20:18","date_gmt":"2025-01-31T13:20:18","guid":{"rendered":"https:\/\/www.holidaysforu.es\/louer\/"},"modified":"2025-06-25T19:52:56","modified_gmt":"2025-06-25T17:52:56","slug":"louer","status":"publish","type":"page","link":"https:\/\/www.holidaysforu.es\/fr\/louer\/","title":{"rendered":"Louer"},"content":{"rendered":"<section class=\"l-section wpb_row us_custom_9eb649e9 height_medium\"><div class=\"l-section-overlay\" style=\"background:rgba(0,0,0,0.60)\"><\/div><div class=\"l-section-h i-cf\"><div class=\"g-cols vc_row via_flex valign_top type_default stacking_default\"><div class=\"vc_col-sm-12 wpb_column vc_column_container\"><div class=\"vc_column-inner\"><div class=\"wpb_wrapper\">[vc_custom_heading text=\u00a0\u00bbLocation de logements touristiques \u00e0 Malaga\u00a0\u00bb font_container=\u00a0\u00bbtag:h1|text_align:center|color:%23ffffff\u00a0\u00bb use_theme_fonts=\u00a0\u00bbyes\u00a0\u00bb]<\/div><\/div><\/div><\/div><\/div><\/section><section class=\"l-section wpb_row us_custom_5df6905d height_medium width_full\"><div class=\"l-section-h i-cf\"><div class=\"g-cols vc_row via_flex valign_top type_default stacking_default\"><div class=\"vc_col-sm-12 wpb_column vc_column_container\"><div class=\"vc_column-inner\"><div class=\"wpb_wrapper\"><div class=\"w-html\"><iframe class=\"icnea-iframe\" src=\"https:\/\/holidaysforu.icnea.net\/?idi=3\" style=\"width:100%; min-height:400px;\" scrolling=\"no\" frameborder=\"0\" onload=\"window.scrollTo(0,0)\"><\/iframe>\n<script>\nif (window.location.search) {\nconst arrival = get('arrival') || '';\nconst departure = get('departure') || '';\nconst guests = get('guests') || '';\nconst destination = get('destination') || 'all';\nconst address = get('address') || 'all';\nconst gro = get('gro') || '';\nconst idi = get('idi') || 2;\nconst typ = get('typ') || '';\nif (arrival && departure && guests) {\nconst iframe = document.querySelector('iframe.icnea-iframe');\nconst urlBase = \"https:\/\/holidaysforu.icnea.net\";\nlet qparams =\n`?idi=${idi}&arrival=${arrival}&departure=${departure}&guests=${guests}&address=${address}`;\nif (typ) {\nqparams += `&typ=${typ}`;\n}\nif (destination) {\nqparams += `&destination=${destination}`;\n}\niframe.src = urlBase + qparams;\n}\n}\nfunction get(name) {\nconst match = new RegExp('[?&]' + encodeURIComponent(name) + '=([^&]*)').exec(location.search);\nreturn match ? decodeURIComponent(match[1]) : null;\n}\n<\/script>\n\n<script src=\"https:\/\/holidaysforu.icnea.net\/assets\/js\/vendors\/iframeResizer.min.js\">\n<\/script><script>iFrameResize({log:false});<\/script><\/div><\/div><\/div><\/div><\/div><\/div><\/section><section class=\"l-section wpb_row height_medium\"><div class=\"l-section-h i-cf\"><div class=\"g-cols vc_row via_flex valign_top type_default stacking_default\"><div class=\"vc_col-sm-12 wpb_column vc_column_container\"><div class=\"vc_column-inner\"><div class=\"wpb_wrapper\"><div class=\"wpb_text_column\"><div class=\"wpb_wrapper\"><h2>H\u00e9bergement touristique \u00e0 Malaga<\/h2>\n<p><strong data-start=\"132\" data-end=\"190\">D\u00e9couvrez les meilleurs h\u00e9bergements touristiques de Malaga<\/strong>, une ville dynamique o\u00f9 l&rsquo;histoire, l&rsquo;art et la mer se conjuguent \u00e0 merveille. Ces h\u00e9bergements se distinguent par leur confort et leur emplacement strat\u00e9gique, \u00e0 proximit\u00e9 des plages, des mus\u00e9es et de l&rsquo;exquise cuisine locale. Que vous envisagiez une escapade culturelle ou des vacances au soleil et au sable, <a href=\"https:\/\/www.holidaysforu.es\/fr\/\" target=\"_blank\" rel=\"noopener\">Holidays for u<\/a> vous offre tout ce dont vous avez besoin. Vivez une exp\u00e9rience inoubliable en r\u00e9servant d\u00e8s aujourd&rsquo;hui votre logement id\u00e9al \u00e0 Malaga.<\/p>\n<\/div><\/div><\/div><\/div><\/div><\/div><\/div><\/section>\n","protected":false},"excerpt":{"rendered":"[vc_custom_heading text=\"Location de logements touristiques \u00e0 Malaga\" font_container=\"tag:h1|text_align:center|color:%23ffffff\" use_theme_fonts=\"yes\"] H\u00e9bergement touristique \u00e0 Malaga D\u00e9couvrez les meilleurs h\u00e9bergements touristiques de Malaga, une ville dynamique o\u00f9 l&rsquo;histoire, l&rsquo;art et la mer se conjuguent \u00e0 merveille. Ces h\u00e9bergements se distinguent par leur confort et leur emplacement strat\u00e9gique, \u00e0 proximit\u00e9 des plages, des mus\u00e9es et de l&rsquo;exquise cuisine locale....","protected":false},"author":1,"featured_media":0,"parent":0,"menu_order":0,"comment_status":"closed","ping_status":"closed","template":"","meta":{"_acf_changed":false,"_joinchat":[],"footnotes":""},"class_list":["post-1540","page","type-page","status-publish","hentry"],"acf":[],"yoast_head":"<!-- This site is optimized with the Yoast SEO plugin v27.5 - https:\/\/yoast.com\/product\/yoast-seo-wordpress\/ -->\n<title>H\u00e9bergement touristique \u00e0 Malaga | Les meilleurs appartements<\/title>\n<meta name=\"description\" content=\"D\u00e9couvrez notre s\u00e9lection de logements \u00e0 Malaga. Trouvez l&#039;endroit id\u00e9al pour votre escapade et vivez des vacances inoubliables sur la Costa del Sol.\" \/>\n<meta name=\"robots\" content=\"index, follow, max-snippet:-1, max-image-preview:large, max-video-preview:-1\" \/>\n<link rel=\"canonical\" href=\"https:\/\/www.holidaysforu.es\/fr\/louer\/\" \/>\n<meta property=\"og:locale\" content=\"fr_FR\" \/>\n<meta property=\"og:type\" content=\"article\" \/>\n<meta property=\"og:title\" content=\"H\u00e9bergement touristique \u00e0 Malaga | Les meilleurs appartements\" \/>\n<meta property=\"og:description\" content=\"D\u00e9couvrez notre s\u00e9lection de logements \u00e0 Malaga. Trouvez l&#039;endroit id\u00e9al pour votre escapade et vivez des vacances inoubliables sur la Costa del Sol.\" \/>\n<meta property=\"og:url\" content=\"https:\/\/www.holidaysforu.es\/fr\/louer\/\" \/>\n<meta property=\"og:site_name\" content=\"Holidays for U\" \/>\n<meta property=\"article:modified_time\" content=\"2025-06-25T17:52:56+00:00\" \/>\n<meta name=\"twitter:card\" content=\"summary_large_image\" \/>\n<meta name=\"twitter:label1\" content=\"Dur\u00e9e de lecture estim\u00e9e\" \/>\n\t<meta name=\"twitter:data1\" content=\"1 minute\" \/>\n<!-- \/ Yoast SEO plugin. -->","yoast_head_json":{"title":"H\u00e9bergement touristique \u00e0 Malaga | Les meilleurs appartements","description":"D\u00e9couvrez notre s\u00e9lection de logements \u00e0 Malaga. Trouvez l'endroit id\u00e9al pour votre escapade et vivez des vacances inoubliables sur la Costa del Sol.","robots":{"index":"index","follow":"follow","max-snippet":"max-snippet:-1","max-image-preview":"max-image-preview:large","max-video-preview":"max-video-preview:-1"},"canonical":"https:\/\/www.holidaysforu.es\/fr\/louer\/","og_locale":"fr_FR","og_type":"article","og_title":"H\u00e9bergement touristique \u00e0 Malaga | Les meilleurs appartements","og_description":"D\u00e9couvrez notre s\u00e9lection de logements \u00e0 Malaga. Trouvez l'endroit id\u00e9al pour votre escapade et vivez des vacances inoubliables sur la Costa del Sol.","og_url":"https:\/\/www.holidaysforu.es\/fr\/louer\/","og_site_name":"Holidays for U","article_modified_time":"2025-06-25T17:52:56+00:00","twitter_card":"summary_large_image","twitter_misc":{"Dur\u00e9e de lecture estim\u00e9e":"1 minute"},"schema":{"@context":"https:\/\/schema.org","@graph":[{"@type":"WebPage","@id":"https:\/\/www.holidaysforu.es\/fr\/louer\/","url":"https:\/\/www.holidaysforu.es\/fr\/louer\/","name":"H\u00e9bergement touristique \u00e0 Malaga | Les meilleurs appartements","isPartOf":{"@id":"https:\/\/www.holidaysforu.es\/fr\/#website"},"datePublished":"2025-01-31T13:20:18+00:00","dateModified":"2025-06-25T17:52:56+00:00","description":"D\u00e9couvrez notre s\u00e9lection de logements \u00e0 Malaga. Trouvez l'endroit id\u00e9al pour votre escapade et vivez des vacances inoubliables sur la Costa del Sol.","breadcrumb":{"@id":"https:\/\/www.holidaysforu.es\/fr\/louer\/#breadcrumb"},"inLanguage":"fr-FR","potentialAction":[{"@type":"ReadAction","target":["https:\/\/www.holidaysforu.es\/fr\/louer\/"]}]},{"@type":"BreadcrumbList","@id":"https:\/\/www.holidaysforu.es\/fr\/louer\/#breadcrumb","itemListElement":[{"@type":"ListItem","position":1,"name":"Portada","item":"https:\/\/www.holidaysforu.es\/fr\/accueil\/"},{"@type":"ListItem","position":2,"name":"Louer"}]},{"@type":"WebSite","@id":"https:\/\/www.holidaysforu.es\/fr\/#website","url":"https:\/\/www.holidaysforu.es\/fr\/","name":"Holidays for U","description":"","potentialAction":[{"@type":"SearchAction","target":{"@type":"EntryPoint","urlTemplate":"https:\/\/www.holidaysforu.es\/fr\/?s={search_term_string}"},"query-input":{"@type":"PropertyValueSpecification","valueRequired":true,"valueName":"search_term_string"}}],"inLanguage":"fr-FR"}]}},"_links":{"self":[{"href":"https:\/\/www.holidaysforu.es\/fr\/wp-json\/wp\/v2\/pages\/1540","targetHints":{"allow":["GET"]}}],"collection":[{"href":"https:\/\/www.holidaysforu.es\/fr\/wp-json\/wp\/v2\/pages"}],"about":[{"href":"https:\/\/www.holidaysforu.es\/fr\/wp-json\/wp\/v2\/types\/page"}],"author":[{"embeddable":true,"href":"https:\/\/www.holidaysforu.es\/fr\/wp-json\/wp\/v2\/users\/1"}],"replies":[{"embeddable":true,"href":"https:\/\/www.holidaysforu.es\/fr\/wp-json\/wp\/v2\/comments?post=1540"}],"version-history":[{"count":6,"href":"https:\/\/www.holidaysforu.es\/fr\/wp-json\/wp\/v2\/pages\/1540\/revisions"}],"predecessor-version":[{"id":2004,"href":"https:\/\/www.holidaysforu.es\/fr\/wp-json\/wp\/v2\/pages\/1540\/revisions\/2004"}],"wp:attachment":[{"href":"https:\/\/www.holidaysforu.es\/fr\/wp-json\/wp\/v2\/media?parent=1540"}],"curies":[{"name":"wp","href":"https:\/\/api.w.org\/{rel}","templated":true}]}}