{"id":1551,"date":"2025-01-31T12:38:23","date_gmt":"2025-01-31T10:38:23","guid":{"rendered":"https:\/\/www.holidaysforu.es\/services\/"},"modified":"2025-05-26T15:30:22","modified_gmt":"2025-05-26T13:30:22","slug":"services","status":"publish","type":"page","link":"https:\/\/www.holidaysforu.es\/fr\/services\/","title":{"rendered":"Services"},"content":{"rendered":"<section class=\"l-section wpb_row us_custom_82cbac5e has_text_color height_medium\"><div class=\"l-section-overlay\" style=\"background:rgba(34,34,34,0.60)\"><\/div><div class=\"l-section-h i-cf\"><div class=\"g-cols vc_row via_flex valign_top type_default stacking_default\"><div class=\"vc_col-sm-12 wpb_column vc_column_container\"><div class=\"vc_column-inner\"><div class=\"wpb_wrapper\">[vc_custom_heading text=\u00a0\u00bbServices pour les appartements touristiques\u00a0\u00bb font_container=\u00a0\u00bbtag:h1|text_align:center\u00a0\u00bb use_theme_fonts=\u00a0\u00bbyes\u00a0\u00bb]<div class=\"w-text us_custom_211707e8\"><span class=\"w-text-h\"><span class=\"w-text-value\">Ce que nous proposons<\/span><\/span><\/div><\/div><\/div><\/div><\/div><\/div><\/section><section class=\"l-section wpb_row height_medium\"><div class=\"l-section-h i-cf\"><div class=\"g-cols vc_row via_flex valign_top type_default stacking_default\"><div class=\"vc_col-sm-4 wpb_column vc_column_container\"><div class=\"vc_column-inner\"><div class=\"wpb_wrapper\"><div class=\"w-vwrapper align_none valign_top\"><div class=\"w-image us_custom_d3df7da9 img-service has_height align_none\"><div class=\"w-image-h\"><img decoding=\"async\" width=\"1000\" height=\"665\" src=\"https:\/\/www.holidaysforu.es\/wp-content\/uploads\/2025\/01\/2151104637.jpg\" class=\"attachment-large size-large\" alt=\"\" loading=\"lazy\" srcset=\"https:\/\/www.holidaysforu.es\/wp-content\/uploads\/2025\/01\/2151104637.jpg 1000w, https:\/\/www.holidaysforu.es\/wp-content\/uploads\/2025\/01\/2151104637-300x200.jpg 300w\" sizes=\"auto, (max-width: 1000px) 100vw, 1000px\" \/><\/div><\/div>[vc_custom_heading text=\u00a0\u00bbUne d\u00e9coration d&apos;int\u00e9rieur qui vous fait tomber amoureux\u00a0\u00bb font_container=\u00a0\u00bbtag:h3|text_align:left\u00a0\u00bb use_theme_fonts=\u00a0\u00bbyes\u00a0\u00bb]<div class=\"wpb_text_column\"><div class=\"wpb_wrapper\"><p>Nous mettons \u00e0 votre disposition des studios de premi\u00e8re classe avec des architectes d&rsquo;int\u00e9rieur professionnels pour transformer votre propri\u00e9t\u00e9 en un espace d&rsquo;excellence. Un d\u00e9cor soigneusement con\u00e7u ne se contente pas d&rsquo;am\u00e9liorer l&rsquo;esth\u00e9tique, il accro\u00eet \u00e9galement l&rsquo;attrait de votre logement, attirant ainsi davantage de clients et am\u00e9liorant la rentabilit\u00e9.<\/p>\n<\/div><\/div><\/div><\/div><\/div><\/div><div class=\"vc_col-sm-4 wpb_column vc_column_container\"><div class=\"vc_column-inner\"><div class=\"wpb_wrapper\"><div class=\"w-vwrapper align_none valign_top\"><div class=\"w-image us_custom_d3df7da9 img-service has_height align_none\"><div class=\"w-image-h\"><img decoding=\"async\" width=\"1000\" height=\"667\" src=\"https:\/\/www.holidaysforu.es\/wp-content\/uploads\/2025\/01\/9455.jpg\" class=\"attachment-large size-large\" alt=\"\" loading=\"lazy\" srcset=\"https:\/\/www.holidaysforu.es\/wp-content\/uploads\/2025\/01\/9455.jpg 1000w, https:\/\/www.holidaysforu.es\/wp-content\/uploads\/2025\/01\/9455-300x200.jpg 300w\" sizes=\"auto, (max-width: 1000px) 100vw, 1000px\" \/><\/div><\/div>[vc_custom_heading text=\u00a0\u00bbService d&apos;accueil 24 heures sur 24, 7 jours sur 7&Prime; font_container=\u00a0\u00bbtag:h3|text_align:left\u00a0\u00bb use_theme_fonts=\u00a0\u00bbyes\u00a0\u00bb]<div class=\"wpb_text_column\"><div class=\"wpb_wrapper\"><p>Notre service de gestion des h\u00f4tes est disponible tous les jours de l&rsquo;ann\u00e9e, 24 heures sur 24. Nous g\u00e9rons les arriv\u00e9es, les d\u00e9parts et les incidents de mani\u00e8re rapide et efficace. Notre \u00e9quipe multilingue offre le meilleur service, garantissant des exp\u00e9riences exceptionnelles et d&rsquo;excellentes critiques pour votre propri\u00e9t\u00e9.<\/p>\n<\/div><\/div><\/div><\/div><\/div><\/div><div class=\"vc_col-sm-4 wpb_column vc_column_container\"><div class=\"vc_column-inner\"><div class=\"wpb_wrapper\"><div class=\"w-vwrapper align_none valign_top\"><div class=\"w-image us_custom_d3df7da9 img-service has_height align_none\"><div class=\"w-image-h\"><img decoding=\"async\" width=\"1000\" height=\"583\" src=\"https:\/\/www.holidaysforu.es\/wp-content\/uploads\/2025\/01\/2148829295.jpg\" class=\"attachment-large size-large\" alt=\"\" loading=\"lazy\" srcset=\"https:\/\/www.holidaysforu.es\/wp-content\/uploads\/2025\/01\/2148829295.jpg 1000w, https:\/\/www.holidaysforu.es\/wp-content\/uploads\/2025\/01\/2148829295-300x175.jpg 300w\" sizes=\"auto, (max-width: 1000px) 100vw, 1000px\" \/><\/div><\/div>[vc_custom_heading text=\u00a0\u00bbOptimisation des prix et rentabilit\u00e9\u00a0\u00bb font_container=\u00a0\u00bbtag:h3|text_align:left\u00a0\u00bb use_theme_fonts=\u00a0\u00bbyes\u00a0\u00bb]<div class=\"wpb_text_column\"><div class=\"wpb_wrapper\"><p>Nous combinons nos connaissances locales avec un logiciel de tarification dynamique pour maximiser vos revenus. Gr\u00e2ce \u00e0 notre syst\u00e8me, nous d\u00e9passons de 30 % la moyenne du march\u00e9, en ajustant strat\u00e9giquement les tarifs et les promotions afin que votre propri\u00e9t\u00e9 obtienne des rendements exceptionnels.<\/p>\n<\/div><\/div><\/div><\/div><\/div><\/div><\/div><\/div><\/section><section class=\"l-section wpb_row height_medium\"><div class=\"l-section-h i-cf\"><div class=\"g-cols vc_row via_flex valign_top type_default stacking_default\"><div class=\"vc_col-sm-4 wpb_column vc_column_container\"><div class=\"vc_column-inner\"><div class=\"wpb_wrapper\"><div class=\"w-vwrapper align_none valign_top\"><div class=\"w-image us_custom_d3df7da9 img-service has_height align_none\"><div class=\"w-image-h\"><img decoding=\"async\" width=\"1000\" height=\"750\" src=\"https:\/\/www.holidaysforu.es\/wp-content\/uploads\/2025\/01\/2148529568.jpg\" class=\"attachment-large size-large\" alt=\"\" loading=\"lazy\" srcset=\"https:\/\/www.holidaysforu.es\/wp-content\/uploads\/2025\/01\/2148529568.jpg 1000w, https:\/\/www.holidaysforu.es\/wp-content\/uploads\/2025\/01\/2148529568-300x225.jpg 300w\" sizes=\"auto, (max-width: 1000px) 100vw, 1000px\" \/><\/div><\/div>[vc_custom_heading text=\u00a0\u00bbNettoyage d&apos;appartements touristiques \u00e0 Malaga\u00a0\u00bb font_container=\u00a0\u00bbtag:h3|text_align:left\u00a0\u00bb use_theme_fonts=\u00a0\u00bbyes\u00a0\u00bb]<div class=\"wpb_text_column\"><div class=\"wpb_wrapper\"><p>Nous disposons d&rsquo;une \u00e9quipe de nettoyage hautement coordonn\u00e9e qui maintient chaque logement en parfait \u00e9tat. Nous utilisons du linge de qualit\u00e9 sup\u00e9rieure pour garantir l&rsquo;hygi\u00e8ne et le confort de chaque h\u00f4te, en offrant toujours un environnement impeccable.<\/p>\n<\/div><\/div><\/div><\/div><\/div><\/div><div class=\"vc_col-sm-4 wpb_column vc_column_container\"><div class=\"vc_column-inner\"><div class=\"wpb_wrapper\"><div class=\"w-vwrapper align_none valign_top\"><div class=\"w-image us_custom_d3df7da9 img-service has_height align_none\"><div class=\"w-image-h\"><img decoding=\"async\" width=\"1000\" height=\"667\" src=\"https:\/\/www.holidaysforu.es\/wp-content\/uploads\/2025\/01\/2147765049.jpg\" class=\"attachment-large size-large\" alt=\"\" loading=\"lazy\" srcset=\"https:\/\/www.holidaysforu.es\/wp-content\/uploads\/2025\/01\/2147765049.jpg 1000w, https:\/\/www.holidaysforu.es\/wp-content\/uploads\/2025\/01\/2147765049-300x200.jpg 300w\" sizes=\"auto, (max-width: 1000px) 100vw, 1000px\" \/><\/div><\/div>[vc_custom_heading text=\u00a0\u00bbTransparence et contr\u00f4le complets\u00a0\u00bb font_container=\u00a0\u00bbtag:h3|text_align:left\u00a0\u00bb use_theme_fonts=\u00a0\u00bbyes\u00a0\u00bb]<div class=\"wpb_text_column\"><div class=\"wpb_wrapper\"><p>Notre application innovante pour les propri\u00e9taires vous donne acc\u00e8s \u00e0 un panneau de contr\u00f4le complet. Vous pourrez visualiser les r\u00e9servations, conna\u00eetre leurs montants, la plateforme utilis\u00e9e et calculer les taux d&rsquo;occupation, assurant ainsi une transparence totale dans la gestion de votre propri\u00e9t\u00e9.<\/p>\n<\/div><\/div><\/div><\/div><\/div><\/div><div class=\"vc_col-sm-4 wpb_column vc_column_container\"><div class=\"vc_column-inner\"><div class=\"wpb_wrapper\"><div class=\"w-vwrapper align_none valign_top\"><div class=\"w-image us_custom_d3df7da9 img-service has_height align_none\"><div class=\"w-image-h\"><img decoding=\"async\" width=\"1000\" height=\"667\" src=\"https:\/\/www.holidaysforu.es\/wp-content\/uploads\/2025\/01\/4892.jpg\" class=\"attachment-large size-large\" alt=\"\" loading=\"lazy\" srcset=\"https:\/\/www.holidaysforu.es\/wp-content\/uploads\/2025\/01\/4892.jpg 1000w, https:\/\/www.holidaysforu.es\/wp-content\/uploads\/2025\/01\/4892-300x200.jpg 300w\" sizes=\"auto, (max-width: 1000px) 100vw, 1000px\" \/><\/div><\/div>[vc_custom_heading text=\u00a0\u00bbPaiements ponctuels sans soucis\u00a0\u00bb font_container=\u00a0\u00bbtag:h3|text_align:left\u00a0\u00bb use_theme_fonts=\u00a0\u00bbyes\u00a0\u00bb]<div class=\"wpb_text_column\"><div class=\"wpb_wrapper\"><p>Chaque mois, vous recevrez le transfert de vos revenus en toute simplicit\u00e9. Nous nous occupons de l&rsquo;ensemble du processus pour que vous n&rsquo;ayez \u00e0 vous soucier de rien, en garantissant des paiements en temps voulu et une gestion efficace.<\/p>\n<\/div><\/div><\/div><\/div><\/div><\/div><\/div><\/div><\/section><section class=\"l-section wpb_row height_medium\"><div class=\"l-section-h i-cf\"><div class=\"g-cols vc_row via_flex valign_top type_default stacking_default\"><div class=\"vc_col-sm-4 wpb_column vc_column_container\"><div class=\"vc_column-inner\"><div class=\"wpb_wrapper\"><div class=\"w-vwrapper align_none valign_top\"><div class=\"w-image us_custom_d3df7da9 img-service has_height align_none\"><div class=\"w-image-h\"><img decoding=\"async\" width=\"1000\" height=\"667\" src=\"https:\/\/www.holidaysforu.es\/wp-content\/uploads\/2025\/01\/2149176719.jpg\" class=\"attachment-large size-large\" alt=\"\" loading=\"lazy\" srcset=\"https:\/\/www.holidaysforu.es\/wp-content\/uploads\/2025\/01\/2149176719.jpg 1000w, https:\/\/www.holidaysforu.es\/wp-content\/uploads\/2025\/01\/2149176719-300x200.jpg 300w\" sizes=\"auto, (max-width: 1000px) 100vw, 1000px\" \/><\/div><\/div>[vc_custom_heading text=\u00a0\u00bbMaintenance continue et examens p\u00e9riodiques\u00a0\u00bb font_container=\u00a0\u00bbtag:h3|text_align:left\u00a0\u00bb use_theme_fonts=\u00a0\u00bbyes\u00a0\u00bb]<div class=\"wpb_text_column\"><div class=\"wpb_wrapper\"><p>Nous veillons \u00e0 ce que votre propri\u00e9t\u00e9 soit toujours en parfait \u00e9tat. Nous effectuons des inspections r\u00e9guli\u00e8res et r\u00e9solvons les probl\u00e8mes rapidement, en veillant \u00e0 ce que tout fonctionne parfaitement pour offrir la meilleure exp\u00e9rience \u00e0 chaque client.<\/p>\n<\/div><\/div><\/div><\/div><\/div><\/div><div class=\"vc_col-sm-4 wpb_column vc_column_container\"><div class=\"vc_column-inner\"><div class=\"wpb_wrapper\"><div class=\"w-vwrapper align_none valign_top\"><div class=\"w-image us_custom_d3df7da9 img-service has_height align_none\"><div class=\"w-image-h\"><img decoding=\"async\" width=\"1000\" height=\"667\" src=\"https:\/\/www.holidaysforu.es\/wp-content\/uploads\/2025\/01\/2147709574.jpg\" class=\"attachment-large size-large\" alt=\"\" loading=\"lazy\" srcset=\"https:\/\/www.holidaysforu.es\/wp-content\/uploads\/2025\/01\/2147709574.jpg 1000w, https:\/\/www.holidaysforu.es\/wp-content\/uploads\/2025\/01\/2147709574-300x200.jpg 300w\" sizes=\"auto, (max-width: 1000px) 100vw, 1000px\" \/><\/div><\/div>[vc_custom_heading text=\u00a0\u00bbDes d\u00e9tails qui font la diff\u00e9rence\u00a0\u00bb font_container=\u00a0\u00bbtag:h3|text_align:left\u00a0\u00bb use_theme_fonts=\u00a0\u00bbyes\u00a0\u00bb]<div class=\"wpb_text_column\"><div class=\"wpb_wrapper\"><p>Nous surprenons vos invit\u00e9s avec des articles de toilette, des capsules de caf\u00e9, des mini-flacons de gel, des kits de nettoyage et des d\u00e9tails personnalis\u00e9s tels que des lettres ou des tableaux. Ces gestes cr\u00e9ent une exp\u00e9rience accueillante et inoubliable.<\/p>\n<\/div><\/div><\/div><\/div><\/div><\/div><div class=\"vc_col-sm-4 wpb_column vc_column_container\"><div class=\"vc_column-inner\"><div class=\"wpb_wrapper\"><div class=\"w-vwrapper align_none valign_top\"><div class=\"w-image us_custom_d3df7da9 img-service has_height align_none\"><div class=\"w-image-h\"><img decoding=\"async\" width=\"1000\" height=\"667\" src=\"https:\/\/www.holidaysforu.es\/wp-content\/uploads\/2025\/01\/559.jpg\" class=\"attachment-large size-large\" alt=\"\" loading=\"lazy\" srcset=\"https:\/\/www.holidaysforu.es\/wp-content\/uploads\/2025\/01\/559.jpg 1000w, https:\/\/www.holidaysforu.es\/wp-content\/uploads\/2025\/01\/559-300x200.jpg 300w\" sizes=\"auto, (max-width: 1000px) 100vw, 1000px\" \/><\/div><\/div>[vc_custom_heading text=\u00a0\u00bbMarketing et visibilit\u00e9 maximale\u00a0\u00bb font_container=\u00a0\u00bbtag:h3|text_align:left\u00a0\u00bb use_theme_fonts=\u00a0\u00bbyes\u00a0\u00bb]<div class=\"wpb_text_column\"><div class=\"wpb_wrapper\"><p>Nous optimisons la pr\u00e9sence de votre bien sur les principales plateformes de location et cr\u00e9ons des annonces attrayantes avec des photos professionnelles. Gr\u00e2ce au marketing num\u00e9rique et aux strat\u00e9gies de positionnement, nous obtenons plus de r\u00e9servations et un taux d&rsquo;occupation plus \u00e9lev\u00e9.<\/p>\n<\/div><\/div><\/div><\/div><\/div><\/div><\/div><\/div><\/section><section class=\"l-section wpb_row height_medium\"><div class=\"l-section-h i-cf\"><div class=\"g-cols vc_row via_flex valign_middle type_default stacking_default\"><div class=\"vc_col-sm-6 wpb_column vc_column_container\"><div class=\"vc_column-inner\"><div class=\"wpb_wrapper\"><div class=\"w-html us_custom_6ab53e82\"><iframe src=\"https:\/\/www.google.com\/maps\/embed?pb=!1m18!1m12!1m3!1d3198.577630335853!2d-4.477891923598432!3d36.7086862728519!2m3!1f0!2f0!3f0!3m2!1i1024!2i768!4f13.1!3m3!1m2!1s0x2aecf6c9b8e0e9a3:0x148570325bf13634!2sHolidaysForU - Gesti\u00f3n De Viviendas Tur\u00edsticas!5e0!3m2!1ses!2ses!4v1738242905590!5m2!1ses!2ses\" style=\"width: 100%; height: 750px; border: 0;border-radius:18px\" allowfullscreen=\"\" loading=\"lazy\" referrerpolicy=\"no-referrer-when-downgrade\"><\/iframe><\/div><\/div><\/div><\/div><div class=\"vc_col-sm-6 wpb_column vc_column_container has_bg_color\"><div class=\"vc_column-inner us_custom_3db6c53a\"><div class=\"wpb_wrapper\">[vc_custom_heading text=\u00a0\u00bbContactez nous\u00a0\u00bb font_container=\u00a0\u00bbtag:h2|text_align:center\u00a0\u00bb use_theme_fonts=\u00a0\u00bbyes\u00a0\u00bb css=\u00a0\u00bb%7B%22default%22%3A%7B%22margin-bottom%22%3A%222rem%22%7D%7D\u00a0\u00bb]\n<div class=\"wpcf7 no-js\" id=\"wpcf7-f1728-o1\" lang=\"fr-FR\" dir=\"ltr\" data-wpcf7-id=\"1728\">\n<div class=\"screen-reader-response\"><p role=\"status\" aria-live=\"polite\" aria-atomic=\"true\"><\/p> <ul><\/ul><\/div>\n<form action=\"\/fr\/wp-json\/wp\/v2\/pages\/1551#wpcf7-f1728-o1\" method=\"post\" class=\"wpcf7-form init wpcf7-acceptance-as-validation\" aria-label=\"Formulaire de contact\" novalidate=\"novalidate\" data-status=\"init\">\n<fieldset class=\"hidden-fields-container\"><input type=\"hidden\" name=\"_wpcf7\" value=\"1728\" \/><input type=\"hidden\" name=\"_wpcf7_version\" value=\"6.1.5\" \/><input type=\"hidden\" name=\"_wpcf7_locale\" value=\"fr_FR\" \/><input type=\"hidden\" name=\"_wpcf7_unit_tag\" value=\"wpcf7-f1728-o1\" \/><input type=\"hidden\" name=\"_wpcf7_container_post\" value=\"0\" \/><input type=\"hidden\" name=\"_wpcf7_posted_data_hash\" value=\"\" \/><input type=\"hidden\" name=\"_wpcf7_recaptcha_response\" value=\"\" \/>\n<\/fieldset>\n<div class=\"row\">\n\t<div class=\"col-xs-12\">\n\t\t<div class=\"form-group\">\n\t\t\t<p><label for=\"nombre\"> Nom <span class=\"red\">*<\/span><\/label><br \/>\n<span class=\"wpcf7-form-control-wrap\" data-name=\"nombre\"><input size=\"40\" maxlength=\"400\" class=\"wpcf7-form-control wpcf7-text wpcf7-validates-as-required\" id=\"name\" autocomplete=\"name\" aria-required=\"true\" aria-invalid=\"false\" value=\"\" type=\"text\" name=\"nombre\" \/><\/span>\n\t\t\t<\/p>\n\t\t<\/div>\n\t<\/div>\n<\/div>\n<div class=\"row\">\n\t<div class=\"col-xs-12\">\n\t\t<div class=\"form-group\">\n\t\t\t<p><label for=\"last-name\"> Nom de famille <span class=\"red\">*<\/span><\/label><br \/>\n<span class=\"wpcf7-form-control-wrap\" data-name=\"lastname\"><input size=\"40\" maxlength=\"400\" class=\"wpcf7-form-control wpcf7-text wpcf7-validates-as-required\" id=\"lastname\" autocomplete=\"lastname\" aria-required=\"true\" aria-invalid=\"false\" value=\"\" type=\"text\" name=\"lastname\" \/><\/span>\n\t\t\t<\/p>\n\t\t<\/div>\n\t<\/div>\n<\/div>\n<div class=\"row\">\n\t<div class=\"col-xs-12\">\n\t\t<div class=\"form-group\">\n\t\t\t<p><label for=\"email\"> Email <span class=\"red\">*<\/span><\/label><br \/>\n<span class=\"wpcf7-form-control-wrap\" data-name=\"email\"><input size=\"40\" maxlength=\"400\" class=\"wpcf7-form-control wpcf7-email wpcf7-validates-as-required wpcf7-text wpcf7-validates-as-email\" id=\"email\" autocomplete=\"email\" aria-required=\"true\" aria-invalid=\"false\" value=\"\" type=\"email\" name=\"email\" \/><\/span>\n\t\t\t<\/p>\n\t\t<\/div>\n\t<\/div>\n<\/div>\n<div class=\"row\">\n\t<div class=\"col-xs-12\">\n\t\t<div class=\"form-group\">\n\t\t\t<p><label for=\"phone\"> Message <span class=\"red\">*<\/span><\/label><br \/>\n<span class=\"wpcf7-form-control-wrap\" data-name=\"message\"><textarea cols=\"40\" rows=\"1\" maxlength=\"2000\" class=\"wpcf7-form-control wpcf7-textarea wpcf7-validates-as-required\" id=\"message\" autocomplete=\"message\" aria-required=\"true\" aria-invalid=\"false\" name=\"message\"><\/textarea><\/span>\n\t\t\t<\/p>\n\t\t<\/div>\n\t<\/div>\n<\/div>\n<div class=\"row\">\n\t<div class=\"col-xs-12\">\n\t\t<div class=\"form-legal\">\n\t\t\t<p><span class=\"wpcf7-form-control-wrap\" data-name=\"aceptacion\"><span class=\"wpcf7-form-control wpcf7-acceptance\"><span class=\"wpcf7-list-item\"><label><input type=\"checkbox\" name=\"aceptacion\" value=\"1\" id=\"aceptacion\" aria-invalid=\"false\" \/><span class=\"wpcf7-list-item-label\">J'ai lu et j'accepte la <a rel=\"nofollow\" target=\"_blank\" href=\"\/politica-de-privacidad\/\">politique de confidentialit\u00e9 de<\/a>.<\/span><\/label><\/span><\/span><\/span>\n\t\t\t<\/p>\n\t\t<\/div>\n\t<\/div>\n<\/div>\n<div class=\"block-submit\">\n\t<p><input class=\"wpcf7-form-control wpcf7-submit has-spinner\" id=\"form-contact\" type=\"submit\" value=\"Envoyer\" \/>\n\t<\/p>\n<\/div><div class=\"wpcf7-response-output\" aria-hidden=\"true\"><\/div>\n<\/form>\n<\/div>\n<\/div><\/div><\/div><\/div><\/div><\/section>\n","protected":false},"excerpt":{"rendered":"[vc_custom_heading text=\"Services pour les appartements touristiques\" font_container=\"tag:h1|text_align:center\" use_theme_fonts=\"yes\"]Ce que nous proposons[vc_custom_heading text=\"Une d\u00e9coration d&apos;int\u00e9rieur qui vous fait tomber amoureux\" font_container=\"tag:h3|text_align:left\" use_theme_fonts=\"yes\"]Nous mettons \u00e0 votre disposition des studios de premi\u00e8re classe avec des architectes d&rsquo;int\u00e9rieur professionnels pour transformer votre propri\u00e9t\u00e9 en un espace d&rsquo;excellence. Un d\u00e9cor soigneusement con\u00e7u ne se contente pas d&rsquo;am\u00e9liorer l&rsquo;esth\u00e9tique, il accro\u00eet...","protected":false},"author":1,"featured_media":0,"parent":0,"menu_order":0,"comment_status":"closed","ping_status":"closed","template":"","meta":{"_acf_changed":false,"_joinchat":[],"footnotes":""},"class_list":["post-1551","page","type-page","status-publish","hentry"],"acf":[],"yoast_head":"<!-- This site is optimized with the Yoast SEO plugin v27.4 - https:\/\/yoast.com\/product\/yoast-seo-wordpress\/ -->\n<title>Nettoyage d&#039;appartements touristiques Malaga | Holidays for u<\/title>\n<meta name=\"description\" content=\"D\u00e9couvrez tous les services que nous offrons pour rendre votre s\u00e9jour unique, comme le nettoyage des appartements touristiques \u00e0 Malaga. Une attention personnalis\u00e9e.\" \/>\n<meta name=\"robots\" content=\"index, follow, max-snippet:-1, max-image-preview:large, max-video-preview:-1\" \/>\n<link rel=\"canonical\" href=\"https:\/\/www.holidaysforu.es\/fr\/services\/\" \/>\n<meta property=\"og:locale\" content=\"fr_FR\" \/>\n<meta property=\"og:type\" content=\"article\" \/>\n<meta property=\"og:title\" content=\"Nettoyage d&#039;appartements touristiques Malaga | Holidays for u\" \/>\n<meta property=\"og:description\" content=\"D\u00e9couvrez tous les services que nous offrons pour rendre votre s\u00e9jour unique, comme le nettoyage des appartements touristiques \u00e0 Malaga. Une attention personnalis\u00e9e.\" \/>\n<meta property=\"og:url\" content=\"https:\/\/www.holidaysforu.es\/fr\/services\/\" \/>\n<meta property=\"og:site_name\" content=\"Holidays for U\" \/>\n<meta property=\"article:modified_time\" content=\"2025-05-26T13:30:22+00:00\" \/>\n<meta name=\"twitter:card\" content=\"summary_large_image\" \/>\n<meta name=\"twitter:label1\" content=\"Dur\u00e9e de lecture estim\u00e9e\" \/>\n\t<meta name=\"twitter:data1\" content=\"6 minutes\" \/>\n<!-- \/ Yoast SEO plugin. -->","yoast_head_json":{"title":"Nettoyage d'appartements touristiques Malaga | Holidays for u","description":"D\u00e9couvrez tous les services que nous offrons pour rendre votre s\u00e9jour unique, comme le nettoyage des appartements touristiques \u00e0 Malaga. Une attention personnalis\u00e9e.","robots":{"index":"index","follow":"follow","max-snippet":"max-snippet:-1","max-image-preview":"max-image-preview:large","max-video-preview":"max-video-preview:-1"},"canonical":"https:\/\/www.holidaysforu.es\/fr\/services\/","og_locale":"fr_FR","og_type":"article","og_title":"Nettoyage d'appartements touristiques Malaga | Holidays for u","og_description":"D\u00e9couvrez tous les services que nous offrons pour rendre votre s\u00e9jour unique, comme le nettoyage des appartements touristiques \u00e0 Malaga. Une attention personnalis\u00e9e.","og_url":"https:\/\/www.holidaysforu.es\/fr\/services\/","og_site_name":"Holidays for U","article_modified_time":"2025-05-26T13:30:22+00:00","twitter_card":"summary_large_image","twitter_misc":{"Dur\u00e9e de lecture estim\u00e9e":"6 minutes"},"schema":{"@context":"https:\/\/schema.org","@graph":[{"@type":"WebPage","@id":"https:\/\/www.holidaysforu.es\/fr\/services\/","url":"https:\/\/www.holidaysforu.es\/fr\/services\/","name":"Nettoyage d'appartements touristiques Malaga | Holidays for u","isPartOf":{"@id":"https:\/\/www.holidaysforu.es\/fr\/#website"},"datePublished":"2025-01-31T10:38:23+00:00","dateModified":"2025-05-26T13:30:22+00:00","description":"D\u00e9couvrez tous les services que nous offrons pour rendre votre s\u00e9jour unique, comme le nettoyage des appartements touristiques \u00e0 Malaga. Une attention personnalis\u00e9e.","breadcrumb":{"@id":"https:\/\/www.holidaysforu.es\/fr\/services\/#breadcrumb"},"inLanguage":"fr-FR","potentialAction":[{"@type":"ReadAction","target":["https:\/\/www.holidaysforu.es\/fr\/services\/"]}]},{"@type":"BreadcrumbList","@id":"https:\/\/www.holidaysforu.es\/fr\/services\/#breadcrumb","itemListElement":[{"@type":"ListItem","position":1,"name":"Portada","item":"https:\/\/www.holidaysforu.es\/fr\/accueil\/"},{"@type":"ListItem","position":2,"name":"Services"}]},{"@type":"WebSite","@id":"https:\/\/www.holidaysforu.es\/fr\/#website","url":"https:\/\/www.holidaysforu.es\/fr\/","name":"Holidays for U","description":"","potentialAction":[{"@type":"SearchAction","target":{"@type":"EntryPoint","urlTemplate":"https:\/\/www.holidaysforu.es\/fr\/?s={search_term_string}"},"query-input":{"@type":"PropertyValueSpecification","valueRequired":true,"valueName":"search_term_string"}}],"inLanguage":"fr-FR"}]}},"_links":{"self":[{"href":"https:\/\/www.holidaysforu.es\/fr\/wp-json\/wp\/v2\/pages\/1551","targetHints":{"allow":["GET"]}}],"collection":[{"href":"https:\/\/www.holidaysforu.es\/fr\/wp-json\/wp\/v2\/pages"}],"about":[{"href":"https:\/\/www.holidaysforu.es\/fr\/wp-json\/wp\/v2\/types\/page"}],"author":[{"embeddable":true,"href":"https:\/\/www.holidaysforu.es\/fr\/wp-json\/wp\/v2\/users\/1"}],"replies":[{"embeddable":true,"href":"https:\/\/www.holidaysforu.es\/fr\/wp-json\/wp\/v2\/comments?post=1551"}],"version-history":[{"count":2,"href":"https:\/\/www.holidaysforu.es\/fr\/wp-json\/wp\/v2\/pages\/1551\/revisions"}],"predecessor-version":[{"id":1553,"href":"https:\/\/www.holidaysforu.es\/fr\/wp-json\/wp\/v2\/pages\/1551\/revisions\/1553"}],"wp:attachment":[{"href":"https:\/\/www.holidaysforu.es\/fr\/wp-json\/wp\/v2\/media?parent=1551"}],"curies":[{"name":"wp","href":"https:\/\/api.w.org\/{rel}","templated":true}]}}