{"id":1563,"date":"2025-05-22T11:54:47","date_gmt":"2025-05-22T09:54:47","guid":{"rendered":"https:\/\/www.holidaysforu.es\/invites\/"},"modified":"2025-08-26T14:14:25","modified_gmt":"2025-08-26T12:14:25","slug":"invites","status":"publish","type":"page","link":"https:\/\/www.holidaysforu.es\/fr\/invites\/","title":{"rendered":"Invit\u00e9s"},"content":{"rendered":"<section class=\"l-section wpb_row us_custom_6acaec66 has_text_color height_medium\"><div class=\"l-section-overlay\" style=\"background:rgba(34,34,34,0.60)\"><\/div><div class=\"l-section-h i-cf\"><div class=\"g-cols vc_row via_flex valign_top type_default stacking_default\"><div class=\"vc_col-sm-12 wpb_column vc_column_container\"><div class=\"vc_column-inner\"><div class=\"wpb_wrapper\">[vc_custom_heading text=\u00a0\u00bbGestion de l&apos;accueil \u00e0 Malaga\u00a0\u00bb font_container=\u00a0\u00bbtag:h1|text_align:center\u00a0\u00bb use_theme_fonts=\u00a0\u00bbyes\u00a0\u00bb]<div class=\"w-text us_custom_211707e8\"><span class=\"w-text-h\"><span class=\"w-text-value\">Informations sur les invit\u00e9s<\/span><\/span><\/div><\/div><\/div><\/div><\/div><\/div><\/section><section class=\"l-section wpb_row height_medium width_custom\" style=\"--site-content-width:1200px;\"><div class=\"l-section-h i-cf\"><div class=\"g-cols vc_row via_flex valign_middle type_default stacking_default\"><div class=\"vc_col-sm-6 wpb_column vc_column_container\"><div class=\"vc_column-inner\"><div class=\"wpb_wrapper\"><div class=\"w-image align_none\"><div class=\"w-image-h\"><img decoding=\"async\" width=\"683\" height=\"1024\" src=\"https:\/\/www.holidaysforu.es\/wp-content\/uploads\/2025\/05\/2148515895-683x1024.jpg\" class=\"attachment-large size-large\" alt=\"gesti\u00f3n hu\u00e9spedes m\u00e1laga\" loading=\"lazy\" srcset=\"https:\/\/www.holidaysforu.es\/wp-content\/uploads\/2025\/05\/2148515895-683x1024.jpg 683w, https:\/\/www.holidaysforu.es\/wp-content\/uploads\/2025\/05\/2148515895-200x300.jpg 200w, https:\/\/www.holidaysforu.es\/wp-content\/uploads\/2025\/05\/2148515895.jpg 1000w\" sizes=\"auto, (max-width: 683px) 100vw, 683px\" \/><\/div><\/div><\/div><\/div><\/div><div class=\"vc_col-sm-6 wpb_column vc_column_container\"><div class=\"vc_column-inner\"><div class=\"wpb_wrapper\">[vc_custom_heading text=\u00a0\u00bbQue proposons-nous \u00e0 nos h\u00f4tes ?\u00a0\u00bb use_theme_fonts=\u00a0\u00bbyes\u00a0\u00bb]<div class=\"wpb_text_column\"><div class=\"wpb_wrapper\"><p><strong>Plus qu&rsquo;un s\u00e9jour, une exp\u00e9rience inoubliable<\/strong><\/p>\n<p>Chez <a href=\"https:\/\/www.holidaysforu.es\/fr\/\" target=\"_blank\" rel=\"noopener\">HolidaysForU<\/a>, nous nous effor\u00e7ons d&rsquo;offrir bien plus qu&rsquo;un simple h\u00e9bergement, nous vous proposons des exp\u00e9riences m\u00e9morables sur la Costa del Sol. Nos <a href=\"https:\/\/www.holidaysforu.es\/fr\/proprietaires\/\" target=\"_blank\" rel=\"noopener\">appartements<\/a> sont soigneusement s\u00e9lectionn\u00e9s pour leur emplacement privil\u00e9gi\u00e9, leur design accueillant et leur \u00e9quipement complet, garantissant confort et style dans les moindres d\u00e9tails. <\/p>\n<p><strong>Une attention personnalis\u00e9e 24 heures sur 24, 7 jours sur 7<\/strong><\/p>\n<p>Notre \u00e9quipe est disponible 24 heures sur 24, 7 jours sur 7, pour r\u00e9pondre \u00e0 vos besoins et \u00e0 vos questions. Qu&rsquo;il s&rsquo;agisse de recommandations de restaurants, d&rsquo;activit\u00e9s locales ou d&rsquo;assistance imm\u00e9diate en cas d&rsquo;impr\u00e9vus, nous sommes l\u00e0 pour faire en sorte que votre s\u00e9jour soit parfait &#8211;<a href=\"https:\/\/www.holidaysforu.es\/fr\/contact\/\" target=\"_blank\" rel=\"noopener\">contactez-nous<\/a> d\u00e8s maintenant !<\/p>\n<\/div><\/div><div class=\"w-btn-wrapper align_none\"><a class=\"w-btn us-btn-style_1 us_custom_173c0608\" href=\"https:\/\/www.holidaysforu.es\/fr\/contact\/\"><span class=\"w-btn-label\">Essayez-le maintenant !<\/span><\/a><\/div><\/div><\/div><\/div><\/div><\/div><\/section><section class=\"l-section wpb_row us_custom_ff5a1bc3 has_text_color height_medium width_custom\" style=\"--site-content-width:850px;\"><div class=\"l-section-h i-cf\"><div class=\"g-cols vc_row via_flex valign_top type_default stacking_default\"><div class=\"vc_col-sm-12 wpb_column vc_column_container\"><div class=\"vc_column-inner\"><div class=\"wpb_wrapper\">[vc_custom_heading text=\u00a0\u00bbDes services qui font la diff\u00e9rence\u00a0\u00bb use_theme_fonts=\u00a0\u00bbyes\u00a0\u00bb]<div class=\"wpb_text_column\"><div class=\"wpb_wrapper\"><ul>\n<li style=\"text-align: left;\"><strong>Enregistrement souple et personnalis\u00e9<\/strong>: nous nous adaptons \u00e0 votre emploi du temps et \u00e0 vos pr\u00e9f\u00e9rences pour que votre arriv\u00e9e soit confortable et sans probl\u00e8me.<\/li>\n<li style=\"text-align: left;\"><strong>Nettoyage professionnel et entretien permanent<\/strong>: nous vous garantissons des espaces impeccables et fonctionnels tout au long de votre s\u00e9jour.<\/li>\n<li style=\"text-align: left;\"><strong>Aide \u00e0 la r\u00e9servation et aux activit\u00e9s<\/strong>: nous vous aidons \u00e0 planifier et \u00e0 r\u00e9server des exp\u00e9riences locales, qu&rsquo;il s&rsquo;agisse de visites culturelles ou d&rsquo;activit\u00e9s de plein air.<\/li>\n<li style=\"text-align: left;\"><strong>Enti\u00e8rement \u00e9quip\u00e9s<\/strong>: nos appartements disposent de tous les \u00e9quipements n\u00e9cessaires, y compris des cuisines enti\u00e8rement \u00e9quip\u00e9es, une connexion Wi-Fi \u00e0 haut d\u00e9bit et des espaces con\u00e7us pour le repos et la d\u00e9tente.<\/li>\n<\/ul>\n<\/div><\/div><\/div><\/div><\/div><\/div><\/div><\/section><section class=\"l-section wpb_row height_medium width_custom\" style=\"--site-content-width:1200px;\"><div class=\"l-section-h i-cf\"><div class=\"g-cols vc_row via_flex valign_middle type_default stacking_default\"><div class=\"vc_col-sm-6 wpb_column vc_column_container\"><div class=\"vc_column-inner\"><div class=\"wpb_wrapper\">[vc_custom_heading text=\u00a0\u00bbL&apos;engagement pour l&apos;excellence\u00a0\u00bb use_theme_fonts=\u00a0\u00bbyes\u00a0\u00bb]<div class=\"wpb_text_column\"><div class=\"wpb_wrapper\"><p>Chez HolidaysForU, nous sommes fiers d&rsquo;offrir un service qui allie professionnalisme, chaleur et attention aux d\u00e9tails. Notre objectif est de faire en sorte que chaque client se sente comme chez lui, en profitant d&rsquo;un <a href=\"https:\/\/www.holidaysforu.es\/fr\/louer\/\" target=\"_blank\" rel=\"noopener\">h\u00e9bergement<\/a> unique et personnalis\u00e9.<\/p>\n<\/div><\/div><\/div><\/div><\/div><div class=\"vc_col-sm-6 wpb_column vc_column_container\"><div class=\"vc_column-inner\"><div class=\"wpb_wrapper\"><div class=\"w-image align_none\"><div class=\"w-image-h\"><img decoding=\"async\" width=\"1000\" height=\"1000\" src=\"https:\/\/www.holidaysforu.es\/wp-content\/uploads\/2025\/05\/2149240915.jpg\" class=\"attachment-large size-large\" alt=\"gesti\u00f3n hu\u00e9spedes m\u00e1laga\" loading=\"lazy\" srcset=\"https:\/\/www.holidaysforu.es\/wp-content\/uploads\/2025\/05\/2149240915.jpg 1000w, https:\/\/www.holidaysforu.es\/wp-content\/uploads\/2025\/05\/2149240915-300x300.jpg 300w, https:\/\/www.holidaysforu.es\/wp-content\/uploads\/2025\/05\/2149240915-150x150.jpg 150w\" sizes=\"auto, (max-width: 1000px) 100vw, 1000px\" \/><\/div><\/div><\/div><\/div><\/div><\/div><\/div><\/section><section class=\"l-section wpb_row height_huge\"><div class=\"l-section-h i-cf\"><div class=\"g-cols vc_row via_flex valign_middle type_default stacking_default\"><div class=\"vc_col-sm-6 wpb_column vc_column_container\"><div class=\"vc_column-inner\"><div class=\"wpb_wrapper\"><div class=\"w-html us_custom_6ab53e82\"><iframe src=\"https:\/\/www.google.com\/maps\/embed?pb=!1m18!1m12!1m3!1d3198.577630335853!2d-4.477891923598432!3d36.7086862728519!2m3!1f0!2f0!3f0!3m2!1i1024!2i768!4f13.1!3m3!1m2!1s0x2aecf6c9b8e0e9a3:0x148570325bf13634!2sHolidaysForU - Gesti\u00f3n De Viviendas Tur\u00edsticas!5e0!3m2!1ses!2ses!4v1738242905590!5m2!1ses!2ses\" style=\"width: 100%; height: 750px; border: 0;border-radius:18px\" allowfullscreen=\"\" loading=\"lazy\" referrerpolicy=\"no-referrer-when-downgrade\"><\/iframe><\/div><\/div><\/div><\/div><div class=\"vc_col-sm-6 wpb_column vc_column_container has_bg_color\"><div class=\"vc_column-inner us_custom_3db6c53a\"><div class=\"wpb_wrapper\">[vc_custom_heading text=\u00a0\u00bbContactez nous\u00a0\u00bb font_container=\u00a0\u00bbtag:h2|text_align:center\u00a0\u00bb use_theme_fonts=\u00a0\u00bbyes\u00a0\u00bb css=\u00a0\u00bb%7B%22default%22%3A%7B%22margin-bottom%22%3A%222rem%22%7D%7D\u00a0\u00bb]\n<div class=\"wpcf7 no-js\" id=\"wpcf7-f1728-o1\" lang=\"fr-FR\" dir=\"ltr\" data-wpcf7-id=\"1728\">\n<div class=\"screen-reader-response\"><p role=\"status\" aria-live=\"polite\" aria-atomic=\"true\"><\/p> <ul><\/ul><\/div>\n<form action=\"\/fr\/wp-json\/wp\/v2\/pages\/1563#wpcf7-f1728-o1\" method=\"post\" class=\"wpcf7-form init wpcf7-acceptance-as-validation\" aria-label=\"Formulaire de contact\" novalidate=\"novalidate\" data-status=\"init\">\n<fieldset class=\"hidden-fields-container\"><input type=\"hidden\" name=\"_wpcf7\" value=\"1728\" \/><input type=\"hidden\" name=\"_wpcf7_version\" value=\"6.1.5\" \/><input type=\"hidden\" name=\"_wpcf7_locale\" value=\"fr_FR\" \/><input type=\"hidden\" name=\"_wpcf7_unit_tag\" value=\"wpcf7-f1728-o1\" \/><input type=\"hidden\" name=\"_wpcf7_container_post\" value=\"0\" \/><input type=\"hidden\" name=\"_wpcf7_posted_data_hash\" value=\"\" \/><input type=\"hidden\" name=\"_wpcf7_recaptcha_response\" value=\"\" \/>\n<\/fieldset>\n<div class=\"row\">\n\t<div class=\"col-xs-12\">\n\t\t<div class=\"form-group\">\n\t\t\t<p><label for=\"nombre\"> Nom <span class=\"red\">*<\/span><\/label><br \/>\n<span class=\"wpcf7-form-control-wrap\" data-name=\"nombre\"><input size=\"40\" maxlength=\"400\" class=\"wpcf7-form-control wpcf7-text wpcf7-validates-as-required\" id=\"name\" autocomplete=\"name\" aria-required=\"true\" aria-invalid=\"false\" value=\"\" type=\"text\" name=\"nombre\" \/><\/span>\n\t\t\t<\/p>\n\t\t<\/div>\n\t<\/div>\n<\/div>\n<div class=\"row\">\n\t<div class=\"col-xs-12\">\n\t\t<div class=\"form-group\">\n\t\t\t<p><label for=\"last-name\"> Nom de famille <span class=\"red\">*<\/span><\/label><br \/>\n<span class=\"wpcf7-form-control-wrap\" data-name=\"lastname\"><input size=\"40\" maxlength=\"400\" class=\"wpcf7-form-control wpcf7-text wpcf7-validates-as-required\" id=\"lastname\" autocomplete=\"lastname\" aria-required=\"true\" aria-invalid=\"false\" value=\"\" type=\"text\" name=\"lastname\" \/><\/span>\n\t\t\t<\/p>\n\t\t<\/div>\n\t<\/div>\n<\/div>\n<div class=\"row\">\n\t<div class=\"col-xs-12\">\n\t\t<div class=\"form-group\">\n\t\t\t<p><label for=\"email\"> Email <span class=\"red\">*<\/span><\/label><br \/>\n<span class=\"wpcf7-form-control-wrap\" data-name=\"email\"><input size=\"40\" maxlength=\"400\" class=\"wpcf7-form-control wpcf7-email wpcf7-validates-as-required wpcf7-text wpcf7-validates-as-email\" id=\"email\" autocomplete=\"email\" aria-required=\"true\" aria-invalid=\"false\" value=\"\" type=\"email\" name=\"email\" \/><\/span>\n\t\t\t<\/p>\n\t\t<\/div>\n\t<\/div>\n<\/div>\n<div class=\"row\">\n\t<div class=\"col-xs-12\">\n\t\t<div class=\"form-group\">\n\t\t\t<p><label for=\"phone\"> Message <span class=\"red\">*<\/span><\/label><br \/>\n<span class=\"wpcf7-form-control-wrap\" data-name=\"message\"><textarea cols=\"40\" rows=\"1\" maxlength=\"2000\" class=\"wpcf7-form-control wpcf7-textarea wpcf7-validates-as-required\" id=\"message\" autocomplete=\"message\" aria-required=\"true\" aria-invalid=\"false\" name=\"message\"><\/textarea><\/span>\n\t\t\t<\/p>\n\t\t<\/div>\n\t<\/div>\n<\/div>\n<div class=\"row\">\n\t<div class=\"col-xs-12\">\n\t\t<div class=\"form-legal\">\n\t\t\t<p><span class=\"wpcf7-form-control-wrap\" data-name=\"aceptacion\"><span class=\"wpcf7-form-control wpcf7-acceptance\"><span class=\"wpcf7-list-item\"><label><input type=\"checkbox\" name=\"aceptacion\" value=\"1\" id=\"aceptacion\" aria-invalid=\"false\" \/><span class=\"wpcf7-list-item-label\">J'ai lu et j'accepte la <a rel=\"nofollow\" target=\"_blank\" href=\"\/politica-de-privacidad\/\">politique de confidentialit\u00e9 de<\/a>.<\/span><\/label><\/span><\/span><\/span>\n\t\t\t<\/p>\n\t\t<\/div>\n\t<\/div>\n<\/div>\n<div class=\"block-submit\">\n\t<p><input class=\"wpcf7-form-control wpcf7-submit has-spinner\" id=\"form-contact\" type=\"submit\" value=\"Envoyer\" \/>\n\t<\/p>\n<\/div><div class=\"wpcf7-response-output\" aria-hidden=\"true\"><\/div>\n<\/form>\n<\/div>\n<\/div><\/div><\/div><\/div><\/div><\/section>\n","protected":false},"excerpt":{"rendered":"[vc_custom_heading text=\"Gestion de l&apos;accueil \u00e0 Malaga\" font_container=\"tag:h1|text_align:center\" use_theme_fonts=\"yes\"]Informations sur les invit\u00e9s[vc_custom_heading text=\"Que proposons-nous \u00e0 nos h\u00f4tes ?\" use_theme_fonts=\"yes\"]Plus qu&rsquo;un s\u00e9jour, une exp\u00e9rience inoubliable Chez HolidaysForU, nous nous effor\u00e7ons d&rsquo;offrir bien plus qu&rsquo;un simple h\u00e9bergement, nous vous proposons des exp\u00e9riences m\u00e9morables sur la Costa del Sol. Nos appartements sont soigneusement s\u00e9lectionn\u00e9s pour leur emplacement privil\u00e9gi\u00e9, leur...","protected":false},"author":1,"featured_media":0,"parent":0,"menu_order":0,"comment_status":"closed","ping_status":"closed","template":"","meta":{"_acf_changed":false,"_joinchat":[],"footnotes":""},"class_list":["post-1563","page","type-page","status-publish","hentry"],"acf":[],"yoast_head":"<!-- This site is optimized with the Yoast SEO plugin v27.4 - https:\/\/yoast.com\/product\/yoast-seo-wordpress\/ -->\n<title>Gestion des h\u00f4tes \u00e0 Malaga | Holidays for u<\/title>\n<meta name=\"description\" content=\"\u00c0 Holidays for u, nous sommes sp\u00e9cialis\u00e9s dans la gestion des h\u00f4tes \u00e0 Malaga. Profitez d&#039;un s\u00e9jour unique et totalement personnalis\u00e9.\" \/>\n<meta name=\"robots\" content=\"index, follow, max-snippet:-1, max-image-preview:large, max-video-preview:-1\" \/>\n<link rel=\"canonical\" href=\"https:\/\/www.holidaysforu.es\/fr\/invites\/\" \/>\n<meta property=\"og:locale\" content=\"fr_FR\" \/>\n<meta property=\"og:type\" content=\"article\" \/>\n<meta property=\"og:title\" content=\"Gestion des h\u00f4tes \u00e0 Malaga | Holidays for u\" \/>\n<meta property=\"og:description\" content=\"\u00c0 Holidays for u, nous sommes sp\u00e9cialis\u00e9s dans la gestion des h\u00f4tes \u00e0 Malaga. Profitez d&#039;un s\u00e9jour unique et totalement personnalis\u00e9.\" \/>\n<meta property=\"og:url\" content=\"https:\/\/www.holidaysforu.es\/fr\/invites\/\" \/>\n<meta property=\"og:site_name\" content=\"Holidays for U\" \/>\n<meta property=\"article:modified_time\" content=\"2025-08-26T12:14:25+00:00\" \/>\n<meta name=\"twitter:card\" content=\"summary_large_image\" \/>\n<meta name=\"twitter:label1\" content=\"Dur\u00e9e de lecture estim\u00e9e\" \/>\n\t<meta name=\"twitter:data1\" content=\"4 minutes\" \/>\n<!-- \/ Yoast SEO plugin. -->","yoast_head_json":{"title":"Gestion des h\u00f4tes \u00e0 Malaga | Holidays for u","description":"\u00c0 Holidays for u, nous sommes sp\u00e9cialis\u00e9s dans la gestion des h\u00f4tes \u00e0 Malaga. Profitez d'un s\u00e9jour unique et totalement personnalis\u00e9.","robots":{"index":"index","follow":"follow","max-snippet":"max-snippet:-1","max-image-preview":"max-image-preview:large","max-video-preview":"max-video-preview:-1"},"canonical":"https:\/\/www.holidaysforu.es\/fr\/invites\/","og_locale":"fr_FR","og_type":"article","og_title":"Gestion des h\u00f4tes \u00e0 Malaga | Holidays for u","og_description":"\u00c0 Holidays for u, nous sommes sp\u00e9cialis\u00e9s dans la gestion des h\u00f4tes \u00e0 Malaga. Profitez d'un s\u00e9jour unique et totalement personnalis\u00e9.","og_url":"https:\/\/www.holidaysforu.es\/fr\/invites\/","og_site_name":"Holidays for U","article_modified_time":"2025-08-26T12:14:25+00:00","twitter_card":"summary_large_image","twitter_misc":{"Dur\u00e9e de lecture estim\u00e9e":"4 minutes"},"schema":{"@context":"https:\/\/schema.org","@graph":[{"@type":"WebPage","@id":"https:\/\/www.holidaysforu.es\/fr\/invites\/","url":"https:\/\/www.holidaysforu.es\/fr\/invites\/","name":"Gestion des h\u00f4tes \u00e0 Malaga | Holidays for u","isPartOf":{"@id":"https:\/\/www.holidaysforu.es\/fr\/#website"},"datePublished":"2025-05-22T09:54:47+00:00","dateModified":"2025-08-26T12:14:25+00:00","description":"\u00c0 Holidays for u, nous sommes sp\u00e9cialis\u00e9s dans la gestion des h\u00f4tes \u00e0 Malaga. Profitez d'un s\u00e9jour unique et totalement personnalis\u00e9.","breadcrumb":{"@id":"https:\/\/www.holidaysforu.es\/fr\/invites\/#breadcrumb"},"inLanguage":"fr-FR","potentialAction":[{"@type":"ReadAction","target":["https:\/\/www.holidaysforu.es\/fr\/invites\/"]}]},{"@type":"BreadcrumbList","@id":"https:\/\/www.holidaysforu.es\/fr\/invites\/#breadcrumb","itemListElement":[{"@type":"ListItem","position":1,"name":"Portada","item":"https:\/\/www.holidaysforu.es\/fr\/accueil\/"},{"@type":"ListItem","position":2,"name":"Invit\u00e9s"}]},{"@type":"WebSite","@id":"https:\/\/www.holidaysforu.es\/fr\/#website","url":"https:\/\/www.holidaysforu.es\/fr\/","name":"Holidays for U","description":"","potentialAction":[{"@type":"SearchAction","target":{"@type":"EntryPoint","urlTemplate":"https:\/\/www.holidaysforu.es\/fr\/?s={search_term_string}"},"query-input":{"@type":"PropertyValueSpecification","valueRequired":true,"valueName":"search_term_string"}}],"inLanguage":"fr-FR"}]}},"_links":{"self":[{"href":"https:\/\/www.holidaysforu.es\/fr\/wp-json\/wp\/v2\/pages\/1563","targetHints":{"allow":["GET"]}}],"collection":[{"href":"https:\/\/www.holidaysforu.es\/fr\/wp-json\/wp\/v2\/pages"}],"about":[{"href":"https:\/\/www.holidaysforu.es\/fr\/wp-json\/wp\/v2\/types\/page"}],"author":[{"embeddable":true,"href":"https:\/\/www.holidaysforu.es\/fr\/wp-json\/wp\/v2\/users\/1"}],"replies":[{"embeddable":true,"href":"https:\/\/www.holidaysforu.es\/fr\/wp-json\/wp\/v2\/comments?post=1563"}],"version-history":[{"count":6,"href":"https:\/\/www.holidaysforu.es\/fr\/wp-json\/wp\/v2\/pages\/1563\/revisions"}],"predecessor-version":[{"id":2187,"href":"https:\/\/www.holidaysforu.es\/fr\/wp-json\/wp\/v2\/pages\/1563\/revisions\/2187"}],"wp:attachment":[{"href":"https:\/\/www.holidaysforu.es\/fr\/wp-json\/wp\/v2\/media?parent=1563"}],"curies":[{"name":"wp","href":"https:\/\/api.w.org\/{rel}","templated":true}]}}