{"id":1614,"date":"2025-01-30T15:39:08","date_gmt":"2025-01-30T13:39:08","guid":{"rendered":"https:\/\/www.holidaysforu.es\/notre-blog\/"},"modified":"2025-05-26T15:31:43","modified_gmt":"2025-05-26T13:31:43","slug":"notre-blog","status":"publish","type":"page","link":"https:\/\/www.holidaysforu.es\/fr\/notre-blog\/","title":{"rendered":"Notre blog"},"content":{"rendered":"<section class=\"l-section wpb_row us_custom_9264e00d height_medium\"><div class=\"l-section-overlay\" style=\"background:rgba(0,0,0,0.65)\"><\/div><div class=\"l-section-h i-cf\"><div class=\"g-cols vc_row via_flex valign_top type_default stacking_default\"><div class=\"vc_col-sm-12 wpb_column vc_column_container\"><div class=\"vc_column-inner\"><div class=\"wpb_wrapper\"><div class=\"wpb_text_column us_custom_8b3d6790 has_text_color\"><div class=\"wpb_wrapper\"><h1>Actualit\u00e9s<\/h1>\n<\/div><\/div><\/div><\/div><\/div><\/div><\/div><\/section><section class=\"l-section wpb_row height_medium\"><div class=\"l-section-h i-cf\"><div class=\"g-cols vc_row via_flex valign_top type_default stacking_default\"><div class=\"vc_col-sm-9 wpb_column vc_column_container\"><div class=\"vc_column-inner\"><div class=\"wpb_wrapper\"><div class=\"w-grid type_grid layout_447 pagination_regular\" id=\"us_grid_1\" style=\"--gap:2.5rem;\" data-filterable=\"true\"><style>.layout_447 .w-grid-item-h{}.layout_447 .usg_post_image_1{width:45%!important;max-width:400px!important;border-radius:15px!important}.layout_447 .usg_post_title_1{color:var(--color-header-middle-text)!important;font-size:1.6rem!important;font-weight:700!important;margin-bottom:0.2rem!important}.layout_447 .usg_hwrapper_1{background:rgba(0,0,0,0.00)!important}.layout_447 .usg_vwrapper_1{width:55%!important;padding-left:2rem!important;padding-top:1.5rem!important;padding-bottom:1.5rem!important}.layout_447 .usg_post_date_1{color:var(--color-content-faded)!important;font-size:0.9rem!important;margin-bottom:auto!important}.layout_447 .usg_post_content_1{margin-top:1rem!important;margin-bottom:1.3rem!important}.layout_447 .usg_text_1{color:var(--color-content-text)!important;font-size:0.9rem!important;line-height:1!important;margin-top:auto!important}@media (min-width:1025px) and (max-width:1280px){.layout_447 .usg_post_image_1{width:45%!important}.layout_447 .usg_post_title_1{font-size:1.6rem!important;font-weight:700!important}.layout_447 .usg_vwrapper_1{width:55%!important;padding-left:2rem!important;padding-top:1.5rem!important;padding-bottom:1.5rem!important}}@media (min-width:601px) and (max-width:1024px){.layout_447 .usg_post_image_1{width:100%!important}.layout_447 .usg_post_title_1{font-size:1.6rem!important;font-weight:700!important}.layout_447 .usg_vwrapper_1{width:100%!important;max-width:600px!important;padding:1rem 0 1rem 0!important}}@media (max-width:600px){.layout_447 .usg_post_image_1{width:100%!important}.layout_447 .usg_post_title_1{font-size:1.3rem!important;font-weight:700!important}.layout_447 .usg_vwrapper_1{width:100%!important;padding:1rem 0 1rem 0!important}.layout_447 .usg_text_1{font-size:1rem!important}}<\/style><div class=\"w-grid-list\">\t<article class=\"w-grid-item size_1x1 post-2251 post type-post status-publish format-standard has-post-thumbnail hentry category-blog-blog-fr\" data-id=\"2251\">\r\n\t\t<div class=\"w-grid-item-h\">\r\n\t\t\t\t\t\t<div class=\"w-hwrapper usg_hwrapper_1 align_none valign_stretch wrap\" style=\"--hwrapper-gap:0rem\"><div class=\"w-post-elm post_image usg_post_image_1 has_width has_ratio\"><a href=\"https:\/\/www.holidaysforu.es\/fr\/moratoire-sur-les-licences-pour-les-appartements-touristiques-a-malaga-ce-que-vous-devez-savoir\/\" aria-label=\"Moratoire sur les licences pour les appartements touristiques \u00e0 Malaga : ce que vous devez savoir\"><img loading=\"lazy\" decoding=\"async\" width=\"522\" height=\"523\" src=\"https:\/\/www.holidaysforu.es\/wp-content\/uploads\/2025\/01\/image-7-3.png\" class=\"attachment-large size-large wp-post-image\" alt=\"\" \/><\/a><div style=\"padding-bottom:75%\"><\/div><\/div><div class=\"w-vwrapper usg_vwrapper_1 align_none valign_top\"><h2 class=\"w-post-elm post_title usg_post_title_1 has_text_color entry-title color_link_inherit\"><a href=\"https:\/\/www.holidaysforu.es\/fr\/moratoire-sur-les-licences-pour-les-appartements-touristiques-a-malaga-ce-que-vous-devez-savoir\/\">Moratoire sur les licences pour les appartements touristiques \u00e0 Malaga : ce que vous devez savoir<\/a><\/h2><time class=\"w-post-elm post_date usg_post_date_1 has_text_color entry-date published\" datetime=\"2025-10-02T10:18:39+02:00\" title=\"2 octobre 2025 \u00e0 10:18:39 +02:00\">2 de octobre de 2025<\/time><div class=\"w-post-elm post_content usg_post_content_1\">En ao\u00fbt 2025, la Mairie de Malaga a approuv\u00e9 un moratoire de trois ans sur l\u2019octroi de nouvelles licences d\u2019appartements touristiques. Chez Holidays for U, nous souhaitons clarifier ce que\u2026<\/div><div class=\"w-text usg_text_1 has_text_color icon_atleft\"><a href=\"https:\/\/www.holidaysforu.es\/fr\/moratoire-sur-les-licences-pour-les-appartements-touristiques-a-malaga-ce-que-vous-devez-savoir\/\" class=\"w-text-h\"><span class=\"far fa-plus\"><\/span><span class=\"w-text-value\">Aprende m\u00e1s<\/span><\/a><\/div><\/div><\/div>\t\t<\/div>\r\n\t\t\t<\/article>\r\n\t<article class=\"w-grid-item size_1x1 post-2092 post type-post status-publish format-standard has-post-thumbnail hentry category-blog-blog-fr\" data-id=\"2092\">\r\n\t\t<div class=\"w-grid-item-h\">\r\n\t\t\t\t\t\t<div class=\"w-hwrapper usg_hwrapper_1 align_none valign_stretch wrap\" style=\"--hwrapper-gap:0rem\"><div class=\"w-post-elm post_image usg_post_image_1 has_width has_ratio\"><a href=\"https:\/\/www.holidaysforu.es\/fr\/10-raisons-de-choisir-une-location-de-vacances-a-malaga\/\" aria-label=\"10 raisons de choisir une location de vacances \u00e0 Malaga\"><img loading=\"lazy\" decoding=\"async\" width=\"1024\" height=\"683\" src=\"https:\/\/www.holidaysforu.es\/wp-content\/uploads\/2025\/07\/alojamiento-vacacional-en-malaga-centro.webp\" class=\"attachment-large size-large wp-post-image\" alt=\"imagen panor\u00e1mica de m\u00e1laga centro\" \/><\/a><div style=\"padding-bottom:75%\"><\/div><\/div><div class=\"w-vwrapper usg_vwrapper_1 align_none valign_top\"><h2 class=\"w-post-elm post_title usg_post_title_1 has_text_color entry-title color_link_inherit\"><a href=\"https:\/\/www.holidaysforu.es\/fr\/10-raisons-de-choisir-une-location-de-vacances-a-malaga\/\">10 raisons de choisir une location de vacances \u00e0 Malaga<\/a><\/h2><time class=\"w-post-elm post_date usg_post_date_1 has_text_color entry-date published\" datetime=\"2025-08-04T10:13:30+02:00\" title=\"4 ao\u00fbt 2025 \u00e0 10:13:30 +02:00\">4 de ao\u00fbt de 2025<\/time><div class=\"w-post-elm post_content usg_post_content_1\">D\u00e9couvrez l\u2019Essence de la M\u00e9diterran\u00e9e sur la Costa del Sol Au sud de la p\u00e9ninsule Ib\u00e9rique, dans la communaut\u00e9 autonome d\u2019Andalousie, se trouve un lieu plein de lumi\u00e8re, de couleurs\u2026<\/div><div class=\"w-text usg_text_1 has_text_color icon_atleft\"><a href=\"https:\/\/www.holidaysforu.es\/fr\/10-raisons-de-choisir-une-location-de-vacances-a-malaga\/\" class=\"w-text-h\"><span class=\"far fa-plus\"><\/span><span class=\"w-text-value\">Aprende m\u00e1s<\/span><\/a><\/div><\/div><\/div>\t\t<\/div>\r\n\t\t\t<\/article>\r\n<\/div><div class=\"w-grid-preloader\">\t<div class=\"g-preloader type_1\">\r\n\t\t<div><\/div>\r\n\t<\/div>\r\n\t<\/div>\t<div class=\"w-grid-json hidden\" onclick='return {&quot;action&quot;:&quot;us_ajax_grid&quot;,&quot;infinite_scroll&quot;:0,&quot;max_num_pages&quot;:1,&quot;pagination&quot;:&quot;regular&quot;,&quot;template_vars&quot;:{&quot;columns&quot;:&quot;1&quot;,&quot;exclude_items&quot;:&quot;none&quot;,&quot;img_size&quot;:&quot;default&quot;,&quot;ignore_items_size&quot;:0,&quot;items_layout&quot;:&quot;447&quot;,&quot;items_offset&quot;:&quot;1&quot;,&quot;load_animation&quot;:&quot;none&quot;,&quot;overriding_link&quot;:&quot;%7B%22url%22%3A%22%22%7D&quot;,&quot;post_id&quot;:0,&quot;query_args&quot;:{&quot;post_type&quot;:[&quot;post&quot;],&quot;post_status&quot;:[&quot;publish&quot;,&quot;acf-disabled&quot;],&quot;posts_per_page&quot;:&quot;10&quot;},&quot;orderby_query_args&quot;:{&quot;orderby&quot;:{&quot;date&quot;:&quot;DESC&quot;}},&quot;type&quot;:&quot;grid&quot;,&quot;us_grid_post_type&quot;:&quot;post&quot;,&quot;us_grid_ajax_index&quot;:1,&quot;us_grid_filter_query_string&quot;:null,&quot;us_grid_index&quot;:1,&quot;page_args&quot;:[],&quot;lang&quot;:&quot;fr&quot;}}'><\/div>\r\n\t<\/div><\/div><\/div><\/div><div class=\"vc_col-sm-3 wpb_column vc_column_container\"><div class=\"vc_column-inner type_sticky\"><div class=\"wpb_wrapper\">[vc_custom_heading text=\u00a0\u00bbPlus de nouvelles\u00a0\u00bb font_container=\u00a0\u00bbtag:p|text_align:left\u00a0\u00bb use_theme_fonts=\u00a0\u00bbyes\u00a0\u00bb css=\u00a0\u00bb%7B%22default%22%3A%7B%22font-weight%22%3A%22700%22%7D%7D\u00a0\u00bb]<div class=\"w-grid type_grid layout_450\" id=\"us_grid_2\" style=\"--gap:1.5rem;\" data-filterable=\"true\"><style>.layout_450 .w-grid-item-h{}.layout_450 .usg_post_image_1{width:30%!important;margin-right:5%!important;border-radius:10px!important}.layout_450 .usg_post_title_1{color:var(--color-header-middle-text)!important;font-size:0.8rem!important;margin-bottom:0.3rem!important}.layout_450 .usg_hwrapper_1{padding-bottom:1rem!important;border-bottom-width:1px!important;border-color:var(--color-header-middle-text-hover)!important;border-bottom-style:solid!important}.layout_450 .usg_post_date_1{color:var(--color-header-top-text)!important;font-size:0.8rem!important;line-height:1.6!important}<\/style><div class=\"w-grid-list\">\t<article class=\"w-grid-item size_1x1 post-2251 post type-post status-publish format-standard has-post-thumbnail hentry category-blog-blog-fr\" data-id=\"2251\">\r\n\t\t<div class=\"w-grid-item-h\">\r\n\t\t\t\t\t\t<div class=\"w-hwrapper usg_hwrapper_1 valign_middle\" style=\"--hwrapper-gap:1.20rem\"><div class=\"w-post-elm post_image usg_post_image_1 has_width has_ratio\"><a href=\"https:\/\/www.holidaysforu.es\/fr\/moratoire-sur-les-licences-pour-les-appartements-touristiques-a-malaga-ce-que-vous-devez-savoir\/\" aria-label=\"Moratoire sur les licences pour les appartements touristiques \u00e0 Malaga : ce que vous devez savoir\"><img loading=\"lazy\" decoding=\"async\" width=\"150\" height=\"150\" src=\"https:\/\/www.holidaysforu.es\/wp-content\/uploads\/2025\/01\/image-7-3-150x150.png\" class=\"attachment-thumbnail size-thumbnail wp-post-image\" alt=\"\" \/><\/a><div style=\"padding-bottom:100%\"><\/div><\/div><div class=\"w-vwrapper usg_vwrapper_1\"><h2 class=\"w-post-elm post_title usg_post_title_1 has_text_color entry-title color_link_inherit\"><a href=\"https:\/\/www.holidaysforu.es\/fr\/moratoire-sur-les-licences-pour-les-appartements-touristiques-a-malaga-ce-que-vous-devez-savoir\/\">Moratoire sur les licences pour les appartements touristiques \u00e0 Malaga : ce que vous devez savoir<\/a><\/h2><time class=\"w-post-elm post_date usg_post_date_1 has_text_color entry-date published\" datetime=\"2025-10-02T10:18:39+02:00\" title=\"2 octobre 2025 \u00e0 10:18:39 +02:00\">il y a 7 mois<\/time><\/div><\/div>\t\t<\/div>\r\n\t\t\t<\/article>\r\n\t<article class=\"w-grid-item size_1x1 post-2092 post type-post status-publish format-standard has-post-thumbnail hentry category-blog-blog-fr\" data-id=\"2092\">\r\n\t\t<div class=\"w-grid-item-h\">\r\n\t\t\t\t\t\t<div class=\"w-hwrapper usg_hwrapper_1 valign_middle\" style=\"--hwrapper-gap:1.20rem\"><div class=\"w-post-elm post_image usg_post_image_1 has_width has_ratio\"><a href=\"https:\/\/www.holidaysforu.es\/fr\/10-raisons-de-choisir-une-location-de-vacances-a-malaga\/\" aria-label=\"10 raisons de choisir une location de vacances \u00e0 Malaga\"><img loading=\"lazy\" decoding=\"async\" width=\"150\" height=\"150\" src=\"https:\/\/www.holidaysforu.es\/wp-content\/uploads\/2025\/07\/alojamiento-vacacional-en-malaga-centro-150x150.webp\" class=\"attachment-thumbnail size-thumbnail wp-post-image\" alt=\"imagen panor\u00e1mica de m\u00e1laga centro\" \/><\/a><div style=\"padding-bottom:100%\"><\/div><\/div><div class=\"w-vwrapper usg_vwrapper_1\"><h2 class=\"w-post-elm post_title usg_post_title_1 has_text_color entry-title color_link_inherit\"><a href=\"https:\/\/www.holidaysforu.es\/fr\/10-raisons-de-choisir-une-location-de-vacances-a-malaga\/\">10 raisons de choisir une location de vacances \u00e0 Malaga<\/a><\/h2><time class=\"w-post-elm post_date usg_post_date_1 has_text_color entry-date published\" datetime=\"2025-08-04T10:13:30+02:00\" title=\"4 ao\u00fbt 2025 \u00e0 10:13:30 +02:00\">il y a 9 mois<\/time><\/div><\/div>\t\t<\/div>\r\n\t\t\t<\/article>\r\n<\/div><div class=\"w-grid-preloader\">\t<div class=\"g-preloader type_1\">\r\n\t\t<div><\/div>\r\n\t<\/div>\r\n\t<\/div>\t<div class=\"w-grid-json hidden\" onclick='return {&quot;action&quot;:&quot;us_ajax_grid&quot;,&quot;infinite_scroll&quot;:0,&quot;max_num_pages&quot;:1,&quot;pagination&quot;:&quot;none&quot;,&quot;template_vars&quot;:{&quot;columns&quot;:&quot;1&quot;,&quot;exclude_items&quot;:&quot;none&quot;,&quot;img_size&quot;:&quot;default&quot;,&quot;ignore_items_size&quot;:0,&quot;items_layout&quot;:&quot;450&quot;,&quot;items_offset&quot;:&quot;1&quot;,&quot;load_animation&quot;:&quot;none&quot;,&quot;overriding_link&quot;:&quot;%7B%22url%22%3A%22%22%7D&quot;,&quot;post_id&quot;:0,&quot;query_args&quot;:{&quot;post_type&quot;:[&quot;post&quot;],&quot;post_status&quot;:[&quot;publish&quot;,&quot;acf-disabled&quot;],&quot;posts_per_page&quot;:&quot;5&quot;},&quot;orderby_query_args&quot;:{&quot;orderby&quot;:{&quot;date&quot;:&quot;DESC&quot;}},&quot;type&quot;:&quot;grid&quot;,&quot;us_grid_post_type&quot;:&quot;post&quot;,&quot;us_grid_ajax_index&quot;:2,&quot;us_grid_filter_query_string&quot;:null,&quot;us_grid_index&quot;:2,&quot;page_args&quot;:[],&quot;lang&quot;:&quot;fr&quot;}}'><\/div>\r\n\t<\/div><\/div><\/div><\/div><\/div><\/div><\/section>\n","protected":false},"excerpt":{"rendered":"D\u00e9couvrez l\u2019Essence de la M\u00e9diterran\u00e9e sur la Costa del Sol Au sud de la p\u00e9ninsule Ib\u00e9rique, dans la communaut\u00e9 autonome d\u2019Andalousie, se trouve un lieu plein de lumi\u00e8re, de couleurs et de saveurs : la Costa del Sol. Cette bande c\u00f4ti\u00e8re longe la province de Malaga et r\u00e9unit tout ce qu\u2019un voyageur recherche : des...","protected":false},"author":1,"featured_media":0,"parent":0,"menu_order":0,"comment_status":"closed","ping_status":"closed","template":"","meta":{"_acf_changed":false,"_joinchat":[],"footnotes":""},"class_list":["post-1614","page","type-page","status-publish","hentry"],"acf":[],"yoast_head":"<!-- This site is optimized with the Yoast SEO plugin v27.4 - https:\/\/yoast.com\/product\/yoast-seo-wordpress\/ -->\n<title>Blog Holidays For U | Conseils de voyage et gestion locative<\/title>\n<meta name=\"description\" content=\"D\u00e9couvrez des id\u00e9es de vacances, des guides touristiques et des conseils pour les propri\u00e9taires d&#039;appartements. Tout ce dont vous avez besoin pour profiter ou tirer le meilleur parti de votre logement.\" \/>\n<meta name=\"robots\" content=\"noindex, follow\" \/>\n<meta property=\"og:locale\" content=\"fr_FR\" \/>\n<meta property=\"og:type\" content=\"article\" \/>\n<meta property=\"og:title\" content=\"Blog Holidays For U | Conseils de voyage et gestion locative\" \/>\n<meta property=\"og:description\" content=\"D\u00e9couvrez des id\u00e9es de vacances, des guides touristiques et des conseils pour les propri\u00e9taires d&#039;appartements. Tout ce dont vous avez besoin pour profiter ou tirer le meilleur parti de votre logement.\" \/>\n<meta property=\"og:url\" content=\"https:\/\/www.holidaysforu.es\/fr\/notre-blog\/\" \/>\n<meta property=\"og:site_name\" content=\"Holidays for U\" \/>\n<meta property=\"article:modified_time\" content=\"2025-05-26T13:31:43+00:00\" \/>\n<meta name=\"twitter:card\" content=\"summary_large_image\" \/>\n<meta name=\"twitter:label1\" content=\"Dur\u00e9e de lecture estim\u00e9e\" \/>\n\t<meta name=\"twitter:data1\" content=\"1 minute\" \/>\n<!-- \/ Yoast SEO plugin. -->","yoast_head_json":{"title":"Blog Holidays For U | Conseils de voyage et gestion locative","description":"D\u00e9couvrez des id\u00e9es de vacances, des guides touristiques et des conseils pour les propri\u00e9taires d'appartements. Tout ce dont vous avez besoin pour profiter ou tirer le meilleur parti de votre logement.","robots":{"index":"noindex","follow":"follow"},"og_locale":"fr_FR","og_type":"article","og_title":"Blog Holidays For U | Conseils de voyage et gestion locative","og_description":"D\u00e9couvrez des id\u00e9es de vacances, des guides touristiques et des conseils pour les propri\u00e9taires d'appartements. Tout ce dont vous avez besoin pour profiter ou tirer le meilleur parti de votre logement.","og_url":"https:\/\/www.holidaysforu.es\/fr\/notre-blog\/","og_site_name":"Holidays for U","article_modified_time":"2025-05-26T13:31:43+00:00","twitter_card":"summary_large_image","twitter_misc":{"Dur\u00e9e de lecture estim\u00e9e":"1 minute"},"schema":{"@context":"https:\/\/schema.org","@graph":[{"@type":"WebPage","@id":"https:\/\/www.holidaysforu.es\/fr\/notre-blog\/","url":"https:\/\/www.holidaysforu.es\/fr\/notre-blog\/","name":"Blog Holidays For U | Conseils de voyage et gestion locative","isPartOf":{"@id":"https:\/\/www.holidaysforu.es\/fr\/#website"},"datePublished":"2025-01-30T13:39:08+00:00","dateModified":"2025-05-26T13:31:43+00:00","description":"D\u00e9couvrez des id\u00e9es de vacances, des guides touristiques et des conseils pour les propri\u00e9taires d'appartements. Tout ce dont vous avez besoin pour profiter ou tirer le meilleur parti de votre logement.","breadcrumb":{"@id":"https:\/\/www.holidaysforu.es\/fr\/notre-blog\/#breadcrumb"},"inLanguage":"fr-FR","potentialAction":[{"@type":"ReadAction","target":["https:\/\/www.holidaysforu.es\/fr\/notre-blog\/"]}]},{"@type":"BreadcrumbList","@id":"https:\/\/www.holidaysforu.es\/fr\/notre-blog\/#breadcrumb","itemListElement":[{"@type":"ListItem","position":1,"name":"Portada","item":"https:\/\/www.holidaysforu.es\/fr\/accueil\/"},{"@type":"ListItem","position":2,"name":"Notre blog"}]},{"@type":"WebSite","@id":"https:\/\/www.holidaysforu.es\/fr\/#website","url":"https:\/\/www.holidaysforu.es\/fr\/","name":"Holidays for U","description":"","potentialAction":[{"@type":"SearchAction","target":{"@type":"EntryPoint","urlTemplate":"https:\/\/www.holidaysforu.es\/fr\/?s={search_term_string}"},"query-input":{"@type":"PropertyValueSpecification","valueRequired":true,"valueName":"search_term_string"}}],"inLanguage":"fr-FR"}]}},"_links":{"self":[{"href":"https:\/\/www.holidaysforu.es\/fr\/wp-json\/wp\/v2\/pages\/1614","targetHints":{"allow":["GET"]}}],"collection":[{"href":"https:\/\/www.holidaysforu.es\/fr\/wp-json\/wp\/v2\/pages"}],"about":[{"href":"https:\/\/www.holidaysforu.es\/fr\/wp-json\/wp\/v2\/types\/page"}],"author":[{"embeddable":true,"href":"https:\/\/www.holidaysforu.es\/fr\/wp-json\/wp\/v2\/users\/1"}],"replies":[{"embeddable":true,"href":"https:\/\/www.holidaysforu.es\/fr\/wp-json\/wp\/v2\/comments?post=1614"}],"version-history":[{"count":2,"href":"https:\/\/www.holidaysforu.es\/fr\/wp-json\/wp\/v2\/pages\/1614\/revisions"}],"predecessor-version":[{"id":1616,"href":"https:\/\/www.holidaysforu.es\/fr\/wp-json\/wp\/v2\/pages\/1614\/revisions\/1616"}],"wp:attachment":[{"href":"https:\/\/www.holidaysforu.es\/fr\/wp-json\/wp\/v2\/media?parent=1614"}],"curies":[{"name":"wp","href":"https:\/\/api.w.org\/{rel}","templated":true}]}}