{"id":1633,"date":"2022-09-30T13:26:09","date_gmt":"2022-09-30T11:26:09","guid":{"rendered":"https:\/\/www.holidaysforu.es\/contact\/"},"modified":"2025-05-26T15:31:50","modified_gmt":"2025-05-26T13:31:50","slug":"contact","status":"publish","type":"page","link":"https:\/\/www.holidaysforu.es\/fr\/contact\/","title":{"rendered":"Contact"},"content":{"rendered":"<section class=\"l-section wpb_row height_medium\"><div class=\"l-section-h i-cf\"><div class=\"g-cols vc_row via_flex valign_middle type_default stacking_default\"><div class=\"vc_col-sm-6 wpb_column vc_column_container\"><div class=\"vc_column-inner\"><div class=\"wpb_wrapper\"><div class=\"w-html us_custom_6ab53e82\"><iframe src=\"https:\/\/www.google.com\/maps\/embed?pb=!1m18!1m12!1m3!1d3198.577630335853!2d-4.477891923598432!3d36.7086862728519!2m3!1f0!2f0!3f0!3m2!1i1024!2i768!4f13.1!3m3!1m2!1s0x2aecf6c9b8e0e9a3:0x148570325bf13634!2sHolidaysForU - Gesti\u00f3n De Viviendas Tur\u00edsticas!5e0!3m2!1ses!2ses!4v1738242905590!5m2!1ses!2ses\" style=\"width: 100%; height: 750px; border: 0;border-radius:18px\" allowfullscreen=\"\" loading=\"lazy\" referrerpolicy=\"no-referrer-when-downgrade\"><\/iframe><\/div><\/div><\/div><\/div><div class=\"vc_col-sm-6 wpb_column vc_column_container has_bg_color\"><div class=\"vc_column-inner us_custom_3db6c53a\"><div class=\"wpb_wrapper\">[vc_custom_heading text=\u00a0\u00bbContactez nous\u00a0\u00bb font_container=\u00a0\u00bbtag:h2|text_align:center\u00a0\u00bb use_theme_fonts=\u00a0\u00bbyes\u00a0\u00bb css=\u00a0\u00bb%7B%22default%22%3A%7B%22margin-bottom%22%3A%222rem%22%7D%7D\u00a0\u00bb]\n<div class=\"wpcf7 no-js\" id=\"wpcf7-f1728-o1\" lang=\"fr-FR\" dir=\"ltr\" data-wpcf7-id=\"1728\">\n<div class=\"screen-reader-response\"><p role=\"status\" aria-live=\"polite\" aria-atomic=\"true\"><\/p> <ul><\/ul><\/div>\n<form action=\"\/fr\/wp-json\/wp\/v2\/pages\/1633#wpcf7-f1728-o1\" method=\"post\" class=\"wpcf7-form init wpcf7-acceptance-as-validation\" aria-label=\"Formulaire de contact\" novalidate=\"novalidate\" data-status=\"init\">\n<fieldset class=\"hidden-fields-container\"><input type=\"hidden\" name=\"_wpcf7\" value=\"1728\" \/><input type=\"hidden\" name=\"_wpcf7_version\" value=\"6.1.6\" \/><input type=\"hidden\" name=\"_wpcf7_locale\" value=\"fr_FR\" \/><input type=\"hidden\" name=\"_wpcf7_unit_tag\" value=\"wpcf7-f1728-o1\" \/><input type=\"hidden\" name=\"_wpcf7_container_post\" value=\"0\" \/><input type=\"hidden\" name=\"_wpcf7_posted_data_hash\" value=\"\" \/><input type=\"hidden\" name=\"_wpcf7_recaptcha_response\" value=\"\" \/>\n<\/fieldset>\n<div class=\"row\">\n\t<div class=\"col-xs-12\">\n\t\t<div class=\"form-group\">\n\t\t\t<p><label for=\"nombre\"> Nom <span class=\"red\">*<\/span><\/label><br \/>\n<span class=\"wpcf7-form-control-wrap\" data-name=\"nombre\"><input size=\"40\" maxlength=\"400\" class=\"wpcf7-form-control wpcf7-text wpcf7-validates-as-required\" id=\"name\" autocomplete=\"name\" aria-required=\"true\" aria-invalid=\"false\" value=\"\" type=\"text\" name=\"nombre\" \/><\/span>\n\t\t\t<\/p>\n\t\t<\/div>\n\t<\/div>\n<\/div>\n<div class=\"row\">\n\t<div class=\"col-xs-12\">\n\t\t<div class=\"form-group\">\n\t\t\t<p><label for=\"last-name\"> Nom de famille <span class=\"red\">*<\/span><\/label><br \/>\n<span class=\"wpcf7-form-control-wrap\" data-name=\"lastname\"><input size=\"40\" maxlength=\"400\" class=\"wpcf7-form-control wpcf7-text wpcf7-validates-as-required\" id=\"lastname\" autocomplete=\"lastname\" aria-required=\"true\" aria-invalid=\"false\" value=\"\" type=\"text\" name=\"lastname\" \/><\/span>\n\t\t\t<\/p>\n\t\t<\/div>\n\t<\/div>\n<\/div>\n<div class=\"row\">\n\t<div class=\"col-xs-12\">\n\t\t<div class=\"form-group\">\n\t\t\t<p><label for=\"email\"> Email <span class=\"red\">*<\/span><\/label><br \/>\n<span class=\"wpcf7-form-control-wrap\" data-name=\"email\"><input size=\"40\" maxlength=\"400\" class=\"wpcf7-form-control wpcf7-email wpcf7-validates-as-required wpcf7-text wpcf7-validates-as-email\" id=\"email\" autocomplete=\"email\" aria-required=\"true\" aria-invalid=\"false\" value=\"\" type=\"email\" name=\"email\" \/><\/span>\n\t\t\t<\/p>\n\t\t<\/div>\n\t<\/div>\n<\/div>\n<div class=\"row\">\n\t<div class=\"col-xs-12\">\n\t\t<div class=\"form-group\">\n\t\t\t<p><label for=\"phone\"> Message <span class=\"red\">*<\/span><\/label><br \/>\n<span class=\"wpcf7-form-control-wrap\" data-name=\"message\"><textarea cols=\"40\" rows=\"1\" maxlength=\"2000\" class=\"wpcf7-form-control wpcf7-textarea wpcf7-validates-as-required\" id=\"message\" autocomplete=\"message\" aria-required=\"true\" aria-invalid=\"false\" name=\"message\"><\/textarea><\/span>\n\t\t\t<\/p>\n\t\t<\/div>\n\t<\/div>\n<\/div>\n<div class=\"row\">\n\t<div class=\"col-xs-12\">\n\t\t<div class=\"form-legal\">\n\t\t\t<p><span class=\"wpcf7-form-control-wrap\" data-name=\"aceptacion\"><span class=\"wpcf7-form-control wpcf7-acceptance\"><span class=\"wpcf7-list-item\"><label><input type=\"checkbox\" name=\"aceptacion\" value=\"1\" id=\"aceptacion\" aria-invalid=\"false\" \/><span class=\"wpcf7-list-item-label\">J'ai lu et j'accepte la <a rel=\"nofollow\" target=\"_blank\" href=\"\/politica-de-privacidad\/\">politique de confidentialit\u00e9 de<\/a>.<\/span><\/label><\/span><\/span><\/span>\n\t\t\t<\/p>\n\t\t<\/div>\n\t<\/div>\n<\/div>\n<div class=\"block-submit\">\n\t<p><input class=\"wpcf7-form-control wpcf7-submit has-spinner\" id=\"form-contact\" type=\"submit\" value=\"Envoyer\" \/>\n\t<\/p>\n<\/div><div class=\"wpcf7-response-output\" aria-hidden=\"true\"><\/div>\n<\/form>\n<\/div>\n<\/div><\/div><\/div><\/div><\/div><\/section>\n","protected":false},"excerpt":{"rendered":"[vc_custom_heading text=\"Contactez nous\" font_container=\"tag:h2|text_align:center\" use_theme_fonts=\"yes\" css=\"%7B%22default%22%3A%7B%22margin-bottom%22%3A%222rem%22%7D%7D\"] Nom * Nom de famille * Email * Message * J'ai lu et j'accepte la politique de confidentialit\u00e9 de.","protected":false},"author":1,"featured_media":0,"parent":0,"menu_order":0,"comment_status":"closed","ping_status":"closed","template":"","meta":{"_acf_changed":false,"_joinchat":[],"footnotes":""},"class_list":["post-1633","page","type-page","status-publish","hentry"],"acf":[],"yoast_head":"<!-- This site is optimized with the Yoast SEO plugin v27.6 - https:\/\/yoast.com\/product\/yoast-seo-wordpress\/ -->\n<title>Contact avec Holidays For U | Nous vous conseillons sans engagement<\/title>\n<meta name=\"description\" content=\"Vous \u00eates propri\u00e9taire ou vous cherchez un logement ? \u00c9crivez-nous et nous vous aiderons dans vos d\u00e9marches. Une attention rapide et personnalis\u00e9e chez Holidays For U.\" \/>\n<meta name=\"robots\" content=\"noindex, follow\" \/>\n<meta property=\"og:locale\" content=\"fr_FR\" \/>\n<meta property=\"og:type\" content=\"article\" \/>\n<meta property=\"og:title\" content=\"Contact avec Holidays For U | Nous vous conseillons sans engagement\" \/>\n<meta property=\"og:description\" content=\"Vous \u00eates propri\u00e9taire ou vous cherchez un logement ? \u00c9crivez-nous et nous vous aiderons dans vos d\u00e9marches. Une attention rapide et personnalis\u00e9e chez Holidays For U.\" \/>\n<meta property=\"og:url\" content=\"https:\/\/www.holidaysforu.es\/fr\/contact\/\" \/>\n<meta property=\"og:site_name\" content=\"Holidays for U\" \/>\n<meta property=\"article:modified_time\" content=\"2025-05-26T13:31:50+00:00\" \/>\n<meta name=\"twitter:card\" content=\"summary_large_image\" \/>\n<meta name=\"twitter:label1\" content=\"Dur\u00e9e de lecture estim\u00e9e\" \/>\n\t<meta name=\"twitter:data1\" content=\"1 minute\" \/>\n<!-- \/ Yoast SEO plugin. -->","yoast_head_json":{"title":"Contact avec Holidays For U | Nous vous conseillons sans engagement","description":"Vous \u00eates propri\u00e9taire ou vous cherchez un logement ? \u00c9crivez-nous et nous vous aiderons dans vos d\u00e9marches. Une attention rapide et personnalis\u00e9e chez Holidays For U.","robots":{"index":"noindex","follow":"follow"},"og_locale":"fr_FR","og_type":"article","og_title":"Contact avec Holidays For U | Nous vous conseillons sans engagement","og_description":"Vous \u00eates propri\u00e9taire ou vous cherchez un logement ? \u00c9crivez-nous et nous vous aiderons dans vos d\u00e9marches. Une attention rapide et personnalis\u00e9e chez Holidays For U.","og_url":"https:\/\/www.holidaysforu.es\/fr\/contact\/","og_site_name":"Holidays for U","article_modified_time":"2025-05-26T13:31:50+00:00","twitter_card":"summary_large_image","twitter_misc":{"Dur\u00e9e de lecture estim\u00e9e":"1 minute"},"schema":{"@context":"https:\/\/schema.org","@graph":[{"@type":"WebPage","@id":"https:\/\/www.holidaysforu.es\/fr\/contact\/","url":"https:\/\/www.holidaysforu.es\/fr\/contact\/","name":"Contact avec Holidays For U | Nous vous conseillons sans engagement","isPartOf":{"@id":"https:\/\/www.holidaysforu.es\/fr\/#website"},"datePublished":"2022-09-30T11:26:09+00:00","dateModified":"2025-05-26T13:31:50+00:00","description":"Vous \u00eates propri\u00e9taire ou vous cherchez un logement ? \u00c9crivez-nous et nous vous aiderons dans vos d\u00e9marches. Une attention rapide et personnalis\u00e9e chez Holidays For U.","breadcrumb":{"@id":"https:\/\/www.holidaysforu.es\/fr\/contact\/#breadcrumb"},"inLanguage":"fr-FR","potentialAction":[{"@type":"ReadAction","target":["https:\/\/www.holidaysforu.es\/fr\/contact\/"]}]},{"@type":"BreadcrumbList","@id":"https:\/\/www.holidaysforu.es\/fr\/contact\/#breadcrumb","itemListElement":[{"@type":"ListItem","position":1,"name":"Portada","item":"https:\/\/www.holidaysforu.es\/fr\/accueil\/"},{"@type":"ListItem","position":2,"name":"Contact"}]},{"@type":"WebSite","@id":"https:\/\/www.holidaysforu.es\/fr\/#website","url":"https:\/\/www.holidaysforu.es\/fr\/","name":"Holidays for U","description":"","potentialAction":[{"@type":"SearchAction","target":{"@type":"EntryPoint","urlTemplate":"https:\/\/www.holidaysforu.es\/fr\/?s={search_term_string}"},"query-input":{"@type":"PropertyValueSpecification","valueRequired":true,"valueName":"search_term_string"}}],"inLanguage":"fr-FR"}]}},"_links":{"self":[{"href":"https:\/\/www.holidaysforu.es\/fr\/wp-json\/wp\/v2\/pages\/1633","targetHints":{"allow":["GET"]}}],"collection":[{"href":"https:\/\/www.holidaysforu.es\/fr\/wp-json\/wp\/v2\/pages"}],"about":[{"href":"https:\/\/www.holidaysforu.es\/fr\/wp-json\/wp\/v2\/types\/page"}],"author":[{"embeddable":true,"href":"https:\/\/www.holidaysforu.es\/fr\/wp-json\/wp\/v2\/users\/1"}],"replies":[{"embeddable":true,"href":"https:\/\/www.holidaysforu.es\/fr\/wp-json\/wp\/v2\/comments?post=1633"}],"version-history":[{"count":2,"href":"https:\/\/www.holidaysforu.es\/fr\/wp-json\/wp\/v2\/pages\/1633\/revisions"}],"predecessor-version":[{"id":1639,"href":"https:\/\/www.holidaysforu.es\/fr\/wp-json\/wp\/v2\/pages\/1633\/revisions\/1639"}],"wp:attachment":[{"href":"https:\/\/www.holidaysforu.es\/fr\/wp-json\/wp\/v2\/media?parent=1633"}],"curies":[{"name":"wp","href":"https:\/\/api.w.org\/{rel}","templated":true}]}}