{"id":1574,"date":"2025-05-22T11:54:47","date_gmt":"2025-05-22T09:54:47","guid":{"rendered":"https:\/\/www.holidaysforu.es\/ospiti\/"},"modified":"2025-08-26T14:17:22","modified_gmt":"2025-08-26T12:17:22","slug":"ospiti","status":"publish","type":"page","link":"https:\/\/www.holidaysforu.es\/it\/ospiti\/","title":{"rendered":"Ospiti"},"content":{"rendered":"<section class=\"l-section wpb_row us_custom_6acaec66 has_text_color height_medium\"><div class=\"l-section-overlay\" style=\"background:rgba(34,34,34,0.60)\"><\/div><div class=\"l-section-h i-cf\"><div class=\"g-cols vc_row via_flex valign_top type_default stacking_default\"><div class=\"vc_col-sm-12 wpb_column vc_column_container\"><div class=\"vc_column-inner\"><div class=\"wpb_wrapper\">[vc_custom_heading text=&#8221;Gestione degli ospiti a Malaga&#8221; font_container=&#8221;tag:h1|text_align:center&#8221; use_theme_fonts=&#8221;yes&#8221;]<div class=\"w-text us_custom_211707e8\"><span class=\"w-text-h\"><span class=\"w-text-value\">Informazioni per gli ospiti<\/span><\/span><\/div><\/div><\/div><\/div><\/div><\/div><\/section><section class=\"l-section wpb_row height_medium width_custom\" style=\"--site-content-width:1200px;\"><div class=\"l-section-h i-cf\"><div class=\"g-cols vc_row via_flex valign_middle type_default stacking_default\"><div class=\"vc_col-sm-6 wpb_column vc_column_container\"><div class=\"vc_column-inner\"><div class=\"wpb_wrapper\"><div class=\"w-image align_none\"><div class=\"w-image-h\"><img decoding=\"async\" width=\"683\" height=\"1024\" src=\"https:\/\/www.holidaysforu.es\/wp-content\/uploads\/2025\/05\/2148515895-683x1024.jpg\" class=\"attachment-large size-large\" alt=\"gesti\u00f3n hu\u00e9spedes m\u00e1laga\" loading=\"lazy\" srcset=\"https:\/\/www.holidaysforu.es\/wp-content\/uploads\/2025\/05\/2148515895-683x1024.jpg 683w, https:\/\/www.holidaysforu.es\/wp-content\/uploads\/2025\/05\/2148515895-200x300.jpg 200w, https:\/\/www.holidaysforu.es\/wp-content\/uploads\/2025\/05\/2148515895.jpg 1000w\" sizes=\"auto, (max-width: 683px) 100vw, 683px\" \/><\/div><\/div><\/div><\/div><\/div><div class=\"vc_col-sm-6 wpb_column vc_column_container\"><div class=\"vc_column-inner\"><div class=\"wpb_wrapper\">[vc_custom_heading text=&#8221;Cosa offriamo ai nostri ospiti?&#8221; use_theme_fonts=&#8221;yes&#8221;]<div class=\"wpb_text_column\"><div class=\"wpb_wrapper\"><p><strong>Pi\u00f9 che un soggiorno, un&#8217;esperienza indimenticabile<\/strong><\/p>\n<p>Noi di <a href=\"https:\/\/www.holidaysforu.es\/it\/\" target=\"_blank\" rel=\"noopener\">HolidaysForU<\/a> ci impegniamo ad offrire molto di pi\u00f9 di un semplice alloggio: offriamo esperienze memorabili sulla Costa del Sol. I nostri <a href=\"https:\/\/www.holidaysforu.es\/it\/proprietari\/\" target=\"_blank\" rel=\"noopener\">appartamenti<\/a> sono stati accuratamente selezionati per la loro posizione privilegiata, il design accogliente e le attrezzature complete, garantendo comfort e stile in ogni dettaglio. <\/p>\n<p><strong>Attenzione personalizzata 24\/7<\/strong><\/p>\n<p>Il nostro team \u00e8 a disposizione 24 ore su 24, 7 giorni su 7, per rispondere a qualsiasi tua esigenza o domanda. Dai consigli sui ristoranti e sulle attivit\u00e0 locali all&#8217;assistenza immediata per qualsiasi imprevisto, siamo qui per assicurarci che il tuo soggiorno sia perfetto:<a href=\"https:\/\/www.holidaysforu.es\/it\/contatto\/\" target=\"_blank\" rel=\"noopener\">contattaci<\/a> subito!<\/p>\n<\/div><\/div><div class=\"w-btn-wrapper align_none\"><a class=\"w-btn us-btn-style_1 us_custom_173c0608\" href=\"https:\/\/www.holidaysforu.es\/it\/contatto\/\"><span class=\"w-btn-label\">Provalo subito!<\/span><\/a><\/div><\/div><\/div><\/div><\/div><\/div><\/section><section class=\"l-section wpb_row us_custom_ff5a1bc3 has_text_color height_medium width_custom\" style=\"--site-content-width:850px;\"><div class=\"l-section-h i-cf\"><div class=\"g-cols vc_row via_flex valign_top type_default stacking_default\"><div class=\"vc_col-sm-12 wpb_column vc_column_container\"><div class=\"vc_column-inner\"><div class=\"wpb_wrapper\">[vc_custom_heading text=&#8221;Servizi che fanno la differenza&#8221; use_theme_fonts=&#8221;yes&#8221;]<div class=\"wpb_text_column\"><div class=\"wpb_wrapper\"><ul>\n<li style=\"text-align: left;\"><strong>Check-in flessibile e personalizzato<\/strong>: ci adattiamo ai tuoi orari e alle tue preferenze per rendere il tuo arrivo confortevole e senza problemi.<\/li>\n<li style=\"text-align: left;\"><strong>Pulizia professionale e manutenzione costante<\/strong>: ti garantiamo spazi impeccabili e funzionali per tutta la durata del tuo soggiorno.<\/li>\n<li style=\"text-align: left;\"><strong>Assistenza per le prenotazioni e le attivit\u00e0<\/strong>: ti aiutiamo a pianificare e prenotare le esperienze locali, dalle visite culturali alle attivit\u00e0 all&#8217;aperto.<\/li>\n<li style=\"text-align: left;\"><strong>Completamente attrezzati<\/strong>: i nostri appartamenti dispongono di tutti i comfort necessari, tra cui cucine completamente attrezzate, Wi-Fi ad alta velocit\u00e0 e spazi pensati per il riposo e il relax.<\/li>\n<\/ul>\n<\/div><\/div><\/div><\/div><\/div><\/div><\/div><\/section><section class=\"l-section wpb_row height_medium width_custom\" style=\"--site-content-width:1200px;\"><div class=\"l-section-h i-cf\"><div class=\"g-cols vc_row via_flex valign_middle type_default stacking_default\"><div class=\"vc_col-sm-6 wpb_column vc_column_container\"><div class=\"vc_column-inner\"><div class=\"wpb_wrapper\">[vc_custom_heading text=&#8221;Impegnati per l&apos;eccellenza&#8221; use_theme_fonts=&#8221;yes&#8221;]<div class=\"wpb_text_column\"><div class=\"wpb_wrapper\"><p>Noi di HolidaysForU siamo orgogliosi di offrire un servizio che combina professionalit\u00e0, calore e attenzione ai dettagli. Il nostro obiettivo \u00e8 far sentire ogni ospite come a casa propria, godendo di <a href=\"https:\/\/www.holidaysforu.es\/it\/affitto\/\" target=\"_blank\" rel=\"noopener\">un alloggio<\/a> unico e personalizzato.<\/p>\n<\/div><\/div><\/div><\/div><\/div><div class=\"vc_col-sm-6 wpb_column vc_column_container\"><div class=\"vc_column-inner\"><div class=\"wpb_wrapper\"><div class=\"w-image align_none\"><div class=\"w-image-h\"><img decoding=\"async\" width=\"1000\" height=\"1000\" src=\"https:\/\/www.holidaysforu.es\/wp-content\/uploads\/2025\/05\/2149240915.jpg\" class=\"attachment-large size-large\" alt=\"gesti\u00f3n hu\u00e9spedes m\u00e1laga\" loading=\"lazy\" srcset=\"https:\/\/www.holidaysforu.es\/wp-content\/uploads\/2025\/05\/2149240915.jpg 1000w, https:\/\/www.holidaysforu.es\/wp-content\/uploads\/2025\/05\/2149240915-300x300.jpg 300w, https:\/\/www.holidaysforu.es\/wp-content\/uploads\/2025\/05\/2149240915-150x150.jpg 150w\" sizes=\"auto, (max-width: 1000px) 100vw, 1000px\" \/><\/div><\/div><\/div><\/div><\/div><\/div><\/div><\/section><section class=\"l-section wpb_row height_huge\"><div class=\"l-section-h i-cf\"><div class=\"g-cols vc_row via_flex valign_middle type_default stacking_default\"><div class=\"vc_col-sm-6 wpb_column vc_column_container\"><div class=\"vc_column-inner\"><div class=\"wpb_wrapper\"><div class=\"w-html us_custom_6ab53e82\"><iframe src=\"https:\/\/www.google.com\/maps\/embed?pb=!1m18!1m12!1m3!1d3198.577630335853!2d-4.477891923598432!3d36.7086862728519!2m3!1f0!2f0!3f0!3m2!1i1024!2i768!4f13.1!3m3!1m2!1s0x2aecf6c9b8e0e9a3:0x148570325bf13634!2sHolidaysForU - Gesti\u00f3n De Viviendas Tur\u00edsticas!5e0!3m2!1ses!2ses!4v1738242905590!5m2!1ses!2ses\" style=\"width: 100%; height: 750px; border: 0;border-radius:18px\" allowfullscreen=\"\" loading=\"lazy\" referrerpolicy=\"no-referrer-when-downgrade\"><\/iframe><\/div><\/div><\/div><\/div><div class=\"vc_col-sm-6 wpb_column vc_column_container has_bg_color\"><div class=\"vc_column-inner us_custom_3db6c53a\"><div class=\"wpb_wrapper\">[vc_custom_heading text=&#8221;Contattaci&#8221; font_container=&#8221;tag:h2|text_align:center&#8221; use_theme_fonts=&#8221;yes&#8221; css=&#8221;%7B%22default%22%3A%7B%22margin-bottom%22%3A%222rem%22%7D%7D&#8221;]\n<div class=\"wpcf7 no-js\" id=\"wpcf7-f1724-o1\" lang=\"it-IT\" dir=\"ltr\" data-wpcf7-id=\"1724\">\n<div class=\"screen-reader-response\"><p role=\"status\" aria-live=\"polite\" aria-atomic=\"true\"><\/p> <ul><\/ul><\/div>\n<form action=\"\/it\/wp-json\/wp\/v2\/pages\/1574#wpcf7-f1724-o1\" method=\"post\" class=\"wpcf7-form init wpcf7-acceptance-as-validation\" aria-label=\"Modulo di contatto\" novalidate=\"novalidate\" data-status=\"init\">\n<fieldset class=\"hidden-fields-container\"><input type=\"hidden\" name=\"_wpcf7\" value=\"1724\" \/><input type=\"hidden\" name=\"_wpcf7_version\" value=\"6.1.5\" \/><input type=\"hidden\" name=\"_wpcf7_locale\" value=\"it_IT\" \/><input type=\"hidden\" name=\"_wpcf7_unit_tag\" value=\"wpcf7-f1724-o1\" \/><input type=\"hidden\" name=\"_wpcf7_container_post\" value=\"0\" \/><input type=\"hidden\" name=\"_wpcf7_posted_data_hash\" value=\"\" \/><input type=\"hidden\" name=\"_wpcf7_recaptcha_response\" value=\"\" \/>\n<\/fieldset>\n<div class=\"row\">\n\t<div class=\"col-xs-12\">\n\t\t<div class=\"form-group\">\n\t\t\t<p><label for=\"nombre\"> Nome <span class=\"red\">*<\/span><\/label><br \/>\n<span class=\"wpcf7-form-control-wrap\" data-name=\"nombre\"><input size=\"40\" maxlength=\"400\" class=\"wpcf7-form-control wpcf7-text wpcf7-validates-as-required\" id=\"name\" autocomplete=\"name\" aria-required=\"true\" aria-invalid=\"false\" value=\"\" type=\"text\" name=\"nombre\" \/><\/span>\n\t\t\t<\/p>\n\t\t<\/div>\n\t<\/div>\n<\/div>\n<div class=\"row\">\n\t<div class=\"col-xs-12\">\n\t\t<div class=\"form-group\">\n\t\t\t<p><label for=\"last-name\"> Cognome <span class=\"red\">*<\/span><\/label><br \/>\n<span class=\"wpcf7-form-control-wrap\" data-name=\"lastname\"><input size=\"40\" maxlength=\"400\" class=\"wpcf7-form-control wpcf7-text wpcf7-validates-as-required\" id=\"lastname\" autocomplete=\"lastname\" aria-required=\"true\" aria-invalid=\"false\" value=\"\" type=\"text\" name=\"lastname\" \/><\/span>\n\t\t\t<\/p>\n\t\t<\/div>\n\t<\/div>\n<\/div>\n<div class=\"row\">\n\t<div class=\"col-xs-12\">\n\t\t<div class=\"form-group\">\n\t\t\t<p><label for=\"email\"> Email <span class=\"red\">*<\/span><\/label><br \/>\n<span class=\"wpcf7-form-control-wrap\" data-name=\"email\"><input size=\"40\" maxlength=\"400\" class=\"wpcf7-form-control wpcf7-email wpcf7-validates-as-required wpcf7-text wpcf7-validates-as-email\" id=\"email\" autocomplete=\"email\" aria-required=\"true\" aria-invalid=\"false\" value=\"\" type=\"email\" name=\"email\" \/><\/span>\n\t\t\t<\/p>\n\t\t<\/div>\n\t<\/div>\n<\/div>\n<div class=\"row\">\n\t<div class=\"col-xs-12\">\n\t\t<div class=\"form-group\">\n\t\t\t<p><label for=\"phone\"> Messaggio <span class=\"red\">*<\/span><\/label><br \/>\n<span class=\"wpcf7-form-control-wrap\" data-name=\"message\"><textarea cols=\"40\" rows=\"1\" maxlength=\"2000\" class=\"wpcf7-form-control wpcf7-textarea wpcf7-validates-as-required\" id=\"message\" autocomplete=\"message\" aria-required=\"true\" aria-invalid=\"false\" name=\"message\"><\/textarea><\/span>\n\t\t\t<\/p>\n\t\t<\/div>\n\t<\/div>\n<\/div>\n<div class=\"row\">\n\t<div class=\"col-xs-12\">\n\t\t<div class=\"form-legal\">\n\t\t\t<p><span class=\"wpcf7-form-control-wrap\" data-name=\"aceptacion\"><span class=\"wpcf7-form-control wpcf7-acceptance\"><span class=\"wpcf7-list-item\"><label><input type=\"checkbox\" name=\"aceptacion\" value=\"1\" id=\"aceptacion\" aria-invalid=\"false\" \/><span class=\"wpcf7-list-item-label\">Ho letto e accetto l'<a rel=\"nofollow\" target=\"_blank\" href=\"\/politica-de-privacidad\/\">informativa sulla privacy<\/a> di.<\/span><\/label><\/span><\/span><\/span>\n\t\t\t<\/p>\n\t\t<\/div>\n\t<\/div>\n<\/div>\n<div class=\"block-submit\">\n\t<p><input class=\"wpcf7-form-control wpcf7-submit has-spinner\" id=\"form-contact\" type=\"submit\" value=\"Invia\" \/>\n\t<\/p>\n<\/div><div class=\"wpcf7-response-output\" aria-hidden=\"true\"><\/div>\n<\/form>\n<\/div>\n<\/div><\/div><\/div><\/div><\/div><\/section>\n","protected":false},"excerpt":{"rendered":"[vc_custom_heading text=\"Gestione degli ospiti a Malaga\" font_container=\"tag:h1|text_align:center\" use_theme_fonts=\"yes\"]Informazioni per gli ospiti[vc_custom_heading text=\"Cosa offriamo ai nostri ospiti?\" use_theme_fonts=\"yes\"]Pi\u00f9 che un soggiorno, un&#8217;esperienza indimenticabile Noi di HolidaysForU ci impegniamo ad offrire molto di pi\u00f9 di un semplice alloggio: offriamo esperienze memorabili sulla Costa del Sol. I nostri appartamenti sono stati accuratamente selezionati per la loro posizione privilegiata,...","protected":false},"author":1,"featured_media":0,"parent":0,"menu_order":0,"comment_status":"closed","ping_status":"closed","template":"","meta":{"_acf_changed":false,"_joinchat":[],"footnotes":""},"class_list":["post-1574","page","type-page","status-publish","hentry"],"acf":[],"yoast_head":"<!-- This site is optimized with the Yoast SEO plugin v27.4 - https:\/\/yoast.com\/product\/yoast-seo-wordpress\/ -->\n<title>Gestione degli ospiti a Malaga | Vacanze per u<\/title>\n<meta name=\"description\" content=\"Noi di Holidays for u siamo specializzati nella gestione degli ospiti a Malaga. Goditi un soggiorno unico e totalmente personalizzato.\" \/>\n<meta name=\"robots\" content=\"index, follow, max-snippet:-1, max-image-preview:large, max-video-preview:-1\" \/>\n<link rel=\"canonical\" href=\"https:\/\/www.holidaysforu.es\/it\/ospiti\/\" \/>\n<meta property=\"og:locale\" content=\"it_IT\" \/>\n<meta property=\"og:type\" content=\"article\" \/>\n<meta property=\"og:title\" content=\"Gestione degli ospiti a Malaga | Vacanze per u\" \/>\n<meta property=\"og:description\" content=\"Noi di Holidays for u siamo specializzati nella gestione degli ospiti a Malaga. Goditi un soggiorno unico e totalmente personalizzato.\" \/>\n<meta property=\"og:url\" content=\"https:\/\/www.holidaysforu.es\/it\/ospiti\/\" \/>\n<meta property=\"og:site_name\" content=\"Holidays for U\" \/>\n<meta property=\"article:modified_time\" content=\"2025-08-26T12:17:22+00:00\" \/>\n<meta name=\"twitter:card\" content=\"summary_large_image\" \/>\n<meta name=\"twitter:label1\" content=\"Tempo di lettura stimato\" \/>\n\t<meta name=\"twitter:data1\" content=\"3 minuti\" \/>\n<!-- \/ Yoast SEO plugin. -->","yoast_head_json":{"title":"Gestione degli ospiti a Malaga | Vacanze per u","description":"Noi di Holidays for u siamo specializzati nella gestione degli ospiti a Malaga. Goditi un soggiorno unico e totalmente personalizzato.","robots":{"index":"index","follow":"follow","max-snippet":"max-snippet:-1","max-image-preview":"max-image-preview:large","max-video-preview":"max-video-preview:-1"},"canonical":"https:\/\/www.holidaysforu.es\/it\/ospiti\/","og_locale":"it_IT","og_type":"article","og_title":"Gestione degli ospiti a Malaga | Vacanze per u","og_description":"Noi di Holidays for u siamo specializzati nella gestione degli ospiti a Malaga. Goditi un soggiorno unico e totalmente personalizzato.","og_url":"https:\/\/www.holidaysforu.es\/it\/ospiti\/","og_site_name":"Holidays for U","article_modified_time":"2025-08-26T12:17:22+00:00","twitter_card":"summary_large_image","twitter_misc":{"Tempo di lettura stimato":"3 minuti"},"schema":{"@context":"https:\/\/schema.org","@graph":[{"@type":"WebPage","@id":"https:\/\/www.holidaysforu.es\/it\/ospiti\/","url":"https:\/\/www.holidaysforu.es\/it\/ospiti\/","name":"Gestione degli ospiti a Malaga | Vacanze per u","isPartOf":{"@id":"https:\/\/www.holidaysforu.es\/it\/#website"},"datePublished":"2025-05-22T09:54:47+00:00","dateModified":"2025-08-26T12:17:22+00:00","description":"Noi di Holidays for u siamo specializzati nella gestione degli ospiti a Malaga. Goditi un soggiorno unico e totalmente personalizzato.","breadcrumb":{"@id":"https:\/\/www.holidaysforu.es\/it\/ospiti\/#breadcrumb"},"inLanguage":"it-IT","potentialAction":[{"@type":"ReadAction","target":["https:\/\/www.holidaysforu.es\/it\/ospiti\/"]}]},{"@type":"BreadcrumbList","@id":"https:\/\/www.holidaysforu.es\/it\/ospiti\/#breadcrumb","itemListElement":[{"@type":"ListItem","position":1,"name":"Portada","item":"https:\/\/www.holidaysforu.es\/it\/casa\/"},{"@type":"ListItem","position":2,"name":"Ospiti"}]},{"@type":"WebSite","@id":"https:\/\/www.holidaysforu.es\/it\/#website","url":"https:\/\/www.holidaysforu.es\/it\/","name":"Holidays for U","description":"","potentialAction":[{"@type":"SearchAction","target":{"@type":"EntryPoint","urlTemplate":"https:\/\/www.holidaysforu.es\/it\/?s={search_term_string}"},"query-input":{"@type":"PropertyValueSpecification","valueRequired":true,"valueName":"search_term_string"}}],"inLanguage":"it-IT"}]}},"_links":{"self":[{"href":"https:\/\/www.holidaysforu.es\/it\/wp-json\/wp\/v2\/pages\/1574","targetHints":{"allow":["GET"]}}],"collection":[{"href":"https:\/\/www.holidaysforu.es\/it\/wp-json\/wp\/v2\/pages"}],"about":[{"href":"https:\/\/www.holidaysforu.es\/it\/wp-json\/wp\/v2\/types\/page"}],"author":[{"embeddable":true,"href":"https:\/\/www.holidaysforu.es\/it\/wp-json\/wp\/v2\/users\/1"}],"replies":[{"embeddable":true,"href":"https:\/\/www.holidaysforu.es\/it\/wp-json\/wp\/v2\/comments?post=1574"}],"version-history":[{"count":5,"href":"https:\/\/www.holidaysforu.es\/it\/wp-json\/wp\/v2\/pages\/1574\/revisions"}],"predecessor-version":[{"id":2196,"href":"https:\/\/www.holidaysforu.es\/it\/wp-json\/wp\/v2\/pages\/1574\/revisions\/2196"}],"wp:attachment":[{"href":"https:\/\/www.holidaysforu.es\/it\/wp-json\/wp\/v2\/media?parent=1574"}],"curies":[{"name":"wp","href":"https:\/\/api.w.org\/{rel}","templated":true}]}}