{"id":1644,"date":"2022-09-30T13:44:00","date_gmt":"2022-09-30T11:44:00","guid":{"rendered":"https:\/\/www.holidaysforu.es\/avviso-legale\/"},"modified":"2025-05-27T07:21:31","modified_gmt":"2025-05-27T05:21:31","slug":"avviso-legale","status":"publish","type":"page","link":"https:\/\/www.holidaysforu.es\/it\/avviso-legale\/","title":{"rendered":"Avviso legale"},"content":{"rendered":"<section class=\"l-section wpb_row height_medium\"><div class=\"l-section-h i-cf\"><div class=\"g-cols vc_row via_flex valign_top type_default stacking_default\"><div class=\"vc_col-sm-12 wpb_column vc_column_container\"><div class=\"vc_column-inner\"><div class=\"wpb_wrapper\">[vc_custom_heading text=&#8221;Avviso legale&#8221; font_container=&#8221;tag:h1|text_align:left&#8221; use_theme_fonts=&#8221;yes&#8221;]<div class=\"wpb_text_column\"><div class=\"wpb_wrapper\"><p>In conformit\u00e0 con le disposizioni della Legge 34\/2002 dell \u201c11 luglio 2002 sui Servizi della Societ\u00e0 dell\u201d Informazione e del Commercio Elettronico (LSSICE), di seguito sono riportate le informazioni generali del sito web <a href=\"https:\/\/www.holidaysforu.es\/it\/\">https:\/\/www.holidaysforu.es\/<\/a>.<\/p>\n<h2>1. Entit\u00e0<\/h2>\n<p><strong>HOLIDAYSFORUMALAGA SL<\/strong><br \/>\nCIF: B56325202<br \/>\nTlf: 624 568 775<br \/>\nCALLE COPERNICO, 59 29190 M\u00e1laga<br \/>\nEmail: jesus@holidaysforu.es<\/p>\n<h2>2. Utilizzo del sito web<\/h2>\n<p>Il sito web viene offerto a scopo promozionale, informando sui diversi servizi offerti da HOLIDAYSFORUMALAGA SL, un&#8217;azienda che si occupa di fornire servizi di LISTING_SERVICES.<\/p>\n<p>HOLIDAYSFORUMALAGA SL, pu\u00f2 cessare di fornire i servizi informativi offerti su questo sito web senza alcuna comunicazione con l \u201cutente, il che non comporter\u00e0 alcun obbligo legale nei confronti dell\u201d utente o di terzi.<\/p>\n<h2>3. Privacy<\/h2>\n<p>Le informazioni che HOLIDAYSFORUMALAGA SL pu\u00f2 raccogliere dagli utenti di questo sito web saranno utilizzate esclusivamente per fornire informazioni agli interessati che ne facciano richiesta e\/o per rispondere a qualsiasi domanda che l&#8217;utente ritenga opportuna.<\/p>\n<p>Per ulteriori informazioni, consulta la nostra Informativa sulla privacy.<\/p>\n<h2>4. Collegamenti con terze parti<\/h2>\n<p>Nel caso di link a siti di terzi, l&#8217;utente sar\u00e0 disciplinato dalle Condizioni d&#8217;uso e dalla Politica sulla privacy del nuovo sito, accettando che HOLIDAYSFORUMALAGA SL, non sar\u00e0 responsabile dell&#8217;uso di tali siti.<\/p>\n<h2>5. Propriet\u00e0 intellettuale<\/h2>\n<p>HOLIDAYSFORUMALAGA SL, da sola o in qualit\u00e0 di cessionaria o licenziataria, \u00e8 titolare di tutti i diritti di propriet\u00e0 intellettuale e industriale degli elementi che compongono questo sito web e tutti i diritti sono riservati. Condotte quali la riproduzione, la distribuzione e la comunicazione pubblica, compresa la messa a disposizione di tutti o parte dei contenuti di questo sito web per scopi commerciali, sono espressamente vietate ai sensi degli articoli 8 e 21 della Legge sulla Propriet\u00e0 Intellettuale. <\/p>\n<p>L&#8217;utente del sito web pu\u00f2 in ogni caso visualizzare gli elementi e i contenuti di questo sito web e pu\u00f2 stamparli, memorizzarli e anche copiarli su qualsiasi supporto, purch\u00e9 per uso strettamente personale e privato.<\/p>\n<h2>6. Condizioni di utilizzo e responsabilit\u00e0<\/h2>\n<p>L \u201cutente del sito web di HOLIDAYSFORUMALAGA SL si impegna a utilizzare questo sito web nel rispetto della legge, del buon costume e dell\u201d ordine pubblico.<\/p>\n<p>Questi possono essere riassunti nei seguenti comportamenti da cui l&#8217;utente deve astenersi:<\/p>\n<p>Uso non autorizzato o fraudolento del sito web.<br \/>\nTentativo di accesso non autorizzato da parte del legittimo proprietario.<br \/>\nQualsiasi uso del sito web per scopi illeciti, o dannosi per terzi o con l&#8217;intenzione di danneggiare il sito e gli altri utenti.<br \/>\nProdurre qualsiasi danno ai sistemi che questo sito web pu\u00f2 avere installato per il suo funzionamento.<\/p>\n<p>Il proprietario di HOLIDAYSFORUMALAGA SL, sar\u00e0 responsabile solo dei contenuti creati e aggiunti da lui stesso, non dei link che possono essere incorporati da terzi, o di quei link esterni che reindirizzano a un altro sito web di cui non controlla la modifica.<br \/>\nIl proprietario si riserva il diritto di apportare tutte le modifiche che ritiene opportune senza preavviso, sia ai contenuti che ai servizi offerti. Inoltre, si riserva il diritto di approvare o rimuovere i contenuti aggiunti da terzi che non ritiene appropriati. <\/p>\n<h2>7. Modifiche ai Termini d&#8217;uso<\/h2>\n<p>HOLIDAYSFORUMALAGA SL si riserva il diritto di modificare le condizioni d&#8217;uso e la politica sulla privacy quando lo riterr\u00e0 opportuno. L&#8217;utente \u00e8 obbligato a rivedere il contenuto di queste condizioni d&#8217;uso, poich\u00e9 potrebbero essere modificate senza preavviso. L&#8217;utente \u00e8 inoltre consapevole e accetta tutte le clausole contenute nel presente documento. \u00c8 responsabilit\u00e0 esclusiva dell&#8217;utente prendere visione dei suddetti termini.   <\/p>\n<h2>8. Legge applicabile e giurisdizione<\/h2>\n<p>La legge applicabile in caso di controversia o conflitto di interpretazione dei termini che compongono il presente Avviso Legale, cos\u00ec come per qualsiasi questione relativa ai servizi di questo Portale, sar\u00e0 la legge spagnola.<br \/>\nPer la risoluzione di qualsiasi conflitto che possa sorgere dalla visita del Portale o dall&#8217;uso dei contenuti che possono essere pubblicati in esso, questi saranno risolti nelle Corti e nei Tribunali corrispondenti.<\/p>\n<\/div><\/div><\/div><\/div><\/div><\/div><\/div><\/section>\n","protected":false},"excerpt":{"rendered":"[vc_custom_heading text=\"Avviso legale\" font_container=\"tag:h1|text_align:left\" use_theme_fonts=\"yes\"]In conformit\u00e0 con le disposizioni della Legge 34\/2002 dell \u201c11 luglio 2002 sui Servizi della Societ\u00e0 dell\u201d Informazione e del Commercio Elettronico (LSSICE), di seguito sono riportate le informazioni generali del sito web https:\/\/www.holidaysforu.es\/. 1. Entit\u00e0 HOLIDAYSFORUMALAGA SL CIF: B56325202 Tlf: 624 568 775 CALLE COPERNICO, 59 29190 M\u00e1laga Email: jesus@holidaysforu.es...","protected":false},"author":1,"featured_media":0,"parent":0,"menu_order":0,"comment_status":"closed","ping_status":"open","template":"","meta":{"_acf_changed":false,"_joinchat":[],"footnotes":""},"class_list":["post-1644","page","type-page","status-publish","hentry"],"acf":[],"yoast_head":"<!-- This site is optimized with the Yoast SEO plugin v27.4 - https:\/\/yoast.com\/product\/yoast-seo-wordpress\/ -->\n<title>Avviso legale - Holidays for U<\/title>\n<meta name=\"robots\" content=\"noindex, follow\" \/>\n<meta property=\"og:locale\" content=\"it_IT\" \/>\n<meta property=\"og:type\" content=\"article\" \/>\n<meta property=\"og:title\" content=\"Avviso legale - Holidays for U\" \/>\n<meta property=\"og:url\" content=\"https:\/\/www.holidaysforu.es\/it\/avviso-legale\/\" \/>\n<meta property=\"og:site_name\" content=\"Holidays for U\" \/>\n<meta property=\"article:modified_time\" content=\"2025-05-27T05:21:31+00:00\" \/>\n<meta name=\"twitter:card\" content=\"summary_large_image\" \/>\n<meta name=\"twitter:label1\" content=\"Tempo di lettura stimato\" \/>\n\t<meta name=\"twitter:data1\" content=\"3 minuti\" \/>\n<!-- \/ Yoast SEO plugin. -->","yoast_head_json":{"title":"Avviso legale - Holidays for U","robots":{"index":"noindex","follow":"follow"},"og_locale":"it_IT","og_type":"article","og_title":"Avviso legale - Holidays for U","og_url":"https:\/\/www.holidaysforu.es\/it\/avviso-legale\/","og_site_name":"Holidays for U","article_modified_time":"2025-05-27T05:21:31+00:00","twitter_card":"summary_large_image","twitter_misc":{"Tempo di lettura stimato":"3 minuti"},"schema":{"@context":"https:\/\/schema.org","@graph":[{"@type":"WebPage","@id":"https:\/\/www.holidaysforu.es\/it\/avviso-legale\/","url":"https:\/\/www.holidaysforu.es\/it\/avviso-legale\/","name":"Avviso legale - Holidays for U","isPartOf":{"@id":"https:\/\/www.holidaysforu.es\/it\/#website"},"datePublished":"2022-09-30T11:44:00+00:00","dateModified":"2025-05-27T05:21:31+00:00","breadcrumb":{"@id":"https:\/\/www.holidaysforu.es\/it\/avviso-legale\/#breadcrumb"},"inLanguage":"it-IT","potentialAction":[{"@type":"ReadAction","target":["https:\/\/www.holidaysforu.es\/it\/avviso-legale\/"]}]},{"@type":"BreadcrumbList","@id":"https:\/\/www.holidaysforu.es\/it\/avviso-legale\/#breadcrumb","itemListElement":[{"@type":"ListItem","position":1,"name":"Portada","item":"https:\/\/www.holidaysforu.es\/it\/casa\/"},{"@type":"ListItem","position":2,"name":"Avviso legale"}]},{"@type":"WebSite","@id":"https:\/\/www.holidaysforu.es\/it\/#website","url":"https:\/\/www.holidaysforu.es\/it\/","name":"Holidays for U","description":"","potentialAction":[{"@type":"SearchAction","target":{"@type":"EntryPoint","urlTemplate":"https:\/\/www.holidaysforu.es\/it\/?s={search_term_string}"},"query-input":{"@type":"PropertyValueSpecification","valueRequired":true,"valueName":"search_term_string"}}],"inLanguage":"it-IT"}]}},"_links":{"self":[{"href":"https:\/\/www.holidaysforu.es\/it\/wp-json\/wp\/v2\/pages\/1644","targetHints":{"allow":["GET"]}}],"collection":[{"href":"https:\/\/www.holidaysforu.es\/it\/wp-json\/wp\/v2\/pages"}],"about":[{"href":"https:\/\/www.holidaysforu.es\/it\/wp-json\/wp\/v2\/types\/page"}],"author":[{"embeddable":true,"href":"https:\/\/www.holidaysforu.es\/it\/wp-json\/wp\/v2\/users\/1"}],"replies":[{"embeddable":true,"href":"https:\/\/www.holidaysforu.es\/it\/wp-json\/wp\/v2\/comments?post=1644"}],"version-history":[{"count":2,"href":"https:\/\/www.holidaysforu.es\/it\/wp-json\/wp\/v2\/pages\/1644\/revisions"}],"predecessor-version":[{"id":1646,"href":"https:\/\/www.holidaysforu.es\/it\/wp-json\/wp\/v2\/pages\/1644\/revisions\/1646"}],"wp:attachment":[{"href":"https:\/\/www.holidaysforu.es\/it\/wp-json\/wp\/v2\/media?parent=1644"}],"curies":[{"name":"wp","href":"https:\/\/api.w.org\/{rel}","templated":true}]}}